{"id":210,"date":"2020-10-15T08:16:44","date_gmt":"2020-10-15T08:16:44","guid":{"rendered":"http:\/\/webnixinfotech.com\/?page_id=210"},"modified":"2022-06-02T16:14:27","modified_gmt":"2022-06-02T16:14:27","slug":"ath46-1958","status":"publish","type":"page","link":"https:\/\/athenaeum.unipv.it\/index.php\/ath46-1958\/","title":{"rendered":"ATH46-1958"},"content":{"rendered":"<div id=\"pl-210\"  class=\"panel-layout\" ><div id=\"pg-210-0\"  class=\"panel-grid panel-no-style\" ><div id=\"pgc-210-0-0\"  class=\"panel-grid-cell\" ><div id=\"panel-210-0-0-0\" class=\"so-panel widget widget_sow-editor panel-first-child panel-last-child\" data-index=\"0\" ><div\n\t\t\t\n\t\t\tclass=\"so-widget-sow-editor so-widget-sow-editor-base\"\n\t\t\t\n\t\t>\n<div class=\"siteorigin-widget-tinymce textwidget\">\n\t<p style=\"text-align: center;\"><strong>Indice generale di athenaeum 46 (1958)<\/strong><\/p>\n<p>&nbsp;<\/p>\n<h3 style=\"margin-left: 18.0pt; text-indent: -18.0pt;\"><span style=\"font-size: 12.0pt;\"><a name=\"art1\"><\/a>Articoli<\/span><\/h3>\n<p>ATTI DEL 2\u00b0 COLLOQUIO INTERNAZIONALE DI STUDI MINOICO-MICENEI. <em>Introduzione - Comunicazioni - Risoluzioni del Colloquio - Partecipanti al Colloquio<\/em><\/p>\n<p>E.L. BENNETT, <em>Tentative Identification of the Hands of the Scribes of the Pylos Tablets<\/em><\/p>\n<p>T.F. CARNEY, <em>Marius' Choice of the Battlefield in the Campaign of 100<\/em><\/p>\n<p>J. CHADWICK, <em>Rapport sur les questions g\u00e9nerales [Atti del 2\u00b0 Colloquio ecc.]<\/em><\/p>\n<p>P. CHANTRAINE, <em>Cons\u00e9quences du d\u00e9chiffrement du myc\u00e9nien pour la philologie hom\u00e9rique<\/em><\/p>\n<p>E. CONDURACHI, <em>La r\u00e9forme mon\u00e9taire de Polycrate<\/em><\/p>\n<p>P. DIKAIOS, <em>Sulle scoperte archeologiche di Encomi<\/em> [Cenno]<\/p>\n<p>M. DORIA, <em>Quelques probl\u00e8mes de phon\u00e9tique et nouvelle interpr\u00e9tation du signe 82<\/em> [Atti del 2\u00b0 Colloquio ecc.]<\/p>\n<p>G. FORNI, <em>Contributo alla storia della Dacia romana<\/em><\/p>\n<p>P. FRACCARO, <em>Una iscrizione di Clastidium e Augusta Placentia<\/em><\/p>\n<p>E. GABBA, <em>L'elogio di Brindisi<\/em><\/p>\n<p>C. GALLAVOTTI, <em>Le nom du cheval et les labiov\u00e9laires en myc\u00e9nien<\/em><\/p>\n<p>VL. GEORGIEV, <em>L'origine de l'\u00e9criture Cr\u00e9toise<\/em><\/p>\n<p>O. LANDAU, <em>Mykenisch\u2011griechische Personennamen<\/em> [Cenno]<\/p>\n<p>E. MALCOVATI, <em>La tradizione del Brutus e il nuovo frammento cremonese<\/em><\/p>\n<p>P. MERIGGI, <em>Sullo stato del deciframento del minoico<\/em> [Cenno]<\/p>\n<p>W. MERLINGEN, <em>Deux observations concernant Pylos Tn 316<\/em><\/p>\n<p>C. MILANI, <em>Sur les textes de Pylos 1957<\/em><\/p>\n<p>A. MOMIGLIANO, <em>Per una nuova edizione della \u00abOrigo Gentis Romanae\u00bb<\/em><\/p>\n<p>L. MORETTI, <em>Sulle stationes municipiorum del Foro Romano<\/em><\/p>\n<p>H. M\u00dcHLESTEIN, <em>Interpr\u00e9tations de mots myc\u00e9niens<\/em><\/p>\n<p>H. NESSELHAUF, <em>Ein neues Fragment der Fasten von Ostia<\/em><\/p>\n<p>L.R. PALMER, <em>Luvian and Linear A<\/em><\/p>\n<p>L. POLACCO, <em>Osservazioni intorno al vaso Portland<\/em><\/p>\n<p>E. RISCH, <em>L'interpr\u00e9tation de la s\u00e9rie des tablettes caracteris\u00e9es par le mot o\u2011ka<\/em> [Atti del 2\u00b0 Colloquio ecc.]<\/p>\n<p>R. WERNER, <em>Die Quellen zur Einf\u00fchrung des Ostrakismos<\/em><\/p>\n<p>&nbsp;<\/p>\n<h3 style=\"margin-left: 18.0pt; text-indent: -18.0pt;\"><span style=\"font-size: 12.0pt;\">Recensioni<\/span><\/h3>\n<p>Liricos Griegos, <em>Elegiacos y Yambografos Arcaicos, Texto y traduction por<\/em> F.R. ADRADOS, I (A. Barigazzi)<\/p>\n<p>PINDARO, <em>Olimpicas, Texto, introd. y notas de<\/em> M. FERNANDEZ\u2011GALIANO, II ediz. (A. Barigazzi)<\/p>\n<p>SENOFANE, <em>Testimonianze e frammenti, a cura di<\/em> M. UNTERSTEINER (A. Barigazzi)<\/p>\n<p>V. EHRENBERG, <em>L'Atene di Aristofane<\/em> (A. Barigazzi)<\/p>\n<p>ARATI Phaenomena, <em>\u00e9dit\u00e9s par<\/em> J. MARTIN (A. Barigazzi)<\/p>\n<p>A. SERAFINI, <em>Studio sulla Satira di Giovenale<\/em> (P. Frassinetti)<\/p>\n<p>A. MARZULLO, <em>Le \u00abSatire Menippee\u00bb di M. Terenzio Varrone, la commedia arcaica e i \u00abSermones\u00bb<\/em> (P. Frassinetti)<\/p>\n<p>A. RONCONI, <em>Letteratura latina pagana<\/em> (P. Frassinetti)<\/p>\n<p>R. CRAHAY, <em>La litt\u00e9rature oraculaire chez H\u00e9rodote<\/em> (E. Gabba)<\/p>\n<p>E. BRAUN, <em>Die Kritik der lakedaimonischen Verfassung in den Politika des Aristoteles<\/em> (E. Gabba)<\/p>\n<p>A.H.M. JONES, <em>Athenian Democracy<\/em> (E. Gabba)<\/p>\n<p><em>The Proceedings of the African Classical Associations, No. 1, August 1958<\/em> (E. Gabba)<\/p>\n<p>D.M. PIPPIDI, <em>Contributii la istoria veche a Rom\u00eeniei<\/em> (E. Gabba)<\/p>\n<p>E. VOGT, <em>Procli Hymni<\/em> (C. Gallavotti)<\/p>\n<p><em>Actas del primer Congreso Espa\u00f1ol de Estudios Cl\u00e1sicos (aprile 1956)<\/em> (E. Malcovati)<\/p>\n<p>Rassegna di studi sallustiani: <em>C. Sallusti Crispi orationes et epistulae de Historiarum libris excerptae, a cura di<\/em> V. PALADINI; <em>Catilina y Jugurta, Testo y traducci\u00f3n por<\/em> J.M. PAB\u00d3N; A. KURFESS,<em> Appendix Sallustiana, fasc. 2, Invectivae<\/em>; R. SYME, <em>Pseudo\u2011Sallust;<\/em> T. De La A. RECIO, <em>A prop\u00f3sito de un pasaje de Salustio<\/em> <em>(B.I. X 1)<\/em> (E. Malcovati)<\/p>\n<p>JAN\u2011OLOF TJ\u00c4DER, <em>Die nichtliterarischen lateinischen<\/em> Papyri Italiens aus der Zeit 445\u2011700, <em>I\u2011II<\/em> (B. Pagnin)<\/p>\n<p>M. BOSSOLS DE CLIMENT, <em>Sintaxis latina, I\u2011II<\/em> (E. Pasoli)<\/p>\n<p>ARRIANO, <em>Periplo del Ponto Eusino, a cura di<\/em> G. MARENGHI (D.M. Pippidi)<\/p>\n<p>L. LAURENZI, <em>Sculture inedite del Museo di Coo<\/em> (L. Polacco)<\/p>\n<p>L. KOENEN, <em>Eine ptolem\u00e4ische K\u00f6nigsurkunde<\/em> (F. Sartori)<\/p>\n<p>C.C. VERMEULE, <em>A Bibliography of Applied Numismatics in the Fields of Greek and Roman Archaeology and Fine Arts<\/em> (O. Ulrich\u2011Bansa)<\/p>\n<p>G. D'ANNA, <em>Il problema della composizione dell'Eneide<\/em> (P. Venini)<\/p>\n<p>Marco Aurelio Latino, <em>a cura di <\/em>L. PEPE (P. Venini)<\/p>\n<p>E. PARATORE, <em>Storia del teatro latino<\/em> (P. Venini)<\/p>\n<p><em>La poesia religiosa romana<\/em>, <em>Testi e frammenti raccolti e tradotti da<\/em> G.B. PIGHI (P. Venini)<\/p>\n<p>&nbsp;<\/p>\n<\/div>\n<\/div><\/div><\/div><\/div><\/div>","protected":false},"excerpt":{"rendered":"<p>Indice generale di athenaeum 46 (1958) &nbsp; Articoli ATTI DEL 2\u00b0 COLLOQUIO INTERNAZIONALE DI STUDI MINOICO-MICENEI. Introduzione &#8211; Comunicazioni &#8211; Risoluzioni del Colloquio &#8211; Partecipanti al Colloquio E.L. BENNETT, Tentative Identification of the Hands of the Scribes of the Pylos Tablets T.F. CARNEY, Marius&#8217; Choice of the Battlefield in the Campaign of 100 J. CHADWICK,&hellip;&nbsp;<a href=\"https:\/\/athenaeum.unipv.it\/index.php\/ath46-1958\/\" class=\"\" rel=\"bookmark\">Leggi tutto &raquo;<span class=\"screen-reader-text\">ATH46-1958<\/span><\/a><\/p>\n","protected":false},"author":1,"featured_media":0,"parent":0,"menu_order":0,"comment_status":"closed","ping_status":"closed","template":"","meta":{"neve_meta_sidebar":"full-width","neve_meta_container":"","neve_meta_enable_content_width":"on","neve_meta_content_width":100,"neve_meta_title_alignment":"","neve_meta_author_avatar":"","neve_post_elements_order":"","neve_meta_disable_header":"","neve_meta_disable_footer":"","neve_meta_disable_title":"","_themeisle_gutenberg_block_has_review":false,"_ti_tpc_template_sync":false,"_ti_tpc_template_id":""},"acf":[],"_links":{"self":[{"href":"https:\/\/athenaeum.unipv.it\/index.php\/wp-json\/wp\/v2\/pages\/210"}],"collection":[{"href":"https:\/\/athenaeum.unipv.it\/index.php\/wp-json\/wp\/v2\/pages"}],"about":[{"href":"https:\/\/athenaeum.unipv.it\/index.php\/wp-json\/wp\/v2\/types\/page"}],"author":[{"embeddable":true,"href":"https:\/\/athenaeum.unipv.it\/index.php\/wp-json\/wp\/v2\/users\/1"}],"replies":[{"embeddable":true,"href":"https:\/\/athenaeum.unipv.it\/index.php\/wp-json\/wp\/v2\/comments?post=210"}],"version-history":[{"count":29,"href":"https:\/\/athenaeum.unipv.it\/index.php\/wp-json\/wp\/v2\/pages\/210\/revisions"}],"predecessor-version":[{"id":1745,"href":"https:\/\/athenaeum.unipv.it\/index.php\/wp-json\/wp\/v2\/pages\/210\/revisions\/1745"}],"wp:attachment":[{"href":"https:\/\/athenaeum.unipv.it\/index.php\/wp-json\/wp\/v2\/media?parent=210"}],"curies":[{"name":"wp","href":"https:\/\/api.w.org\/{rel}","templated":true}]}}