{"id":213,"date":"2020-10-15T08:18:38","date_gmt":"2020-10-15T08:18:38","guid":{"rendered":"http:\/\/webnixinfotech.com\/?page_id=213"},"modified":"2021-04-28T04:32:20","modified_gmt":"2021-04-28T04:32:20","slug":"ath47-1959","status":"publish","type":"page","link":"https:\/\/athenaeum.unipv.it\/index.php\/ath47-1959\/","title":{"rendered":"ATH47-1959"},"content":{"rendered":"<div id=\"pl-213\"  class=\"panel-layout\" ><div id=\"pg-213-0\"  class=\"panel-grid panel-no-style\" ><div id=\"pgc-213-0-0\"  class=\"panel-grid-cell\" ><div id=\"panel-213-0-0-0\" class=\"so-panel widget widget_sow-editor panel-first-child panel-last-child\" data-index=\"0\" ><div\n\t\t\t\n\t\t\tclass=\"so-widget-sow-editor so-widget-sow-editor-base\"\n\t\t\t\n\t\t>\n<div class=\"siteorigin-widget-tinymce textwidget\">\n\t<p style=\"text-align: center;\"><strong>Athenaeum<\/strong><br \/>\n<strong>Indice generale di athenaeum 47 (1959)<\/strong><\/p>\n<p>&nbsp;<\/p>\n<h3 style=\"margin-left: 18.0pt; text-indent: -18.0pt;\"><span style=\"font-size: 12.0pt;\"><a name=\"art1\"><\/a>Articoli<\/span><\/h3>\n<p><span style=\"font-family: 'Times New Roman'; font-size: 12pt; text-indent: -9pt;\">E. BADIAN, <\/span><i style=\"text-indent: -18pt; font-family: 'Times New Roman'; font-size: 12pt;\">Sulla's Cilician Command<br \/>\n<\/i><span style=\"font-family: 'Times New Roman'; font-size: 12pt; text-indent: -9pt;\">A. BARIGAZZI, <\/span><i style=\"font-family: 'Times New Roman'; font-size: 12pt; text-indent: -9pt;\">Il<\/i><span style=\"font-family: 'Times New Roman'; font-size: 12pt; text-indent: -9pt;\"> Dyscolos <\/span><i style=\"font-family: 'Times New Roman'; font-size: 12pt; text-indent: -9pt;\">di Menandro o media della solidariet\u00e0 umana la com\u00admedia della solidariet\u00e0 umana<br \/>\n<\/i><i style=\"font-size: 12pt; text-indent: -9pt;\"><span style=\"font-size: 11.0pt; font-family: 'Times New Roman';\">Bibliografia di Plinio Fraccaro<\/span><\/i><span style=\"font-size: 12.0pt; font-family: 'Times New Roman';\"> (a cura di E. GABBA)<br \/>\n<\/span><span style=\"font-family: 'Times New Roman'; font-size: 12pt; text-indent: -9pt;\">E. GABBA, <\/span><i style=\"font-family: 'Times New Roman'; font-size: 12pt; text-indent: -9pt;\">Sui senati delle citt\u00e0 siciliane nell'et\u00e0 di Verre<br \/>\n<\/i><span style=\"font-family: 'Times New Roman'; font-size: 12pt; text-indent: -9pt;\">E. MALCOVATI, <\/span><i style=\"font-family: 'Times New Roman'; font-size: 12pt; text-indent: -9pt;\">Ancora sulla tradizione del <\/i><span style=\"font-family: 'Times New Roman'; font-size: 12pt; text-indent: -9pt;\">Brutus<br \/>\n<\/span><span style=\"font-family: 'Times New Roman'; font-size: 12pt; text-indent: -9pt;\">E. MALCOVATI, <\/span><i style=\"font-family: 'Times New Roman'; font-size: 12pt; text-indent: -9pt;\">Athenaeum<br \/>\n<\/i><span style=\"font-family: 'Times New Roman'; font-size: 12pt; text-indent: -9pt;\">E. MALCOVATI, <\/span><i style=\"font-family: 'Times New Roman'; font-size: 12pt; text-indent: -9pt;\">Plinio Fraccaro. Necrologio<br \/>\n<\/i><span style=\"font-family: 'Times New Roman'; font-size: 12pt; text-indent: -9pt;\">E. MANNI, <\/span><i style=\"font-family: 'Times New Roman'; font-size: 12pt; text-indent: -9pt;\">Note di cronologia ellenistica. IX.<br \/>\n<\/i><i style=\"font-family: 'Times New Roman'; font-size: 12pt; text-indent: -9pt;\">Nuovi documenti epigrafici per la ricostruzione della lista degli arconti attici<br \/>\n<\/i><span style=\"font-family: 'Times New Roman'; font-size: 12pt; text-indent: -9pt;\">H.B. MATTINGLY, <\/span><i style=\"font-family: 'Times New Roman'; font-size: 12pt; text-indent: -9pt;\">The Terentian <\/i><span style=\"font-family: 'Times New Roman'; font-size: 12pt; text-indent: -9pt;\">Didascaliae<br \/>\n<\/span><span style=\"font-family: 'Times New Roman'; font-size: 12pt; text-indent: -9pt;\">P. MELONI, <\/span><i style=\"font-family: 'Times New Roman'; font-size: 12pt; text-indent: -9pt;\">L'associazione nel cesarato di Valeriano iuniore e di Salonino<br \/>\n<\/i><span style=\"font-family: 'Times New Roman'; font-size: 12pt; text-indent: -9pt;\">M.L. PALADINI, <\/span><i style=\"font-family: 'Times New Roman'; font-size: 12pt; text-indent: -9pt;\">Le votazioni del senato romano nell'et\u00e0 di Traiano<br \/>\n<\/i><span style=\"font-family: 'Times New Roman'; font-size: 12pt; text-indent: -9pt;\">L. POLACCO, <\/span><i style=\"font-family: 'Times New Roman'; font-size: 12pt; text-indent: -9pt;\">Roma o Alessandria? Riflessioni su un tema di storia dell' archeologia<br \/>\n<\/i><span style=\"font-family: 'Times New Roman'; font-size: 12pt; text-indent: -9pt;\">G. TIBILETTI, <\/span><i style=\"font-family: 'Times New Roman'; font-size: 12pt; text-indent: -9pt;\">Notizie su Plinio Fraccaro<br \/>\n<\/i><span style=\"font-family: 'Times New Roman'; font-size: 12pt; text-indent: -9pt;\">A. TRAINA, <\/span><i style=\"font-family: 'Times New Roman'; font-size: 12pt; text-indent: -9pt;\">Due questioni di sintassi latina: l'attrazione modale e le interrogative nel discorso indiretto<\/i><\/p>\n<h3 style=\"margin-left: 18.0pt; text-indent: -18.0pt;\"><span style=\"font-size: 12.0pt;\"><a name=\"art1\"><\/a>Recensioni<\/span><\/h3>\n<p class=\"MsoNormal\" style=\"mso-margin-top-alt: auto; mso-margin-bottom-alt: auto;\"><span style=\"font-size: 11.0pt; font-family: 'Times New Roman';\">J. ZAFIROPULO, <i>Diog\u00e8ne d'Apollonie <\/i>(V.E. Alfieri)<br \/>\n<\/span><span style=\"font-size: 11.0pt; font-family: 'Times New Roman';\">R. MONDOLFO, <i>La comprensione del soggetto umano nella antichit\u00e0 classica <\/i>(V.E. Alfieri)<br \/>\n<\/span><span style=\"font-size: 11.0pt; font-family: 'Times New Roman';\">V. DE FALCO, <i>Studi sul teatro greco<\/i> (A. Barigazzi)<br \/>\n<\/span><span style=\"font-size: 11.0pt; font-family: 'Times New Roman';\">E. BUCHNER, <i>Der Panegyrikos des Isokrates <\/i>(A. Barigazzi)<br \/>\n<\/span><span style=\"font-size: 11.0pt; font-family: 'Times New Roman';\">PLATO, <i>Gorgias<\/i>, by E.R. Dodds (A. Barigazzi)<br \/>\n<\/span><span style=\"font-size: 11.0pt; font-family: 'Times New Roman';\">A.HAURY, <i>La \"Ciris\" po\u00e8me attribu\u00e9 \u00e0 Virgile<\/i> (P. Frassinetti)<br \/>\n<\/span><span style=\"font-size: 11.0pt; font-family: 'Times New Roman';\">A.RONCONI, <i>Il verbo latino <\/i>(P. Frassinetti)<br \/>\n<\/span><span style=\"font-size: 11.0pt; font-family: 'Times New Roman';\">S.BLOMGREN, <i>Eine Echtheitsfrage bei Optatus von Mileve <\/i>(P. Frassinetti)<br \/>\n<\/span><span style=\"font-size: 11.0pt; font-family: 'Times New Roman';\">T.STEINBY, <i>Romersk Publicistik. Skriftlig Nyhetst j\u00e1nks och Opinion under Ciceros Tid <\/i>(E. Gabba)<br \/>\n<\/span><span style=\"font-size: 11.0pt; font-family: 'Times New Roman';\">H.H. SCHMITT, <i>Rom und Rhodos<\/i> (E. Gabba)<br \/>\n<\/span><i><span style=\"font-size: 11.0pt; font-family: 'Times New Roman';\">Atti del Terzo Congresso Internazionale di Epigrafia Greca e Romana <\/span><\/i><span style=\"font-size: 12.0pt; font-family: 'Times New Roman';\">(E. Gabba)<br \/>\n<\/span><span style=\"font-size: 11.0pt; font-family: 'Times New Roman';\">V. EHRENBERG, <i>Der hellenische Staat. I\u2011II<\/i> (E. Gabba)<br \/>\n<\/span><span style=\"font-size: 11.0pt; font-family: 'Times New Roman';\">R.E. SMITH, <i>Service in Post\u2011Marian Roman Army<\/i> (E. Gabba)<br \/>\n<\/span><span style=\"font-size: 11.0pt; font-family: 'Times New Roman';\">H.H. SCULLARD, <i>From the Gracchi to Nero<\/i> (E. Gabba)<br \/>\n<\/span><span style=\"font-size: 11.0pt; font-family: 'Times New Roman';\">G.B. PIGHI, <i>I ritmi e i metri della poesia latina<\/i> (A. Ghiselli)<br \/>\n<\/span><span style=\"font-size: 11.0pt; font-family: 'Times New Roman';\">J. LABARBE, <i>La loi navale de Th\u00e9mistocle<\/i> (E. Lepore)<br \/>\n<\/span><span style=\"font-size: 11.0pt; font-family: 'Times New Roman';\">E. PARIBENI, <i>Catalogo delle sculture di Cirene. Statue e rilievi di carattere religioso<\/i>(L. Polacco)<br \/>\n<\/span><span style=\"font-size: 11.0pt; font-family: 'Times New Roman';\">E. UTITZ, <i>Bemerkungen zur altgriechischen Kunsttheorie<\/i> (L. Polacco)<br \/>\n<\/span><span style=\"font-size: 11.0pt; font-family: 'Times New Roman';\">K.F. STROHEKER, <i>Dionysios<\/i><i>I<\/i> (F. Sartori)<br \/>\n<\/span><span style=\"font-size: 11.0pt; font-family: 'Times New Roman';\">M. COCCIA, <i>I problemi del<\/i> De ira<i> di<\/i><i>Seneca alla luce dell'analisi stilistica<\/i> (P. Venini)<br \/>\n<\/span><span style=\"font-size: 11.0pt; font-family: 'Times New Roman';\">PLAUTO, <i>Amphitruo, Casina, Curculio, Miles Gloriosus <\/i>(P. Venini)<br \/>\n<\/span><i><span style=\"font-size: 11.0pt; font-family: 'Times New Roman';\">Atti del Convegno Internazionale Ovidiano (Sulmona 1 maggio 1958) <\/span><\/i><span style=\"font-size: 11.0pt; font-family: 'Times New Roman';\">(P. Venini)<br \/>\n<\/span><span style=\"font-size: 12.0pt; font-family: 'Times New Roman';\">P. FRASSINETTI, <i>Storia della letteratura latina<\/i> (P. Venini)<\/span><\/p>\n<p class=\"MsoNormal\">\n<\/div>\n<\/div><\/div><\/div><\/div><\/div>","protected":false},"excerpt":{"rendered":"<p>Athenaeum Indice generale di athenaeum 47 (1959) &nbsp; Articoli E. BADIAN, Sulla&#8217;s Cilician Command A. BARIGAZZI, Il Dyscolos di Menandro o media della solidariet\u00e0 umana la com\u00admedia della solidariet\u00e0 umana Bibliografia di Plinio Fraccaro (a cura di E. GABBA) E. GABBA, Sui senati delle citt\u00e0 siciliane nell&#8217;et\u00e0 di Verre E. MALCOVATI, Ancora sulla tradizione del&hellip;&nbsp;<a href=\"https:\/\/athenaeum.unipv.it\/index.php\/ath47-1959\/\" class=\"\" rel=\"bookmark\">Leggi tutto &raquo;<span class=\"screen-reader-text\">ATH47-1959<\/span><\/a><\/p>\n","protected":false},"author":1,"featured_media":0,"parent":0,"menu_order":0,"comment_status":"closed","ping_status":"closed","template":"","meta":{"neve_meta_sidebar":"full-width","neve_meta_container":"","neve_meta_enable_content_width":"on","neve_meta_content_width":100,"neve_meta_title_alignment":"","neve_meta_author_avatar":"","neve_post_elements_order":"","neve_meta_disable_header":"","neve_meta_disable_footer":"","neve_meta_disable_title":"","_themeisle_gutenberg_block_has_review":false,"_ti_tpc_template_sync":false,"_ti_tpc_template_id":""},"acf":[],"_links":{"self":[{"href":"https:\/\/athenaeum.unipv.it\/index.php\/wp-json\/wp\/v2\/pages\/213"}],"collection":[{"href":"https:\/\/athenaeum.unipv.it\/index.php\/wp-json\/wp\/v2\/pages"}],"about":[{"href":"https:\/\/athenaeum.unipv.it\/index.php\/wp-json\/wp\/v2\/types\/page"}],"author":[{"embeddable":true,"href":"https:\/\/athenaeum.unipv.it\/index.php\/wp-json\/wp\/v2\/users\/1"}],"replies":[{"embeddable":true,"href":"https:\/\/athenaeum.unipv.it\/index.php\/wp-json\/wp\/v2\/comments?post=213"}],"version-history":[{"count":32,"href":"https:\/\/athenaeum.unipv.it\/index.php\/wp-json\/wp\/v2\/pages\/213\/revisions"}],"predecessor-version":[{"id":920,"href":"https:\/\/athenaeum.unipv.it\/index.php\/wp-json\/wp\/v2\/pages\/213\/revisions\/920"}],"wp:attachment":[{"href":"https:\/\/athenaeum.unipv.it\/index.php\/wp-json\/wp\/v2\/media?parent=213"}],"curies":[{"name":"wp","href":"https:\/\/api.w.org\/{rel}","templated":true}]}}