{"id":222,"date":"2020-10-21T10:46:01","date_gmt":"2020-10-21T10:46:01","guid":{"rendered":"http:\/\/webnixinfotech.com\/?page_id=222"},"modified":"2021-05-06T16:59:20","modified_gmt":"2021-05-06T16:59:20","slug":"ath46-1960","status":"publish","type":"page","link":"https:\/\/athenaeum.unipv.it\/index.php\/ath46-1960\/","title":{"rendered":"ATH46-1960"},"content":{"rendered":"<div id=\"pl-222\"  class=\"panel-layout\" ><div id=\"pg-222-0\"  class=\"panel-grid panel-no-style\" ><div id=\"pgc-222-0-0\"  class=\"panel-grid-cell\" ><div id=\"panel-222-0-0-0\" class=\"so-panel widget widget_sow-editor panel-first-child panel-last-child\" data-index=\"0\" ><div\n\t\t\t\n\t\t\tclass=\"so-widget-sow-editor so-widget-sow-editor-base\"\n\t\t\t\n\t\t>\n<div class=\"siteorigin-widget-tinymce textwidget\">\n\t<p style=\"text-align: center;\"><strong>Indice generale di athenaeum 48 (1960)<\/strong><\/p>\n<p>&nbsp;<\/p>\n<h3 style=\"margin-left: 18.0pt; text-indent: -18.0pt;\"><span style=\"font-size: 12.0pt;\"><a name=\"art1\"><\/a>Articoli<\/span><\/h3>\n<p class=\"MsoNormal\" style=\"mso-margin-top-alt: auto; mso-margin-bottom-alt: auto; text-align: justify; tab-stops: 24.75pt right 523.45pt;\"><span style=\"font-size: 12.0pt; font-family: 'Times New Roman';\">W. BERINGER, <i>Die urspr\u00fcngliche Bedeutung von<\/i> doulosyn\u0113n\/-s anechesthai<\/span> <i><span style=\"font-size: 12.0pt; font-family: 'Times New Roman';\">in Odyssee 22, 423<br \/>\n<\/span><\/i><span style=\"font-size: 12.0pt; font-family: 'Times New Roman';\">M. BIZZARRI - G. FORNI, <i>Diploma militare del 306 d. C. rilasciato a un pretoriano di origine italiana<br \/>\n<\/i><\/span><span style=\"font-size: 12.0pt; font-family: 'Times New Roman';\">O. CARRUBA, <i>Studi sul verbo lidio<br \/>\n<\/i><\/span><span style=\"font-size: 12.0pt; font-family: 'Times New Roman';\">D.C. EARL, <i>Calpurnii Pisones in the Second Century b.C.<br \/>\n<\/i><\/span><span style=\"font-size: 12.0pt; font-family: 'Times New Roman';\">P. FRASSINETTI, Cruces<i> apuleiane (Metamorfosi)<br \/>\n<\/i><\/span><span style=\"font-size: 12.0pt; font-family: 'Times New Roman';\">P. FRASSINETTI, <i>Sul <\/i>\u00abBellani Actiacum\u00bb<i> (Pap. Herc. 817)<br \/>\n<\/i><\/span><span style=\"font-size: 12.0pt; font-family: 'Times New Roman';\">E. GABBA, <i>Studi su Dionigi di Alicarnasso. I. La costituzione di Romolo<br \/>\n<\/i><\/span><span style=\"font-size: 12.0pt; font-family: 'Times New Roman';\">E. GABBA - G. TIBILETTI, <i>Una signora di Treviri sepolta a Pavia<br \/>\n<\/i><\/span><span style=\"font-size: 12.0pt; font-family: 'Times New Roman';\">ISTITUTO DI STUDI ROMANI: <i>Sul problema del latino in Italia<br \/>\n<\/i><\/span><span style=\"font-size: 12.0pt; font-family: 'Times New Roman';\">E. MALCOVATI, <i>Per una nuova edizione del<\/i> Brutus<br \/>\n<\/span><span style=\"font-size: 12.0pt; font-family: 'Times New Roman';\">L. MORETTI, <i>Sulle didascalie del teatro attico rinvenute a Roma<\/i><br \/>\n<\/span><span style=\"font-size: 12.0pt; font-family: 'Times New Roman';\">E. PASOLI, <i>Retractata<br \/>\n<\/i><\/span><span style=\"font-size: 12.0pt; font-family: 'Times New Roman';\">C. SALETTI, <i>Un'epigrafe funeraria a Pavia<br \/>\n<\/i><\/span><span style=\"font-size: 12.0pt; font-family: 'Times New Roman';\">C. SALETTI, <i>Il Kouros Pisoni<br \/>\n<\/i><\/span><span style=\"font-size: 12.0pt; font-family: 'Times New Roman';\">N. TERZAGHI, <i>Sulla seconda edizione delle<\/i> Georgiche<br \/>\n<\/span><span style=\"font-size: 12.0pt; font-family: 'Times New Roman';\">P. VENINI, <i>La vecchiaia nel<\/i> De senectute <i>di Cicerone<\/i><\/span><\/p>\n<h3 style=\"margin-left: 18.0pt; text-indent: -18.0pt;\"><span style=\"font-size: 12.0pt;\"><a name=\"art1\"><\/a>Recensioni<\/span><\/h3>\n<p class=\"MsoNormal\" style=\"mso-margin-top-alt: auto; mso-margin-bottom-alt: auto; text-align: justify;\"><span style=\"font-size: 12.0pt; font-family: 'Times New Roman';\">LUCRETI <i>De rerum natura. Locos praecipue notabiles<\/i>, coll. et ill. H. PARATORE. Comm. instr. H. PIZZANI (V.E. Alfieri)<br \/>\n<\/span><span style=\"font-size: 12.0pt; font-family: 'Times New Roman';\">G. VALLET, <i>Rh\u00e9gion et Zancle<\/i> (A. Colombini)<br \/>\n<\/span><i><span style=\"font-size: 12.0pt; font-family: 'Times New Roman';\">Studien zur Textgeschichte und Textkritik<\/span><\/i><span style=\"font-size: 12.0pt; font-family: 'Times New Roman';\">. Herausg. von H. DAHLMANN und R. MERKELBACH (P. Frassinetti)<br \/>\n<\/span><span style=\"font-size: 12.0pt; font-family: 'Times New Roman';\">K. QUINN, <i>The Catullan Revolution<\/i> (P. Frassinetti)<br \/>\n<\/span><span style=\"font-size: 12.0pt; font-family: 'Times New Roman';\">D.R. SHACKLETON BAILEY, <i>Towards a Text of Cicero:<\/i> Ad Atticum<i> <\/i>(P. Frassinetti)<br \/>\n<\/span><span style=\"font-size: 12.0pt; font-family: 'Times New Roman';\">G. TRAVERSARI, <i>Gli spettacoli in acqua nel teatro tardo-antico<\/i> (A. Frova)<br \/>\n<\/span><span style=\"font-size: 12.0pt; font-family: 'Times New Roman';\">G. TRAVERSARI, <i>Statue iconiche femminili cirenaiche<\/i> (A. Frova)<br \/>\n<\/span><span style=\"font-size: 12.0pt; font-family: 'Times New Roman';\">G. TRAVERSARI, <i>L'altorilievo di Afrodite a Cirene<\/i> (A. Frova)<br \/>\n<\/span><span style=\"font-size: 12.0pt; font-family: 'Times New Roman';\">A.H.J. GREENIDGE - A.M. CLAY - E.W. GRAY, <i>Sources for Roman History 133-70 B.C. <\/i>(E. Gabba)<br \/>\n<\/span><span style=\"font-size: 12.0pt; font-family: 'Times New Roman';\">H. BERVE, <i>Storia Greca<\/i>, Trad. ital. di F. CODINO (E. Gabba)<br \/>\n<\/span><span style=\"font-size: 12.0pt; font-family: 'Times New Roman';\">E. MANNI, <i>Introduzione allo studio della storia greca e romana<\/i> (E. Gabba)<br \/>\n<\/span><span style=\"font-size: 12.0pt; font-family: 'Times New Roman';\">A. BELLEZZA, Historia Augusta<i>. Parte prima: Le edizioni<\/i> (E. Gabba)<br \/>\n<\/span><span style=\"font-size: 12.0pt; font-family: 'Times New Roman';\">P. DE FRANCISCI, <i>Primordia civitatis <\/i>(E. Gabba)<br \/>\n<\/span><span style=\"font-size: 12.0pt; font-family: 'Times New Roman';\">C. PLINI CAECILI SECUNDI<i> Epistularum libri novem. Epistularum ad Traianum liber. Panegyricus. <\/i>Rec. M. SCHUSTER. Ed. tert. cur. R. HANSLIK (E. Malcovati)<br \/>\n<\/span><span style=\"font-size: 12.0pt; font-family: 'Times New Roman';\">M.T. CICERONIS <i>Cato maior de senectute<\/i>,<i> Laelius de amicitia<\/i>,<i> <\/i>Ed. P. VENINI (E. Malcovati)<br \/>\n<\/span><i><span style=\"font-size: 12.0pt; font-family: 'Times New Roman';\">Carmina ludicra Romanorum: Pervigilium Veneris, Priapea <\/span><\/i><span style=\"font-size: 12.0pt; font-family: 'Times New Roman';\">ed. E. CAZZANIGA (E. Malcovati)<br \/>\n<\/span><span style=\"font-size: 12.0pt; font-family: 'Times New Roman';\">P. VERGILI MARONIS<i> Bucolica Georgica<\/i>,<i> <\/i>recc. L. CASTIGLIONI - R. SABBADINI (E. Malcovati)<br \/>\n<\/span><span style=\"font-size: 12.0pt; font-family: 'Times New Roman';\">S\u00c9N\u00c8QUE, <i>De brevitate vitae<\/i>,<i> <\/i>Ed., intr. et comm. de P. GRIMAL (E. Malcovati)<br \/>\n<\/span><span style=\"font-size: 12.0pt; font-family: 'Times New Roman';\">TACITE, <i>Histoires<\/i> I, Ed., intr. et comm. de P. WUILLEUMIER (E. Malcovati)<br \/>\n<\/span><span style=\"font-size: 12.0pt; font-family: 'Times New Roman';\">B. BILINSKI, <i>L'antico oplite corridore di Maratona<\/i> (L. Moretti)<br \/>\n<\/span><i><span style=\"font-size: 12.0pt; font-family: 'Times New Roman';\">Spina e l'Etruria padana<\/span><\/i><span style=\"font-size: 12.0pt; font-family: 'Times New Roman';\">. <i>Atti del I Convegno di studi etruschi a cura del comitato ferrarese<\/i> (M. Ortolani)<br \/>\n<\/span><span style=\"font-size: 12.0pt; font-family: 'Times New Roman';\">G. CAPUTO,<i> Il teatro di<\/i> Sabratha<i> e l'architettura teatrale africana <\/i>(L. Polacco)<br \/>\n<\/span><span style=\"font-size: 12.0pt; font-family: 'Times New Roman';\">A. TREVOR HODGE, <i>The Woodwork of Greek Roofs (<\/i>L. Polacco)<br \/>\n<\/span><span style=\"font-size: 12.0pt; font-family: 'Times New Roman';\">G. BECATTI, <i>La colonna coclide istoriata <\/i>(L. Polacco)<br \/>\n<\/span><span style=\"font-size: 12.0pt; font-family: 'Times New Roman';\">I\u014cANNOU N. TRALOU, <i style=\"mso-bidi-font-style: normal;\">Poleodomik\u0113 exelixis t\u014dn proistorik\u014dn chronon mechri t\u014dn arch\u014dn tou 19ou ai\u014dnos<br \/>\n<\/i><\/span><span style=\"font-size: 12.0pt; font-family: 'Times New Roman';\">\u00c9. DELEBECQUE, <i>T\u00e9l\u00e9maque et la structure de l'Odyss\u00e9e<\/i> (F. Sartori)<br \/>\n<\/span><i><span style=\"font-size: 12.0pt; font-family: 'Times New Roman';\">Enciclopedia Classica<\/span><\/i><span style=\"font-size: 12.0pt; font-family: 'Times New Roman';\">. Sez. I: <i>Storia e Antichit\u00e0<\/i>. Vol. III: <i>Antichit\u00e0 Greche<\/i>, a cura di C. DEL GRANDE (G. Tibiletti)<br \/>\n<\/span><span style=\"font-size: 12.0pt; font-family: 'Times New Roman';\">F. GIANCOTTI, <i>Il preludio di Lucrezio<\/i> (P. Venini)<br \/>\n<\/span><span style=\"font-size: 12.0pt; font-family: 'Times New Roman';\">J. PERRET, <i>Horace<\/i> (P. Venini)<br \/>\n<\/span><span style=\"font-size: 12.0pt; font-family: 'Times New Roman';\">F. ARNALDI - N. LASCU - G. LUGLI - A. MONTEVERDI - E. PARA\u00adTORE - R. VULPE, <i>Studi Ovidiani<\/i> (P. Venini)<\/span><\/p>\n<\/div>\n<\/div><\/div><\/div><\/div><\/div>","protected":false},"excerpt":{"rendered":"<p>Indice generale di athenaeum 48 (1960) &nbsp; Articoli W. BERINGER, Die urspr\u00fcngliche Bedeutung von doulosyn\u0113n\/-s anechesthai in Odyssee 22, 423 M. BIZZARRI &#8211; G. FORNI, Diploma militare del 306 d. C. rilasciato a un pretoriano di origine italiana O. CARRUBA, Studi sul verbo lidio D.C. EARL, Calpurnii Pisones in the Second Century b.C. P. FRASSINETTI,&hellip;&nbsp;<a href=\"https:\/\/athenaeum.unipv.it\/index.php\/ath46-1960\/\" class=\"\" rel=\"bookmark\">Leggi tutto &raquo;<span class=\"screen-reader-text\">ATH46-1960<\/span><\/a><\/p>\n","protected":false},"author":1,"featured_media":0,"parent":0,"menu_order":0,"comment_status":"closed","ping_status":"closed","template":"","meta":{"neve_meta_sidebar":"full-width","neve_meta_container":"","neve_meta_enable_content_width":"on","neve_meta_content_width":100,"neve_meta_title_alignment":"","neve_meta_author_avatar":"","neve_post_elements_order":"","neve_meta_disable_header":"","neve_meta_disable_footer":"","neve_meta_disable_title":"","_themeisle_gutenberg_block_has_review":false,"_ti_tpc_template_sync":false,"_ti_tpc_template_id":""},"acf":[],"_links":{"self":[{"href":"https:\/\/athenaeum.unipv.it\/index.php\/wp-json\/wp\/v2\/pages\/222"}],"collection":[{"href":"https:\/\/athenaeum.unipv.it\/index.php\/wp-json\/wp\/v2\/pages"}],"about":[{"href":"https:\/\/athenaeum.unipv.it\/index.php\/wp-json\/wp\/v2\/types\/page"}],"author":[{"embeddable":true,"href":"https:\/\/athenaeum.unipv.it\/index.php\/wp-json\/wp\/v2\/users\/1"}],"replies":[{"embeddable":true,"href":"https:\/\/athenaeum.unipv.it\/index.php\/wp-json\/wp\/v2\/comments?post=222"}],"version-history":[{"count":15,"href":"https:\/\/athenaeum.unipv.it\/index.php\/wp-json\/wp\/v2\/pages\/222\/revisions"}],"predecessor-version":[{"id":1325,"href":"https:\/\/athenaeum.unipv.it\/index.php\/wp-json\/wp\/v2\/pages\/222\/revisions\/1325"}],"wp:attachment":[{"href":"https:\/\/athenaeum.unipv.it\/index.php\/wp-json\/wp\/v2\/media?parent=222"}],"curies":[{"name":"wp","href":"https:\/\/api.w.org\/{rel}","templated":true}]}}