{"id":231,"date":"2020-10-22T05:47:48","date_gmt":"2020-10-22T05:47:48","guid":{"rendered":"http:\/\/webnixinfotech.com\/?page_id=231"},"modified":"2021-05-06T17:00:23","modified_gmt":"2021-05-06T17:00:23","slug":"ath46-1967","status":"publish","type":"page","link":"https:\/\/athenaeum.unipv.it\/index.php\/ath46-1967\/","title":{"rendered":"ATH46-1967"},"content":{"rendered":"<div id=\"pl-231\"  class=\"panel-layout\" ><div id=\"pg-231-0\"  class=\"panel-grid panel-no-style\" ><div id=\"pgc-231-0-0\"  class=\"panel-grid-cell\" ><div id=\"panel-231-0-0-0\" class=\"so-panel widget widget_sow-editor panel-first-child panel-last-child\" data-index=\"0\" ><div id=\"none-break\" class=\"panel-widget-style panel-widget-style-for-231-0-0-0\" ><div\n\t\t\t\n\t\t\tclass=\"so-widget-sow-editor so-widget-sow-editor-base\"\n\t\t\t\n\t\t>\n<div class=\"siteorigin-widget-tinymce textwidget\">\n\t<div class=\"Section1\">\n<p style=\"text-align: center;\"><strong>Indice generale di athenaeum 57 (1967)<\/strong><\/p>\n<p>&nbsp;<\/p>\n<h3 style=\"margin-left: 18.0pt; text-indent: -18.0pt;\"><span style=\"font-size: 12.0pt;\"><a name=\"art1\"><\/a>Articoli<\/span><\/h3>\n<p class=\"MsoNormal\" style=\"mso-margin-top-alt: auto; mso-margin-bottom-alt: auto; margin-left: 14.2pt; text-indent: -14.2pt; mso-pagination: widow-orphan;\"><span lang=\"EN-GB\" style=\"font-size: 12.0pt; font-family: 'Times New Roman'; mso-ansi-language: EN-GB;\">H. AKBAR KHAN, <i>On The art of<\/i> <i>Catullus<\/i> carm. <i>62, 39-58,<br \/>\nits Relationship to 11, 21-24 and the Probability of a Sapphic Model<\/i><\/span><\/p>\n<p class=\"MsoNormal\" style=\"mso-margin-top-alt: auto; mso-margin-bottom-alt: auto; margin-left: 14.2pt; text-indent: -14.2pt; mso-pagination: widow-orphan;\"><span lang=\"EN-GB\" style=\"font-size: 12.0pt; font-family: 'Times New Roman'; mso-ansi-language: EN-GB;\">B. BALDWIN,<i> Cover-names and Dead Victims in Juvenal<\/i><\/span><\/p>\n<p class=\"MsoNormal\" style=\"mso-margin-top-alt: auto; mso-margin-bottom-alt: auto; margin-left: 14.2pt; text-indent: -14.2pt; mso-pagination: widow-orphan;\"><span lang=\"EN-GB\" style=\"font-size: 12.0pt; font-family: 'Times New Roman'; mso-ansi-language: EN-GB;\">A. CAMERON, <i>Jamblichus at Athens<\/i><\/span><\/p>\n<p class=\"MsoNormal\" style=\"mso-margin-top-alt: auto; mso-margin-bottom-alt: auto; margin-left: 14.2pt; text-indent: -14.2pt; mso-pagination: widow-orphan;\"><span lang=\"EN-GB\" style=\"font-size: 12.0pt; font-family: 'Times New Roman'; mso-ansi-language: EN-GB;\">L. CRACCO RUGGINI, <i>Eforo nello pseudo Aristotele<\/i> OEC. <i>II<\/i>?<br \/>\n(parte II)<\/span><\/p>\n<p class=\"MsoNormal\" style=\"mso-margin-top-alt: auto; mso-margin-bottom-alt: auto; margin-left: 14.2pt; text-indent: -14.2pt; mso-pagination: widow-orphan;\"><span lang=\"EN-GB\" style=\"font-size: 12.0pt; font-family: 'Times New Roman'; mso-ansi-language: EN-GB;\">H. GUGEL, <i>Catull<\/i>, Carmen <i>8<\/i><\/span><\/p>\n<p class=\"MsoNormal\" style=\"mso-margin-top-alt: auto; mso-margin-bottom-alt: auto; margin-left: 14.2pt; text-indent: -14.2pt; mso-pagination: widow-orphan;\"><span style=\"font-size: 12.0pt; font-family: 'Times New Roman';\">F. GROSSO, <i>La<br \/>\ncarriera di Q. Aurelio Polo Terenziano<\/i><\/span><\/p>\n<p class=\"MsoNormal\" style=\"mso-margin-top-alt: auto; mso-margin-bottom-alt: auto; margin-left: 14.2pt; text-indent: -14.2pt; mso-pagination: widow-orphan;\"><span style=\"font-size: 12.0pt; font-family: 'Times New Roman';\">G. JACHMANN, <i>Lucrez<br \/>\nim Urteil des Cicero<\/i><\/span><\/p>\n<p class=\"MsoNormal\" style=\"mso-margin-top-alt: auto; mso-margin-bottom-alt: auto; margin-left: 14.2pt; text-indent: -14.2pt; mso-pagination: widow-orphan;\"><span style=\"font-size: 12.0pt; font-family: 'Times New Roman';\">U. LAFFI, <i>Il mito di<br \/>\nSilla<\/i><\/span><\/p>\n<p class=\"MsoNormal\" style=\"mso-margin-top-alt: auto; mso-margin-bottom-alt: auto; margin-left: 14.2pt; text-indent: -14.2pt; mso-pagination: widow-orphan;\"><span style=\"font-size: 12.0pt; font-family: 'Times New Roman';\">G. MAZZOLI, <i>Ancora<br \/>\nsul<\/i> maximus poetarum<\/span><\/p>\n<p class=\"MsoNormal\" style=\"mso-margin-top-alt: auto; mso-margin-bottom-alt: auto; margin-left: 14.2pt; text-indent: -14.2pt; mso-pagination: widow-orphan;\"><span style=\"font-size: 12.0pt; font-family: 'Times New Roman';\">G. MORPURGO-TAGLIABUE, <i>La<br \/>\nlinguistica<\/i> <i>di Aristotele e il XX capitolo della <\/i>Poetica<\/span><\/p>\n<p class=\"MsoNormal\" style=\"mso-margin-top-alt: auto; mso-margin-bottom-alt: auto; margin-left: 14.2pt; text-indent: -14.2pt; mso-pagination: widow-orphan;\"><span style=\"font-size: 12.0pt; font-family: 'Times New Roman';\">C. PAGLIARA, <i>Note di<br \/>\nepigrafia Salentina<\/i><\/span><\/p>\n<p class=\"MsoNormal\" style=\"mso-margin-top-alt: auto; mso-margin-bottom-alt: auto; margin-left: 14.2pt; text-indent: -14.2pt; mso-pagination: widow-orphan;\"><span style=\"font-size: 12.0pt; font-family: 'Times New Roman';\">A. PANNUCCIO, <i>Un'iscrizione<br \/>\ndi Cesare a Vibo Valentia<\/i><\/span><\/p>\n<p class=\"MsoNormal\" style=\"mso-margin-top-alt: auto; mso-margin-bottom-alt: auto; margin-left: 14.2pt; text-indent: -14.2pt; mso-pagination: widow-orphan;\"><span lang=\"EN-GB\" style=\"font-size: 12.0pt; font-family: 'Times New Roman'; mso-ansi-language: EN-GB;\">B. SHIMRON, <i>Caesar's Place in Sallust's Political Theory<\/i><\/span><\/p>\n<p class=\"MsoNormal\" style=\"mso-margin-top-alt: auto; mso-margin-bottom-alt: auto; margin-left: 14.2pt; text-indent: -14.2pt; mso-pagination: widow-orphan;\"><span style=\"font-size: 12.0pt; font-family: 'Times New Roman';\">P. TOZZI, <i>Studi su<br \/>\nEcateo di Mileto. V. La fortuna<\/i><\/span><\/p>\n<p class=\"MsoNormal\" style=\"mso-margin-top-alt: auto; mso-margin-bottom-alt: auto; margin-left: 14.2pt; text-indent: -14.2pt; mso-pagination: widow-orphan;\"><i><span style=\"font-size: 12.0pt; font-family: 'Times New Roman';\">\u00a0<\/span><\/i><\/p>\n<h3 style=\"margin-left: 18.0pt; text-indent: -18.0pt;\"><span style=\"font-size: 12.0pt;\"><a name=\"art1\"><\/a>Recensioni<\/span><\/h3>\n<p class=\"MsoNormal\" style=\"mso-margin-top-alt: auto; mso-margin-bottom-alt: auto; margin-left: 14.2pt; text-indent: -14.2pt; mso-pagination: widow-orphan;\"><i><span style=\"font-size: 12.0pt; font-family: 'Times New Roman';\">Corpus Papyrorum<br \/>\nJudaicarum<\/span><\/i><span style=\"font-size: 12.0pt; font-family: 'Times New Roman';\">,<br \/>\nvol. <\/span><span lang=\"EN-GB\" style=\"font-size: 12.0pt; font-family: 'Times New Roman'; mso-ansi-language: EN-GB;\">III, ed. by A. TCHERIKOVER, A. FUKS, M. STERN (A.<br \/>\nBarigazzi)<\/span><\/p>\n<p class=\"MsoNormal\" style=\"mso-margin-top-alt: auto; mso-margin-bottom-alt: auto; margin-left: 14.2pt; text-indent: -14.2pt; mso-pagination: widow-orphan;\"><span lang=\"EN-GB\" style=\"font-size: 12.0pt; font-family: 'Times New Roman'; mso-ansi-language: EN-GB;\">R.D. DAWE, <i>The Collation and Investigation of Manuscripts of<br \/>\nAeschylus<\/i> (A. Barigazzi)<\/span><\/p>\n<p class=\"MsoNormal\" style=\"mso-margin-top-alt: auto; mso-margin-bottom-alt: auto; margin-left: 14.2pt; text-indent: -14.2pt; mso-pagination: widow-orphan;\"><span lang=\"EN-GB\" style=\"font-size: 12.0pt; font-family: 'Times New Roman'; mso-ansi-language: EN-GB;\">B.F.W. KNOX, <i>The Heroic Temper. Studies in Sophoclean Tragedy<\/i> (A.<br \/>\nBarigazzi)<\/span><\/p>\n<p class=\"MsoNormal\" style=\"mso-margin-top-alt: auto; mso-margin-bottom-alt: auto; margin-left: 14.2pt; text-indent: -14.2pt; mso-pagination: widow-orphan;\"><span lang=\"EN-GB\" style=\"font-size: 12.0pt; font-family: 'Times New Roman'; mso-ansi-language: EN-GB;\">W. RITCHIE,<i> The Authenticity of the Rhesus of Euripides<\/i> (A.<br \/>\nBarigazzi)<\/span><\/p>\n<p class=\"MsoNormal\" style=\"mso-margin-top-alt: auto; mso-margin-bottom-alt: auto; margin-left: 14.2pt; text-indent: -14.2pt; mso-pagination: widow-orphan;\"><span lang=\"EN-GB\" style=\"font-size: 12.0pt; font-family: 'Times New Roman'; mso-ansi-language: EN-GB;\">A. SCHAEFER,<i> Menanders Dyskolos. Untersuchungen zur dramatischen<br \/>\nTechnik<\/i> (A. Barigazzi)<\/span><\/p>\n<p class=\"MsoNormal\" style=\"mso-margin-top-alt: auto; mso-margin-bottom-alt: auto; margin-left: 14.2pt; text-indent: -14.2pt; mso-pagination: widow-orphan;\"><span style=\"font-size: 12.0pt; font-family: 'Times New Roman';\">S. LUNDSROM, <i>Vermeintliche<br \/>\nGlosseme in den Tusculanen<\/i> (A. Barigazzi)<\/span><\/p>\n<p class=\"MsoNormal\" style=\"mso-margin-top-alt: auto; mso-margin-bottom-alt: auto; margin-left: 14.2pt; text-indent: -14.2pt; mso-pagination: widow-orphan;\"><i><span style=\"font-size: 12.0pt; font-family: 'Times New Roman';\">Histoire mondiale de la<br \/>\nfemme: pr\u00e9histoire et antiquit\u00e9<\/span><\/i><span style=\"font-size: 12.0pt; font-family: 'Times New Roman';\">, publi\u00e9e sous la direction de P. GRIMAL (A.<br \/>\nBernardi)<\/span><\/p>\n<p class=\"MsoNormal\" style=\"mso-margin-top-alt: auto; mso-margin-bottom-alt: auto; margin-left: 14.2pt; text-indent: -14.2pt; mso-pagination: widow-orphan;\"><span style=\"font-size: 12.0pt; font-family: 'Times New Roman';\">F. CAPOZZA, <i>Movimenti<br \/>\nservili nel mondo romano in et\u00e0 repubblicana I: dal 501 al 184 a.C. <\/i>(A.<br \/>\nBernardi)<\/span><\/p>\n<p class=\"MsoNormal\" style=\"mso-margin-top-alt: auto; mso-margin-bottom-alt: auto; margin-left: 14.2pt; text-indent: -14.2pt; mso-pagination: widow-orphan;\"><span lang=\"EN-GB\" style=\"font-size: 12.0pt; font-family: 'Times New Roman'; mso-ansi-language: EN-GB;\">N. RUDD, <i>The Satires of Horace <\/i>(D. Bo)<\/span><\/p>\n<p class=\"MsoNormal\" style=\"mso-margin-top-alt: auto; mso-margin-bottom-alt: auto; margin-left: 14.2pt; text-indent: -14.2pt; mso-pagination: widow-orphan;\"><i><span lang=\"EN-GB\" style=\"font-size: 12.0pt; font-family: 'Times New Roman'; mso-ansi-language: EN-GB;\">Proceedings of the Cambridge Colloquium on Mycenaean Studies<\/span><\/i><span lang=\"EN-GB\" style=\"font-size: 12.0pt; font-family: 'Times New Roman'; mso-ansi-language: EN-GB;\">, ed. by L.R. PALMER and J. CHADWICK (A.M. Calcagni)<\/span><\/p>\n<p class=\"MsoNormal\" style=\"mso-margin-top-alt: auto; mso-margin-bottom-alt: auto; margin-left: 14.2pt; text-indent: -14.2pt; mso-pagination: widow-orphan;\"><span lang=\"EN-GB\" style=\"font-size: 12.0pt; font-family: 'Times New Roman'; mso-ansi-language: EN-GB;\">L. ROSS TAYLOR, <i>Roman voting Assemblies from the Hannibalic War to<br \/>\nthe Dictatorship of Caesar<\/i> (F. Cassola)<\/span><\/p>\n<p class=\"MsoNormal\" style=\"mso-margin-top-alt: auto; mso-margin-bottom-alt: auto; margin-left: 14.2pt; text-indent: -14.2pt; mso-pagination: widow-orphan;\"><span lang=\"EN-GB\" style=\"font-size: 12.0pt; font-family: 'Times New Roman'; mso-ansi-language: EN-GB;\">G. THOMSON, <i>A Manual of Modern Greek<\/i> (N. Catone)<\/span><\/p>\n<p class=\"MsoNormal\" style=\"mso-margin-top-alt: auto; mso-margin-bottom-alt: auto; margin-left: 14.2pt; text-indent: -14.2pt; mso-pagination: widow-orphan;\"><span style=\"font-size: 12.0pt; font-family: 'Times New Roman';\">D.A. TROBA<\/span><span style=\"font-size: 12.0pt; font-family: Sgreek; mso-bidi-font-family: Sgreek;\">, <\/span><span style=\"font-size: 12.0pt; font-family: 'Times New Roman';\">Ais\u014dpou mythoi (N.<br \/>\nCatone)<\/span><\/p>\n<p class=\"MsoNormal\" style=\"mso-margin-top-alt: auto; mso-margin-bottom-alt: auto; margin-left: 14.2pt; text-indent: -14.2pt; mso-pagination: widow-orphan;\"><span lang=\"EN-GB\" style=\"font-size: 12.0pt; font-family: 'Times New Roman'; mso-ansi-language: EN-GB;\">R. TURCAN, <i>Les sarcophages romains \u00e0 repr\u00e9sentations dionysiaques. <\/i><\/span><i><span style=\"font-size: 12.0pt; font-family: 'Times New Roman';\">Essai de chronologie et<br \/>\nd'histoire religieuse<\/span><\/i><span style=\"font-size: 12.0pt; font-family: 'Times New Roman';\"><br \/>\n(R. Chevallier)<\/span><\/p>\n<p class=\"MsoNormal\" style=\"mso-margin-top-alt: auto; mso-margin-bottom-alt: auto; margin-left: 14.2pt; text-indent: -14.2pt; mso-pagination: widow-orphan;\"><span style=\"font-size: 12.0pt; font-family: 'Times New Roman';\">E. FEUILLATRE, <i>\u00c9tude<br \/>\nsur les \u00c9thiopiques d'H\u00e9liodore. Contribution a la connaissance du roman grec<\/i><br \/>\n(A. Colonna)<\/span><\/p>\n<p class=\"MsoNormal\" style=\"mso-margin-top-alt: auto; mso-margin-bottom-alt: auto; margin-left: 14.2pt; text-indent: -14.2pt; mso-pagination: widow-orphan;\"><span lang=\"EN-GB\" style=\"font-size: 12.0pt; font-family: 'Times New Roman'; mso-ansi-language: EN-GB;\">H.W. RITTER, <i>Diadem und K\u00f6nigsherrschaft<\/i> (C. Gatti)<\/span><\/p>\n<p class=\"MsoNormal\" style=\"mso-margin-top-alt: auto; mso-margin-bottom-alt: auto; margin-left: 14.2pt; text-indent: -14.2pt; mso-pagination: widow-orphan;\"><span lang=\"EN-GB\" style=\"font-size: 12.0pt; font-family: 'Times New Roman'; mso-ansi-language: EN-GB;\">O. CARRUBA, <i>Das Beschw\u00f6rungsritual f\u00fcr die G\u00f6ttin Wisurijanza<\/i> (L.<br \/>\nJakob-Rost)<\/span><\/p>\n<p class=\"MsoNormal\" style=\"mso-margin-top-alt: auto; mso-margin-bottom-alt: auto; margin-left: 14.2pt; text-indent: -14.2pt; mso-pagination: widow-orphan;\"><span lang=\"EN-GB\" style=\"font-size: 12.0pt; font-family: 'Times New Roman'; mso-ansi-language: EN-GB;\">W.K.C. GUTRIE, <i>A History of Greek Philosophy<\/i> (D. Lanza) <\/span><\/p>\n<p class=\"MsoNormal\" style=\"mso-margin-top-alt: auto; mso-margin-bottom-alt: auto; margin-left: 14.2pt; text-indent: -14.2pt; mso-pagination: widow-orphan;\"><span style=\"font-size: 12.0pt; font-family: 'Times New Roman';\">R. CARPENTER, <i>Discontinuity<br \/>\nin Greek Civilization<\/i> (M.A. Levi)<\/span><\/p>\n<p class=\"MsoNormal\" style=\"mso-margin-top-alt: auto; mso-margin-bottom-alt: auto; margin-left: 14.2pt; text-indent: -14.2pt; mso-pagination: widow-orphan;\"><span style=\"font-size: 12.0pt; font-family: 'Times New Roman';\">M. MAZZA, <i>Storia e<br \/>\nideologia in Livio<\/i> (M.A. Levi)<\/span><\/p>\n<p class=\"MsoNormal\" style=\"mso-margin-top-alt: auto; mso-margin-bottom-alt: auto; margin-left: 14.2pt; text-indent: -14.2pt; mso-pagination: widow-orphan;\"><span lang=\"EN-GB\" style=\"font-size: 12.0pt; font-family: 'Times New Roman'; mso-ansi-language: EN-GB;\">B. LEVICK, <i>Roman Colonies in Southern Asia Minor<\/i> (M.A. Levi) <\/span><\/p>\n<p class=\"MsoNormal\" style=\"mso-margin-top-alt: auto; mso-margin-bottom-alt: auto; margin-left: 14.2pt; text-indent: -14.2pt; mso-pagination: widow-orphan;\"><span lang=\"EN-GB\" style=\"font-size: 12.0pt; font-family: 'Times New Roman'; mso-ansi-language: EN-GB;\">W.H. MCNEILL, <i>A World History<\/i> (M.A. Levi)<\/span><\/p>\n<p class=\"MsoNormal\" style=\"mso-margin-top-alt: auto; mso-margin-bottom-alt: auto; margin-left: 14.2pt; text-indent: -14.2pt; mso-pagination: widow-orphan;\"><span style=\"font-size: 12.0pt; font-family: 'Times New Roman';\">A.H.M. JONES, <i>Sparta<\/i><br \/>\n(M.A. Levi)<\/span><\/p>\n<p class=\"MsoNormal\" style=\"mso-margin-top-alt: auto; mso-margin-bottom-alt: auto; margin-left: 14.2pt; text-indent: -14.2pt; mso-pagination: widow-orphan;\"><i><span style=\"font-size: 12.0pt; font-family: 'Times New Roman';\">Oratorum Romanorum<br \/>\nFragmenta liberae rei publicae <\/span><\/i><span style=\"font-size: 12.0pt; font-family: 'Times New Roman';\">tertiis curis ed. <\/span><span lang=\"EN-GB\" style=\"font-size: 12.0pt; font-family: 'Times New Roman'; mso-ansi-language: EN-GB;\">H.<br \/>\nMALCOVATI (E. Malcovati)<\/span><\/p>\n<p class=\"MsoNormal\" style=\"mso-margin-top-alt: auto; mso-margin-bottom-alt: auto; margin-left: 14.2pt; text-indent: -14.2pt; mso-pagination: widow-orphan;\"><i><span lang=\"EN-GB\" style=\"font-size: 12.0pt; font-family: 'Times New Roman'; mso-ansi-language: EN-GB;\">The Classical Tradition. Literary and Historical Studies in Honour of<br \/>\nHarry Caplan<\/span><\/i><span lang=\"EN-GB\" style=\"font-size: 12.0pt; font-family: 'Times New Roman'; mso-ansi-language: EN-GB;\">, ed. by L. WALLACH (S. Perlman)<\/span><\/p>\n<p class=\"MsoNormal\" style=\"mso-margin-top-alt: auto; mso-margin-bottom-alt: auto; margin-left: 14.2pt; text-indent: -14.2pt; mso-pagination: widow-orphan;\"><span style=\"font-size: 12.0pt; font-family: 'Times New Roman';\">ANASSAGORA,<i> Testimonianze<br \/>\ne frammenti<\/i>, a cura di D. LANZA (M. Vegetti)<\/span><\/p>\n<p class=\"MsoNormal\" style=\"mso-margin-top-alt: auto; mso-margin-bottom-alt: auto; margin-left: 14.2pt; text-indent: -14.2pt; mso-pagination: widow-orphan;\"><i><span style=\"font-size: 12.0pt; font-family: 'Times New Roman';\">Adnotationes criticae ad<br \/>\nCatulli carmina conscriptae<\/span><\/i><span style=\"font-size: 12.0pt; font-family: 'Times New Roman';\"> a P. OKSALA (P. Venini)<\/span><\/p>\n<p class=\"MsoNormal\" style=\"mso-margin-top-alt: auto; mso-margin-bottom-alt: auto; margin-left: 14.2pt; text-indent: -14.2pt; mso-pagination: widow-orphan;\"><span style=\"font-size: 12.0pt; font-family: 'Times New Roman';\">L. ANNAEI SENECAE <i>Tragoediae<\/i>,<br \/>\ned. I. GIARDINA (P. Venini)<\/span><\/p>\n<p class=\"MsoNormal\" style=\"mso-margin-top-alt: auto; mso-margin-bottom-alt: auto; margin-left: 14.2pt; text-indent: -14.2pt; mso-pagination: widow-orphan;\"><i><span style=\"font-size: 12.0pt; font-family: 'Times New Roman';\">L. Annaei Senecae<\/span><\/i><span style=\"font-size: 12.0pt; font-family: 'Times New Roman';\"> <i>operum moralium<br \/>\nconcordantia <\/i>P. GRIMAL<i> cura edita<\/i>,<i> III. De brevitate vitae<\/i><br \/>\n(P. Venini)<\/span><\/p>\n<p class=\"MsoNormal\"><span style=\"font-size: 12.0pt; font-family: 'Times New Roman';\">D.<br \/>\nBO,<i> Lexicon Horatianum<\/i> (P. Venini)<\/span><\/p>\n<\/div>\n<\/div>\n<\/div><\/div><\/div><\/div><\/div><\/div>","protected":false},"excerpt":{"rendered":"<p>Indice generale di athenaeum 57 (1967) &nbsp; Articoli H. AKBAR KHAN, On The art of Catullus carm. 62, 39-58, its Relationship to 11, 21-24 and the Probability of a Sapphic Model B. BALDWIN, Cover-names and Dead Victims in Juvenal A. CAMERON, Jamblichus at Athens L. CRACCO RUGGINI, Eforo nello pseudo Aristotele OEC. II? (parte II)&hellip;&nbsp;<a href=\"https:\/\/athenaeum.unipv.it\/index.php\/ath46-1967\/\" class=\"\" rel=\"bookmark\">Leggi tutto &raquo;<span class=\"screen-reader-text\">ATH46-1967<\/span><\/a><\/p>\n","protected":false},"author":1,"featured_media":0,"parent":0,"menu_order":0,"comment_status":"closed","ping_status":"closed","template":"","meta":{"neve_meta_sidebar":"full-width","neve_meta_container":"","neve_meta_enable_content_width":"on","neve_meta_content_width":100,"neve_meta_title_alignment":"","neve_meta_author_avatar":"","neve_post_elements_order":"","neve_meta_disable_header":"","neve_meta_disable_footer":"","neve_meta_disable_title":"","_themeisle_gutenberg_block_has_review":false,"_ti_tpc_template_sync":false,"_ti_tpc_template_id":""},"acf":[],"_links":{"self":[{"href":"https:\/\/athenaeum.unipv.it\/index.php\/wp-json\/wp\/v2\/pages\/231"}],"collection":[{"href":"https:\/\/athenaeum.unipv.it\/index.php\/wp-json\/wp\/v2\/pages"}],"about":[{"href":"https:\/\/athenaeum.unipv.it\/index.php\/wp-json\/wp\/v2\/types\/page"}],"author":[{"embeddable":true,"href":"https:\/\/athenaeum.unipv.it\/index.php\/wp-json\/wp\/v2\/users\/1"}],"replies":[{"embeddable":true,"href":"https:\/\/athenaeum.unipv.it\/index.php\/wp-json\/wp\/v2\/comments?post=231"}],"version-history":[{"count":11,"href":"https:\/\/athenaeum.unipv.it\/index.php\/wp-json\/wp\/v2\/pages\/231\/revisions"}],"predecessor-version":[{"id":1333,"href":"https:\/\/athenaeum.unipv.it\/index.php\/wp-json\/wp\/v2\/pages\/231\/revisions\/1333"}],"wp:attachment":[{"href":"https:\/\/athenaeum.unipv.it\/index.php\/wp-json\/wp\/v2\/media?parent=231"}],"curies":[{"name":"wp","href":"https:\/\/api.w.org\/{rel}","templated":true}]}}