{"id":2347,"date":"2023-05-01T15:44:36","date_gmt":"2023-05-01T15:44:36","guid":{"rendered":"https:\/\/athenaeum.unipv.it\/?page_id=2347"},"modified":"2026-01-09T12:31:42","modified_gmt":"2026-01-09T12:31:42","slug":"comitato-scientifico-internazionale","status":"publish","type":"page","link":"https:\/\/athenaeum.unipv.it\/index.php\/comitato-scientifico-internazionale\/","title":{"rendered":"Direzione e Comitato Editoriale \/ General editors and Editorial board"},"content":{"rendered":"<div id=\"pl-2347\"  class=\"panel-layout\" ><div id=\"pg-2347-0\"  class=\"panel-grid panel-no-style\" ><div id=\"pgc-2347-0-0\"  class=\"panel-grid-cell\" ><div id=\"panel-2347-0-0-0\" class=\"so-panel widget widget_sow-editor panel-first-child panel-last-child\" data-index=\"0\" ><div\n\t\t\t\n\t\t\tclass=\"so-widget-sow-editor so-widget-sow-editor-base\"\n\t\t\t\n\t\t><h3 class=\"widget-title\">DIREZIONE e COMITATO EDITORIALE \/ GENERAL EDITORS and EDITORIAL BOARD<\/h3>\n<div class=\"siteorigin-widget-tinymce textwidget\">\n\t<p>&nbsp;<\/p>\n<p>DIREZIONE \/ GENERAL EDITORS<\/p>\n<p>Dario Mantovani (Direttore responsabile \/ General editor), Coll\u00e8ge de France<\/p>\n<p>Giancarlo Mazzoli (Direttore onorario \/ Honorary editor), Universit\u00e0 di Pavia<\/p>\n<p>&nbsp;<\/p>\n<p>COMITATO EDITORIALE \/ EDITORIAL BOARD<\/p>\n<p>Alberto Canobbio, Universit\u00e0 di Pavia<\/p>\n<p>Federico Condello, Alma Mater Studiorum - Universit\u00e0 di Bologna<\/p>\n<p>Fabio Gasti, Universit\u00e0 di Pavia<\/p>\n<p>Stephen Harrison, University of Oxford \/ Corpus Christi College, Regno Unito<\/p>\n<p>Luigi Pellecchi, Universit\u00e0 di Parma<\/p>\n<p>Christoph Pieper, Leiden University, Paesi Bassi<\/p>\n<p>Elisa Romano, Universit\u00e0 di Pavia<\/p>\n<p>Denis Rousset, \u00c9cole Pratique des Hautes \u00c9tudes, Parigi, Francia<\/p>\n<p>John Scheid, Coll\u00e8ge de France<\/p>\n<p>Francesca Schironi, University of Michigan, Ann Arbor, MI, USA<\/p>\n<p>Christopher Smith, University of St Andrews, Fife, Scozia, Regno Unito<\/p>\n<p>Danielle van Mal-Maeder, Universit\u00e9 de Lausanne, Svizzera<\/p>\n<p>Cesare Zizza, Universit\u00e0 di Pavia<\/p>\n<\/div>\n<\/div><\/div><\/div><\/div><\/div>","protected":false},"excerpt":{"rendered":"<p>&nbsp; DIREZIONE \/ GENERAL EDITORS Dario Mantovani (Direttore responsabile \/ General editor), Coll\u00e8ge de France Giancarlo Mazzoli (Direttore onorario \/ Honorary editor), Universit\u00e0 di Pavia &nbsp; COMITATO EDITORIALE \/ EDITORIAL BOARD Alberto Canobbio, Universit\u00e0 di Pavia Federico Condello, Alma Mater Studiorum &#8211; Universit\u00e0 di Bologna Fabio Gasti, Universit\u00e0 di Pavia Stephen Harrison, University of Oxford&hellip;&nbsp;<a href=\"https:\/\/athenaeum.unipv.it\/index.php\/comitato-scientifico-internazionale\/\" class=\"\" rel=\"bookmark\">Leggi tutto &raquo;<span class=\"screen-reader-text\">Direzione e Comitato Editoriale \/ General editors and Editorial board<\/span><\/a><\/p>\n","protected":false},"author":4,"featured_media":0,"parent":0,"menu_order":0,"comment_status":"closed","ping_status":"closed","template":"","meta":{"neve_meta_sidebar":"full-width","neve_meta_container":"","neve_meta_enable_content_width":"on","neve_meta_content_width":100,"neve_meta_title_alignment":"","neve_meta_author_avatar":"","neve_post_elements_order":"","neve_meta_disable_header":"","neve_meta_disable_footer":"","neve_meta_disable_title":"","_themeisle_gutenberg_block_has_review":false,"_ti_tpc_template_sync":false,"_ti_tpc_template_id":""},"acf":[],"_links":{"self":[{"href":"https:\/\/athenaeum.unipv.it\/index.php\/wp-json\/wp\/v2\/pages\/2347"}],"collection":[{"href":"https:\/\/athenaeum.unipv.it\/index.php\/wp-json\/wp\/v2\/pages"}],"about":[{"href":"https:\/\/athenaeum.unipv.it\/index.php\/wp-json\/wp\/v2\/types\/page"}],"author":[{"embeddable":true,"href":"https:\/\/athenaeum.unipv.it\/index.php\/wp-json\/wp\/v2\/users\/4"}],"replies":[{"embeddable":true,"href":"https:\/\/athenaeum.unipv.it\/index.php\/wp-json\/wp\/v2\/comments?post=2347"}],"version-history":[{"count":11,"href":"https:\/\/athenaeum.unipv.it\/index.php\/wp-json\/wp\/v2\/pages\/2347\/revisions"}],"predecessor-version":[{"id":2785,"href":"https:\/\/athenaeum.unipv.it\/index.php\/wp-json\/wp\/v2\/pages\/2347\/revisions\/2785"}],"wp:attachment":[{"href":"https:\/\/athenaeum.unipv.it\/index.php\/wp-json\/wp\/v2\/media?parent=2347"}],"curies":[{"name":"wp","href":"https:\/\/api.w.org\/{rel}","templated":true}]}}