{"id":2452,"date":"2023-07-05T20:01:47","date_gmt":"2023-07-05T20:01:47","guid":{"rendered":"https:\/\/athenaeum.unipv.it\/?page_id=2452"},"modified":"2024-02-21T17:56:30","modified_gmt":"2024-02-21T17:56:30","slug":"2022-3","status":"publish","type":"page","link":"https:\/\/athenaeum.unipv.it\/index.php\/2022-3\/","title":{"rendered":"2023"},"content":{"rendered":"<div id=\"pl-2452\"  class=\"panel-layout\" ><div id=\"pg-2452-0\"  class=\"panel-grid panel-no-style\" ><div id=\"pgc-2452-0-0\"  class=\"panel-grid-cell\" ><div id=\"panel-2452-0-0-0\" class=\"so-panel widget widget_sow-editor panel-first-child panel-last-child\" data-index=\"0\" ><div id=\"none-break\" class=\"panel-widget-style panel-widget-style-for-2452-0-0-0\" ><div\n\t\t\t\n\t\t\tclass=\"so-widget-sow-editor so-widget-sow-editor-base\"\n\t\t\t\n\t\t>\n<div class=\"siteorigin-widget-tinymce textwidget\">\n\t<p style=\"margin-bottom: 0px;\" align=\"center\"><span style=\"font-size: large;\"><b>Athenaeum<br \/>\n<\/b><\/span><\/p>\n<p style=\"margin-bottom: 0px;\" align=\"center\"><b>Indice dell\u2019annata 111<\/b><\/p>\n<p style=\"margin-bottom: 0px;\" align=\"center\"><b>2023<\/b><\/p>\n<div align=\"center\">\n<table border=\"0\" width=\"75%\" cellpadding=\"0\">\n<tbody>\n<tr>\n<td width=\"15%\"><a href=\"#Anchor-Fascicol-13312\"><b>Fascicolo 1<\/b><\/a><\/td>\n<td width=\"35%\">\n<div align=\"center\">\n<p>&nbsp;<\/p>\n<table border=\"0\" cellpadding=\"0\">\n<tbody>\n<tr>\n<td><a href=\"#Anchor-Articol-21800\"><b>Articoli<\/b><\/a><\/td>\n<\/tr>\n<tr>\n<td><a href=\"#Anchor-Not-35433\"><b>Note e discussioni<\/b><\/a><\/td>\n<\/tr>\n<tr>\n<td><a href=\"#Anchor-Recension-49687\"><b>Recensioni<\/b><\/a><\/td>\n<\/tr>\n<tr>\n<td><a href=\"#Anchor-Notizi-63154\"><b>Notizie di pubblicazione<\/b><\/a><\/td>\n<\/tr>\n<\/tbody>\n<\/table>\n<p>&nbsp;<\/p>\n<\/div>\n<\/td>\n<td width=\"15%\"><a href=\"#Anchor-Fascicol-10032\"><b>Fascicolo 2<\/b><\/a><\/td>\n<td width=\"35%\">\n<table border=\"0\" cellpadding=\"0\">\n<tbody>\n<tr>\n<td><a href=\"#Anchor-Articol-24888\"><b>Articoli<\/b><\/a><\/td>\n<\/tr>\n<tr>\n<td><a href=\"#Anchor-Not-38131\"><b>Note e discussioni<\/b><\/a><\/td>\n<\/tr>\n<tr>\n<td><a href=\"#Anchor-Recension-50456\"><b>Recensioni<\/b><\/a><\/td>\n<\/tr>\n<tr>\n<td><a href=\"#Anchor-Notizi-64396\"><b>Notizie di pubblicazioni<\/b><\/a><\/td>\n<\/tr>\n<\/tbody>\n<\/table>\n<\/td>\n<\/tr>\n<\/tbody>\n<\/table>\n<p><a style=\"font-family: inherit; font-size: inherit;\" name=\"Anchor-Fascicol-13312\"><\/a><\/p>\n<\/div>\n<p style=\"text-align: center;\"><b><i><\/i><\/b><b><i>Fascicolo 1<\/i><\/b><\/p>\n<div align=\"center\">\n<p style=\"text-align: center;\"><b><i>(pubblicazione: maggio 2023)<\/i><\/b><\/p>\n<\/div>\n<p>&nbsp;<\/p>\n<div align=\"center\">\n<p><a name=\"Anchor-Articol-21800\"><\/a><\/p>\n<h3 style=\"margin-left: 18pt; text-indent: -18pt; text-align: left;\"><span style=\"font-size: 12.0pt;\">Articoli<\/span><\/h3>\n<\/div>\n<p><span class=\".Cerroni popmake-2469\">E. Cerroni, <em>Un 'convitato di pietra' in Omero. Per una semantica di <\/em>\u03b6\u1fc6\u03bb\u03bf\u03c2<em> e dei corradicali (O<\/em>d<em>. 5.118 e 7.307)<\/em> [<em>A Semantics of <\/em>\u03b6\u1fc6\u03bb\u03bf\u03c2<em> and Its Derivatives in Homer (<\/em>Od.<em> 5.118; 7.307)<\/em>]<\/span><\/p>\n<p><span class=\".Brunetti popmake-2472\">M. Brunetti, <em>The Myth of the Argonauts in Context. Literary and Figural Uses from the Antiquity to the Renaissance<\/em><\/span><\/p>\n<p><span class=\".Salvatori popmake-2475\">T. Salvatori, <em>Plato, <\/em>Philebus<em>, 46d-47a<\/em><\/span><\/p>\n<p><span class=\".Quaglia popmake-2480\">A. Quaglia, Exercitus <em>ed<\/em> exercitus urbanus. <em>Auspici di partenza e \u00abauspices analogues\u00bb (una rilettura)<\/em> [Exercitus <em>and<\/em> exercitus urbanus. <em>Auspices of Departure and \u00abauspices analogues\u00bb (A Re-Reading)<\/em>]<\/span><\/p>\n<p><span class=\".Donadio popmake-2483\">N. Donadio, <em>Elementi della <\/em>fabula<em> plautina nelle descrizioni di supplizi dell\u2019oratoria ciceroniana<\/em> [<em>Elements of Plautus\u2019 Comedies in the Descriptions of <\/em>supplicia<em> in Ciceronian Oratory<\/em>]<\/span><\/p>\n<p><span class=\".GonzalezRuizCepeda popmake-2485\">J. Gonz\u00e1lez - A. Ruiz-Guti\u00e9rrez - J.-J. Cepeda-Ocampo, Ob civis servatos<em> en un fragmento de <\/em>senatus consultum<em> hispano<\/em> [Ob civis servatos<em> in a <\/em>senatus consultum<em> from Spain<\/em>]<\/span><\/p>\n<p><span class=\".Leigh popmake-2487\">M. Leigh, <em>Juno Trains Her Chorus. <\/em><em>Statius, <\/em>Thebaid<em> 12.464-480<\/em><\/span><\/p>\n<p><span class=\".Fressura popmake-2489\">M. Fressura, <em>Euripides, <\/em>Heraclidae<em> 320 nell\u2019iscrizione sepolcrale greca TM 310010 = Ravenna, Museo Nazionale, inv. 193<\/em> [<em>Euripides, <\/em>Heraclidae<em> 320 in the Greek Epitaph TM 310010 = Ravenna, Museo Nazionale, inv. 193<\/em>]<\/span><\/p>\n<p><span class=\".Carlucci popmake-2491\">L. Carlucci - M. Galzerano, <em>Presenze lucreziane nel XII secolo. Prime ricognizioni nell\u2019<\/em>Anticlaudiano<em> di Alano di Lilla e nell\u2019<\/em>Alessandreide<em> di Gualtiero di Castiglione <\/em>[<em>Reading Lucretius in the 12th Century. <\/em><em>A Preliminary Examination by Reference to Alan of Lille\u2019s <\/em>Anticlaudianus<em> and Walter of Ch\u00e2tillon\u2019s <\/em>Alexandreis]<\/span><\/p>\n<p><span class=\".Little popmake-2493\">W.L. Little, <em>A proposito di una <\/em>vita<em> tardomedievale di Saffo <\/em>[<em>A Late-Medieval <\/em>Vita<em> of Sappho<\/em>]<\/span><\/p>\n<p>&nbsp;<\/p>\n<p><a name=\"Anchor-Not-35433\"><\/a><\/p>\n<p>&nbsp;<\/p>\n<h3 style=\"margin-left: 18.0pt; text-indent: -18.0pt;\"><span style=\"font-size: 12.0pt;\">Note e Discussioni<\/span><\/h3>\n<p><span class=\".Moreau popmake-2495\">Ph. Moreau, <em>Pseudo-Philoxenus, <\/em>CGL<em> II, p. 19, l. 1. Arvales ou arpenteurs?<\/em> [<em>Ps.-Philoxenus, <\/em>CGL<em> II, p. 19, l. 1. Arval Brethren or Land Surveyors?<\/em>]<\/span><\/p>\n<p><a name=\"Anchor-Recension-49687\"><\/a><\/p>\n<p>&nbsp;<\/p>\n<h3 style=\"margin-left: 18.0pt; text-indent: -18.0pt;\"><span style=\"font-size: 12.0pt;\">Recensioni<\/span><\/h3>\n<p>C. Ampolo - D. Erdas (ed.), Inscriptiones Segestanae<em>. Le iscrizioni greche e latine di Segesta<\/em> (A. Raggi)<\/p>\n<p>G. Baldo - L. Beltramini (a c. di), A primordio urbis. <em>Un itinerario per gli studi liviani <\/em>(V. Fabrizi)<\/p>\n<p>A. Borgna (ed.): Giustino, <em>Storie Filippiche. Florilegio da Pompeo Trogo<\/em> (E. Della Calce)<\/p>\n<p>R. Branham Bracht, <em>Inventing the Novel. <\/em><em>Bakhtin and Petronius Face to Face<\/em> (E. Calabrese)<\/p>\n<p>P. Buongiorno, <em>Il divieto di donazione fra coniugi nell\u2019esperienza giuridica romana<\/em>, I. <em>Origini e profili del dibattito giurisprudenziale fra tarda repubblica ed et\u00e0 antonina<\/em> (A. McClintock)<\/p>\n<p>M. Citroni - M. Labate - G. Rosati (a c. di), <em>Luoghi dell\u2019abitare, immaginazione letteraria e identit\u00e0 romana. Da Augusto ai Flavi<\/em> (S. Briguglio)<\/p>\n<p>S. Condorelli - M. Onorato (a c. di), Verborum violis multicoloribus<em>. Studi in onore di Giovanni Cupaiuolo<\/em> (P. Mastandrea)<\/p>\n<p>F.E. Consolino (ed.), <em>Ovid in Late Antiquity<\/em> (F. Gasti)<\/p>\n<p>A. Co\u015fkun - D. Engels (ed.), <em>Rome and the Seleukid East <\/em>(L. Boffo)<\/p>\n<p>G. Cruz Andreotti (ed.), <em>Tras los pasos de Momigliano. Centralidad y alteridad en el mundo greco-romano<\/em> (B. Rochette)<\/p>\n<p>G. D'Alessandro (ed.): Ammonio di Alessandria, <em>Frammenti<\/em> (E.S. Capra)<\/p>\n<p>S. D\u00e9mare-Lafont (ed.), <em>Debt in Ancient Mediterranean Societies. <\/em><em>A Documentary Approach. Legal Documents in Ancient Societies VII<\/em> (Ch. Gabrielli)<\/p>\n<p>G. Dimatteo, Audiatur et altera pars<em>. I discorsi doppi nelle <\/em>Declamationes minores <em>e in Calpurnio Flacco<\/em> (T. Lupo)<\/p>\n<p>R. Funari, Lectissimus pensator verborum. <em>Tre studi su Sallustio<\/em>; G. Duursma (a c. di), <em>Fonti sulla vita e fortuna<\/em> (S. Grazzini)<\/p>\n<p>F. Galgano, <em>Attivit\u00e0 normative e resistenze della pratica nell'Oriente provinciale romano. Successioni ereditarie e rapporti familiari in una lettura del manoscritto Londinese del cd. <\/em>Liber Syro-romanus (F.J. Andr\u00e9s Santos)<\/p>\n<p>F. Gasti, <em>La letteratura tardolatina. Un profilo storico (secoli III-VII d.C.)<\/em> (G. Scafoglio)<\/p>\n<p>T. Gnoli - V. Neri (a c. di), <em>Le identit\u00e0 regionali nell\u2019impero tardoantico<\/em> (M. Lubello)<\/p>\n<p>L. Graverini - L. Nicolini (ed.): Apuleio, <em>Metamorfosi<\/em>, vol. I. <em>Libri I-III<\/em> (G. La Bua)<\/p>\n<p>M.T. Griffin, <em>Politics and Philosophy at Rome. Collected Papers<\/em>, ed. by C. Balmaceda (C. L\u00e9vy)<\/p>\n<p>A. Henrichs, <em>Collected Papers<\/em>, II. <em>Greek Myth and Religion<\/em>, ed. H. Yunis\u00a0(F. Graf)<\/p>\n<p>G. La Bua, <em>Cicero and Roman Education. The Reception of the Speeches and Ancient Scholarship<\/em> (P. De Paolis)<\/p>\n<p>A. Queyrel Bottineau - M.-R. Guelfucci (sous la dir. de), <em>Conseillers et ambassadeurs dans l\u2019Antiquit\u00e9<\/em><em> (F. Gazzano)<\/em><\/p>\n<p>Th.A. Szlez\u00e1k, <em>Aufs\u00e4tze zur griechischen Literatur und Philosophie<\/em> (F. Ferrari)<\/p>\n<p>S. Zanella, La caccia fu buona<em>. Pour une histoire des fouilles \u00e0 Pomp\u00e9i de Titus \u00e0 l'Europe<\/em> (G. Del Mastro)<\/p>\n<p>&nbsp;<\/p>\n<p><a name=\"Anchor-Notizi-63154\"><\/a><\/p>\n<h3 style=\"margin-left: 18.0pt; text-indent: -18.0pt;\"><span style=\"font-size: 12.0pt;\">Notizie di Pubblicazioni<\/span><\/h3>\n<p>G. Bandini - C. Pentericci (a c. di), <em>Personaggi in scena. Il Parasitus<\/em> (M.M. Bianco)<\/p>\n<p>V. D\u2019Urso (a c. di), Viuit post proelia Magnus. <em>Commento a Lucano, <\/em>Bellum ciuile <em>VIII<\/em> (A. Casamento)<\/p>\n<p>Ch. Gray - A. Balbo - R.M.A. Marshall - C.E.W. Steel (ed.), <em>Reading Republican Oratory: Reconstructions, Contexts, Receptions<\/em> (F. Michelone)<\/p>\n<p>&nbsp;<\/p>\n<p>Pubblicazioni ricevute<a name=\"Anchor-Fascicol-10032\"><\/a><\/p>\n<p>&nbsp;<\/p>\n<p>&nbsp;<\/p>\n<p align=\"center\"><b><i><span style=\"font-size: 11.0pt;\">Fascicolo 2<\/span><\/i><\/b><\/p>\n<p align=\"center\"><b><i><span style=\"font-size: 11.0pt;\">(pubblicazione: )<\/span><\/i><\/b><\/p>\n<p><a name=\"Anchor-Articol-24888\"><\/a><\/p>\n<h3 style=\"margin-left: 18pt; text-indent: -18pt; text-align: left;\"><span style=\"font-size: 12.0pt;\">Articoli<\/span><\/h3>\n<p><span class=\".Bettini* popmake-2529\">M. Bettini, <em>La molteplicit\u00e0 delle lingue: maledizione di Babele o dono di Hermes?<\/em> [<em>Curse of Babel or Gift of Hermes? The Multiplicity of Languages<\/em>]<\/span><\/p>\n<p><span class=\".Libran* popmake-2532\">M. Libr\u00e1n Moreno, <em>Arist. <\/em>Ra.<em> 928-929. \u00bfUn testimonio de <\/em>Memn\u00f3n<em> de Esquilo?<\/em> [<em>Arist. <\/em>Ra.<em> 928-929. A Testimonium in Relation to Aeschylus\u2019s <\/em>Memnon<em>?<\/em>]<\/span><\/p>\n<p><span class=\".Liubimova* popmake-2534\">O.V. Liubimova, Calvus ex Nanneianis<em> Revisited. Licinius Calvus or Licinius Crassus?<\/em><\/span><\/p>\n<p><span class=\".Sisani* popmake-2538\">S. Sisani, <em>Tabula Heracleensis Latina<\/em><\/span><\/p>\n<p><span class=\".Cristea* popmake-2540\">G.B. Cristea, <em>Representations of Foreign Women in Late Roman Republican Literature. Redressing the Balance as an Act of Reading<\/em><\/span><\/p>\n<p><span class=\".Herrera* popmake-2542\">J. Herrera Rando, <em>La difusi\u00f3n del h\u00e1bito epigr\u00e1fico funerario en contextos ind\u00edgenas de la<\/em> <em>provincia<\/em> Baetica [<em>On the Expansion of the Funerary Epigraphic Habit in Indigenous Contexts in the Province of<\/em> Baetica]<\/span><\/p>\n<p><span class=\".Sastre* popmake-2544\">I. Sastre, <em>Kinship and Hospitality as Aristocratic Power Strategies in Hispania. On \u00abIndigenous Organisational Units\u00bb<\/em><\/span><\/p>\n<p><span class=\".Carracedo* popmake-2546\">J. Carracedo-Fraga, <em>Materiales del <\/em>Ars grammatica<em> de Juli\u00e1n de Toledo en el c\u00f3dice Paris BnF Lat. 7530<\/em> [<em>Materials from Julian of Toledo's <\/em>Ars grammatica<em> in the codex Paris BnF Lat. 7530<\/em>]<\/span><\/p>\n<p>&nbsp;<\/p>\n<p><a name=\"Anchor-Not-38131\"><\/a><\/p>\n<h3 style=\"margin-left: 1.0cm; text-indent: -1.0cm;\"><span style=\"font-size: 12.0pt;\">Note e Discussioni<\/span><\/h3>\n<p><span class=\".Malaspina* popmake-2549\">E. Malaspina, <em>La <\/em>prima forma<em> della <\/em>philosophia<em> secondo Varrone (una congettura a Cic. <\/em>ac.<em> 1.33) <\/em>[<em>The <\/em>prima forma<em> of <\/em>philosophia<em> according to Varro (A Conjecture to Cic. <\/em>ac.<em> 1.33)<\/em>]<\/span><\/p>\n<p><span class=\".Tasso* popmake-2552\">M. Tasso, <em>Catilina<\/em> infelix <em>(Aug.<\/em> civ. <em>2.23.1). Fra Sallustio e Virgilio<\/em> [<em>Catilina<\/em> infelix <em>(Aug.<\/em> civ. <em>2.23.1). Between Sallust and Vergil<\/em>]<\/span><\/p>\n<p><a name=\"Anchor-Recension-50456\"><\/a><\/p>\n<p>&nbsp;<\/p>\n<h3 style=\"margin-left: 1.0cm; text-indent: -1.0cm;\"><span style=\"font-size: 12.0pt;\">Recensioni<\/span><\/h3>\n<p>S. Audano (ed.): Tacito, <em>Germania<\/em> (F. Giannotti)<\/p>\n<p>N.J. Baker-Brian - Sh. Tougher (eds.), <em>The Sons of Constantine, AD 337-361. <\/em><em>In the Shadows of Constantine and Julian<\/em> (R. Viccione)<\/p>\n<p>E. Bianchi - C. Pelloso (ed.), <em>Roma e l'Italia tirrenica. Magistrature e ordinamenti istituzionali nei secoli V e IV a.C.<\/em> (L. Cappelletti)<\/p>\n<p>M.M. Bianco (ed.): Plauto, <em>Menecmi<\/em> (F. Mencacci)<\/p>\n<p>L. Capogrossi Colognesi, <em>Come si diventa Romani. L\u2019espansione del potere romano in Italia. Strumenti istituzionali e logiche politiche<\/em> (A. Marcone)<\/p>\n<p>N. Criniti, <em>Grand Tour a Veleia: dalla <\/em>Tabula Alimentaria<em> all\u2019<\/em>ager Veleias (P.L. Dall'Aglio)<\/p>\n<p>D. Garribba, <em>La Giudea di Ges\u00f9. Dalla morte di Erode il Grande alla fine del regno di Agrippa I (4 a.C. - 44 d.C.)<\/em> (M. Girardin)<\/p>\n<p>F. Gasti (ed.): Magno Felice Ennodio,<em> La piena del Po (<\/em>carm<em>. 1,5 H.)<\/em> (F. Lubian)<\/p>\n<p>\u00c9. Gavoille (sous la dir. de), <em>La lettre et l'oeuvre<\/em> (Ph. Le Doze)<\/p>\n<p>J. Hern\u00e1ndez Lobato - \u00d3. Prieto Dom\u00ednguez (ed.), <em>Literature Squared. Self-Reflexivity in Late Antique Literature<\/em> (F. Gasti)<\/p>\n<p>L. Holford-Strevens (ed.): Auli Gelli <em>Noctes Atticae<\/em>, Tomus I. <em>Praefatio et Libri I-X<\/em>; Tomus II. <em>Libri XI-XX<\/em>; L. Holford-Strevens, <em>Gelliana. A Textual Companion to the <\/em>Noctes Atticae<em> of Aulus Gellius<\/em> (S. Rocchi)<\/p>\n<p>Ch. Laes - A. Buonopane, <em>Grumentum: The Epigraphical Landscape of a Roman Town in Lucania<\/em> (A. Sansone)<\/p>\n<p>D. Lenfant (\u00e9d. par), <em>Les aventures d\u2019un pamphlet antid\u00e9mocratique. Transmission et r\u00e9ception de la <\/em>Constitution des Ath\u00e9niens<em> du Pseudo-X\u00e9nophon (V<sup>e <\/sup>si\u00e8cle avant J.-C. - XXI<sup>e <\/sup>si\u00e8cle)<\/em> (F. Roscalla)<\/p>\n<p>A. Luceri, <em>Claudiano tra scienza e <\/em>mirabilia<em>: <\/em>Hystrix<em>, <\/em>Nilus<em>,<\/em> Torpedo<em> (<\/em>carm. min.<em> 9, 28, 49)<\/em> (L. Mondin)<\/p>\n<p>G. Magnaldi (ed.): Apulei <em>Opera Philosophica<\/em> (C. Moreschini)<\/p>\n<p>A.M. Morelli (a c. di),<em> Le iscrizioni metriche del<\/em> <em>Latium Adiectum \u2013 Carmina Latina Epigraphica in Latio Adiecto Reperta<\/em> (<em>CLEiLAR<\/em>), vol. I. t. prior. <em>Inscriptiones antiquiores, ab origine usque ad II saec. p. Chr. n. insculptae<\/em> (A. Pasqualini)<\/p>\n<p>G. Moretti - B. Santorelli (a c. di),<em> Leggere e guardare. Intersezioni fra parola e immagine nella cultura latina e nella sua fortuna<\/em> (L. Floridi)<\/p>\n<p>C. Neri (ed.): Saffo, <em>Testimonianze e frammenti<\/em> (F. Montana)<\/p>\n<p>Ch. Poetsch, <em>Platons Philosophie des Bildes. Systematische Untersuchungen zur platonischen Metaphysik<\/em> (F. Ferrari)<\/p>\n<p>S. Rebenich - H.-U. Wiemer (ed.), <em>A Companion to Julian the Apostate <\/em>(A. Pellizzari)<\/p>\n<p>G. Roskam - S. Schorn (ed.), <em>Concepts of Ideal Rulership from Antiquity to the Renaissance <\/em>(A. Grillone)<\/p>\n<p>C. Salemme, <em>Contributi lucreziani<\/em> (M. Galzerano)<\/p>\n<p>M. Sommer (ed.), <em>Inter duo imperia.<\/em> <em>Palmyra between East and West <\/em>(L.J. Cases)<\/p>\n<p>E. Spangenberg Yanes (a c. di), <em>De nominibus dubiis cuius generis sint<\/em> (A. Bramanti)<\/p>\n<p>P. Terracciano (a c. di), <em>La coscienza del tempo. Il carteggio Cantimori-Momigliano<\/em> (A. Marcone)<\/p>\n<p>V. Zachari - \u00c9. Lehoux - N. Hosoi (sous la dir. de), <em>La cit\u00e9 des regards. Autour de Fran\u00e7ois Lissarrague <\/em>(F. Muscolino)<\/p>\n<p>&nbsp;<\/p>\n<p>&nbsp;<\/p>\n<h3 style=\"margin-left: 1.0cm; text-indent: -1.0cm;\"><span style=\"font-size: 12.0pt;\">Notizie di Pubblicazioni<\/span><\/h3>\n<p><a name=\"Anchor-Notizi-64396\"><\/a><\/p>\n<p>E. Biondi, <em>Erodoto e gli Sciti. Schiavit\u00f9, nomadismo e forme di dipendenza<\/em> (G.F. Chiai)<\/p>\n<p>A. Bonadeo, <em>Stazio alla moglie Claudia. Riflessioni in margine a <\/em>silv.<em> 3,5<\/em> (A. L\u00f3io)<\/p>\n<p>S. F\u00f6llinger - E. Korn (Hg.), <em>Von besten und zweitbesten Regeln. Platonische und aktuelle Perspektiven auf individuelles und staatliches Wohlergehen<\/em> (F. Ferrari)<\/p>\n<p>&nbsp;<\/p>\n<p>&nbsp;<\/p>\n<p>Pubblicazioni ricevute<\/p>\n<p>Elenco dei collaboratori dell'annata 2023<\/p>\n<p>Indice generale<\/p>\n<p>&nbsp;<\/p>\n<p>Elenco delle pubblicazioni periodiche ricevute in cambio di \u00abAthenaeum\u00bb e donate alla Biblioteca di Studi Umanistici dell'Universit\u00e0 di Pavia<\/p>\n<\/div>\n<\/div><\/div><\/div><\/div><\/div><\/div>","protected":false},"excerpt":{"rendered":"<p>Athenaeum Indice dell\u2019annata 111 2023 Fascicolo 1 &nbsp; Articoli Note e discussioni Recensioni Notizie di pubblicazione &nbsp; Fascicolo 2 Articoli Note e discussioni Recensioni Notizie di pubblicazioni Fascicolo 1 (pubblicazione: maggio 2023) &nbsp; Articoli E. Cerroni, Un &#8216;convitato di pietra&#8217; in Omero. Per una semantica di \u03b6\u1fc6\u03bb\u03bf\u03c2 e dei corradicali (Od. 5.118 e 7.307) [A&hellip;&nbsp;<a href=\"https:\/\/athenaeum.unipv.it\/index.php\/2022-3\/\" class=\"\" rel=\"bookmark\">Leggi tutto &raquo;<span class=\"screen-reader-text\">2023<\/span><\/a><\/p>\n","protected":false},"author":4,"featured_media":0,"parent":0,"menu_order":0,"comment_status":"closed","ping_status":"closed","template":"","meta":{"neve_meta_sidebar":"full-width","neve_meta_container":"","neve_meta_enable_content_width":"on","neve_meta_content_width":100,"neve_meta_title_alignment":"","neve_meta_author_avatar":"","neve_post_elements_order":"","neve_meta_disable_header":"","neve_meta_disable_footer":"","neve_meta_disable_title":"","_themeisle_gutenberg_block_has_review":false,"_ti_tpc_template_sync":false,"_ti_tpc_template_id":""},"acf":[],"_links":{"self":[{"href":"https:\/\/athenaeum.unipv.it\/index.php\/wp-json\/wp\/v2\/pages\/2452"}],"collection":[{"href":"https:\/\/athenaeum.unipv.it\/index.php\/wp-json\/wp\/v2\/pages"}],"about":[{"href":"https:\/\/athenaeum.unipv.it\/index.php\/wp-json\/wp\/v2\/types\/page"}],"author":[{"embeddable":true,"href":"https:\/\/athenaeum.unipv.it\/index.php\/wp-json\/wp\/v2\/users\/4"}],"replies":[{"embeddable":true,"href":"https:\/\/athenaeum.unipv.it\/index.php\/wp-json\/wp\/v2\/comments?post=2452"}],"version-history":[{"count":17,"href":"https:\/\/athenaeum.unipv.it\/index.php\/wp-json\/wp\/v2\/pages\/2452\/revisions"}],"predecessor-version":[{"id":2555,"href":"https:\/\/athenaeum.unipv.it\/index.php\/wp-json\/wp\/v2\/pages\/2452\/revisions\/2555"}],"wp:attachment":[{"href":"https:\/\/athenaeum.unipv.it\/index.php\/wp-json\/wp\/v2\/media?parent=2452"}],"curies":[{"name":"wp","href":"https:\/\/api.w.org\/{rel}","templated":true}]}}