{"id":2559,"date":"2024-07-13T10:48:19","date_gmt":"2024-07-13T10:48:19","guid":{"rendered":"https:\/\/athenaeum.unipv.it\/?page_id=2559"},"modified":"2025-05-18T16:22:08","modified_gmt":"2025-05-18T16:22:08","slug":"ath46-2024","status":"publish","type":"page","link":"https:\/\/athenaeum.unipv.it\/index.php\/ath46-2024\/","title":{"rendered":"2024"},"content":{"rendered":"<div id=\"pl-2559\"  class=\"panel-layout\" ><div id=\"pg-2559-0\"  class=\"panel-grid panel-no-style\" ><div id=\"pgc-2559-0-0\"  class=\"panel-grid-cell\" ><div id=\"panel-2559-0-0-0\" class=\"so-panel widget widget_sow-editor panel-first-child panel-last-child\" data-index=\"0\" ><div id=\"none-break\" class=\"panel-widget-style panel-widget-style-for-2559-0-0-0\" ><div\n\t\t\t\n\t\t\tclass=\"so-widget-sow-editor so-widget-sow-editor-base\"\n\t\t\t\n\t\t>\n<div class=\"siteorigin-widget-tinymce textwidget\">\n\t<p style=\"margin-bottom: 0px;\" align=\"center\"><span style=\"font-size: large;\"><b>Athenaeum<br \/>\n<\/b><\/span><\/p>\n<p style=\"margin-bottom: 0px;\" align=\"center\"><b>Indice dell\u2019annata 112<\/b><\/p>\n<p style=\"margin-bottom: 0px;\" align=\"center\"><b>2024<\/b><\/p>\n<div align=\"center\">\n<table border=\"0\" width=\"75%\" cellpadding=\"0\">\n<tbody>\n<tr>\n<td width=\"15%\"><a href=\"#Anchor-Fascicol-13312\"><b>Fascicolo 1<\/b><\/a><\/td>\n<td width=\"35%\">\n<div align=\"center\">\n<p>&nbsp;<\/p>\n<table style=\"width: 84.2031%;\" border=\"0\" cellpadding=\"0\">\n<tbody>\n<tr>\n<td style=\"width: 100%;\"><a href=\"#Anchor-Articol-21800\"><b>Articoli<\/b><\/a><\/td>\n<\/tr>\n<tr>\n<td style=\"width: 100%;\"><a href=\"#Anchor-Not-35433\"><b>Note e discussioni<\/b><\/a><\/td>\n<\/tr>\n<tr>\n<td style=\"width: 100%;\"><a href=\"#Anchor-Recension-49687\"><b>Recensioni<\/b><\/a><\/td>\n<\/tr>\n<tr>\n<td style=\"width: 100%;\"><a href=\"#Anchor-Notizi-63154\"><b>Notizie di pubblicazioni<\/b><\/a><\/td>\n<\/tr>\n<\/tbody>\n<\/table>\n<p>&nbsp;<\/p>\n<\/div>\n<\/td>\n<td width=\"15%\"><a href=\"#Anchor-Fascicol-10032\"><b>Fascicolo 2<\/b><\/a><\/td>\n<td width=\"35%\">\n<table border=\"0\" cellpadding=\"0\">\n<tbody>\n<tr>\n<td><a href=\"#Anchor-Articol-24888\"><b>Articoli<\/b><\/a><\/td>\n<\/tr>\n<tr>\n<td><a href=\"#Anchor-Not-38131\"><b>Note e discussioni<\/b><\/a><\/td>\n<\/tr>\n<tr>\n<td><a href=\"#Anchor-Recension-50456\"><b>Recensioni<\/b><\/a><\/td>\n<\/tr>\n<tr>\n<td><a href=\"#Anchor-Notizi-64396\"><b>Notizie di pubblicazioni<\/b><\/a><\/td>\n<\/tr>\n<\/tbody>\n<\/table>\n<\/td>\n<\/tr>\n<\/tbody>\n<\/table>\n<p><a style=\"font-family: inherit; font-size: inherit;\" name=\"Anchor-Fascicol-13312\"><\/a><\/p>\n<\/div>\n<p style=\"text-align: center;\"><b><i><\/i><\/b><b><i>Fascicolo 1<\/i><\/b><\/p>\n<div align=\"center\">\n<p style=\"text-align: center;\"><b><i>(pubblicazione: giugno 2024)<\/i><\/b><\/p>\n<\/div>\n<p>&nbsp;<\/p>\n<div align=\"center\">\n<p><a name=\"Anchor-Articol-21800\"><\/a><\/p>\n<h3 style=\"margin-left: 18pt; text-indent: -18pt; text-align: left;\"><span style=\"font-size: 12.0pt;\">Articoli<\/span><\/h3>\n<\/div>\n<p><span class=\".Vergara popmake-2621\">S. Vergara Recreo, <em>Betraying the <\/em>polis<em> and the Gods. (Ir)religious Persuasion in Lycurgus, <\/em>Against Leocrates<\/span><\/p>\n<p><span class=\".Zanin popmake-2629\">M. Zanin, L. Cassius Caeicianus<em> tra Saturnino e la guerra sociale <\/em>[<em>L. Cassius Caeicianus between Saturninus and the Social War<\/em>]<\/span><\/p>\n<p><span class=\".Habaj popmake-2631\">M. Habaj, <em>Mark Antony and the Exile of Cicero. An Attempt to Reconstruct the Political Strategy of the Young Antony and His Possible Involvement in Cicero\u2019s Exile<\/em><\/span><\/p>\n<p><span class=\".Fezzi popmake-2633\">L. Fezzi, Suffocare urbem et Italiam fame<em>? Il \u2018blocco marittimo\u2019 di Pompeo, la strategia navale del 49-48 a.C. e i limiti del Leviatano<\/em> [Suffocare urbem et Italiam fame<em>?<\/em> <em>Pompey\u2019s \u2018Sea Blockade\u2019, the Naval Strategy of 49-48 BCE and the Limits of Leviathan<\/em>]<\/span><\/p>\n<p><span class=\".Mazzoli popmake-2636\">G. Mazzoli, <em>I finali \u2018epigrammatici\u2019 delle <\/em>Lettere a Lucilio<em> di Seneca<\/em> [<em>The 'Epigrammatic' Endings of Seneca's<\/em> Letters to Lucilius]<\/span><\/p>\n<p><span class=\".Settecase popmake-2638\">M. Settecase, <em>Plut.<\/em> Alex. <em>77.4. Una congettura, un <\/em>\u03c0\u03b1\u03c1\u03ac\u03b4\u03bf\u03be\u03bf\u03bd<em> e una fonte ellenistica perduta <\/em>[<em>Plut. <\/em>Alex.<em> 77.4. A Conjecture, a <\/em>\u03c0\u03b1\u03c1\u03ac\u03b4\u03bf\u03be\u03bf\u03bd<em> and a Lost Hellenistic Source<\/em>]<\/span><\/p>\n<p><span class=\".DeNonno popmake-2640\">M. De Nonno, <em>Presenze inattese. Gaio e Ulpiano nell\u2019<\/em>Ars Prisciani [<em>Unexpected Appearances. Gaius and Ulpian in the<\/em> Ars Prisciani]<\/span><\/p>\n<p><span class=\".Varela popmake-2642\">J. Varela Rodr\u00edguez, <em>Gregorio Magno y la historia natural. Reflexiones sobre sus fuentes<\/em> [<em>Gregory the Great and Natural History. Thoughts about His Sources<\/em>]<\/span><\/p>\n<p><a name=\"Anchor-Not-35433\"><\/a><\/p>\n<p>&nbsp;<\/p>\n<h3 style=\"margin-left: 18.0pt; text-indent: -18.0pt;\"><span style=\"font-size: 12.0pt;\">Note e Discussioni<\/span><\/h3>\n<p><span class=\".Harris popmake-2645\">W.V. Harris, <em>What Does <\/em>Theaetetus <em>149d Say about Abortion?<\/em><\/span><\/p>\n<p><span class=\".Harris popmake-2647\">L. Piazzi, <em>Malattia e medicina da Epicuro a Lucrezio. Riflessioni a margine di un recente volume<\/em> [<em>Disease and Medicine from Epicurus to Lucretius. Reflections on a Recent Volume<\/em>]<\/span><\/p>\n<p><span class=\".Cecconi popmake-2649\">G.A. Cecconi, <em>Politica e fiscalit\u00e0 in et\u00e0 repubblicana. A proposito di J. France,<\/em> Tribut. Une histoire fiscale de la conqu\u00eate romaine [<em>Politics and Taxation in the Republican Age. A Discussion of J. France,<\/em> Tribut. Une histoire fiscale de la conqu\u00eate romaine]<\/span><\/p>\n<p><span class=\".Pizzotti popmake-2651\">A. Pizzotti, <em>Due note a Ps. <\/em><em>Cens. <\/em>frg.<em> 11 <\/em>[<em>Two Notes on Ps. Cens. <\/em>frg.<em> 11<\/em>]<\/span><\/p>\n<p><span class=\".Crawford popmake-2653\">M.H. Crawford, <em>The Headless <\/em>elogium<em> from Polla<\/em><\/span><\/p>\n<p><a name=\"Anchor-Recension-49687\"><\/a><\/p>\n<p>&nbsp;<\/p>\n<h3 style=\"margin-left: 18.0pt; text-indent: -18.0pt;\"><span style=\"font-size: 12.0pt;\">Recensioni<\/span><\/h3>\n<p>A. Alvar Nu\u00f1o (ed.), <em>Historiograf\u00eda de la esclavitud <\/em><em>(J.F. Stagl)<\/em><\/p>\n<p>A. Bettenworth - J. Hammerstaedt (eds.), <em>Writing Order and Emotion. Affect and the Structures of Power in Greek and Latin Authors <\/em>(D. Konstan)<\/p>\n<p>F. Bigi - I. Tantillo (a c. di), <em>Senatori romani nel Pretorio di Gortina. Le statue di Asclepiodotus e la politica di Graziano dopo Adrianopoli<\/em> (S. Lo Iacono)<\/p>\n<p>J. Briscoe, <em>Liviana. <\/em><em>Studies on Livy<\/em> (M. Petoletti)<\/p>\n<p>F. Coarelli, <em>Il Foro Romano<\/em>, III<em>. Da Augusto al tardo impero<\/em>; F. Coarelli, <em>Ostia repubblicana<\/em> (S. De Maria)<\/p>\n<p>D. De Gianni (ed.): Iuvencus, <em>Evangeliorum Liber Quartus<\/em> (P. Santorelli)<\/p>\n<p>M. Di Marco (a c. di), <em>Storia del teatro greco<\/em> (E.S. Capra)<\/p>\n<p>M.C. Encinas Reguero - J. Bilbao Ruiz (eds.), \u0398\u03ad\u03b1\u03c4\u03c1\u03bf\u03bd \u03ba\u03b1\u1f76 \u03b6\u03c9\u03ae. <em>Estudios de teatro griego en honor de la profesora Milagros Quijada Sagredo<\/em> (E.S. Capra)<\/p>\n<p>M.C. Encinas Reguero - M. Quijada Sagredo (ed. by), <em>A Tragic Rhetoric. <\/em><em>The Rhetorical Dimensions of Greek Tragedy<\/em> (E.S. Capra)<\/p>\n<p>J. Farrell, <em>Juno\u2019s <\/em>Aeneid<em>: A Battle for Heroic Identity<\/em> (S. Harrison)<\/p>\n<p>\u00c9. Gavoille (sous la dir. de), <em>Qu\u2019est-ce qu\u2019un <\/em>auctor<em>? Auteur et autorit\u00e9, du latin au fran\u00e7ais<\/em> (Ph. Le Doze)<\/p>\n<p>F. Giannotti, Scrinia Arverna<em>. Studi su Sidonio Apollinare<\/em> (S. Condorelli)<\/p>\n<p>D. Gorostidi Pi, <em>Tusculum V. Las inscripciones latinas de procedencia urbana<\/em> (G. Almagno)<\/p>\n<p>U. Laffi, <em>Nuovi studi di storia romana e di diritto<\/em> (A. Sassoli)<\/p>\n<p>F. Lambert - G. Bonnet (eds.), <em>Apollonius Dyscole et Priscien: Transmettre, traduire, interpr\u00e9ter. <\/em><em>\u00c9l\u00e9ments d'une histoire probl\u00e9matique<\/em> (M. Rosellini)<\/p>\n<p>A. La Penna, <em>La favola antica. Esopo e la sapienza degli schiavi<\/em>, a c. di G. Niccoli - S. Grazzini (P. Saggese)<\/p>\n<p>C. Letta, <em>Tra umano e divino. Forme e limiti del culto degli imperatori nel mondo romano<\/em> (A. Sassoli)<\/p>\n<p>A. Marcone, <em>Dopo il fascismo. Antonio La Penna e la questione giovanile<\/em> (L. Fezzi)<\/p>\n<p>Ch. Miglietta, <em>I <\/em>monstra<em> nel<\/em> Prodigiorum liber <em>di Giulio Ossequente. Una prospettiva interdisciplinare sulla deformit\u00e0 del corpo nella tradizione storico-letteraria latina<\/em> (P. Li Causi)<\/p>\n<p>F. Oppedisano (a c. di), <em>Procopio Antemio imperatore di Roma<\/em> (A. Sassoli)<\/p>\n<p>A. Pagliara (a c. di), <em>Antichistica italiana e leggi razziali. Atti del Convegno in occasione dell'ottantesimo anniversario del Regio Decreto Legge n. 1179 (Universit\u00e0 di Parma, 28 novembre 2018)<\/em> (F. Cannas)<\/p>\n<p>M. Palone, <em>Le <\/em>Etiopiche<em> di Eliodoro. Approcci narratologici e nuove prospettive<\/em> (G. Massimilla)<\/p>\n<p>S. Papaioannou - A. Marinis (eds), <em>Elements of Tragedy in Flavian Epic<\/em> (L. Pontiggia)<\/p>\n<p>F. Pina Polo (ed.), <em>The Triumviral Period. <\/em><em>Civil War, Political Crisis and Socioeconomic Transformations<\/em> (Ch. Gabrielli)<\/p>\n<p>O. Portuese (ed.): Orazio, <em>Odi ed Epodi. Carme secolare <\/em>(C. Longobardi)<\/p>\n<p>S. Rocchi - R. Marchionni, <em>Oltre Pompei. Graffiti e altre iscrizioni oscene dall'impero romano d'Occidente<\/em> (G. Galdi)<\/p>\n<p>P. Santorelli (ed.): Venanzio Fortunato,<em> Vita di Germano vescovo di Parigi<\/em> (P.F. Moretti)<\/p>\n<p>A. Sirchich von Kis-Sira (ed.), <em>Der <\/em>Aeneis<em>-Kommentar von Juan Luis de la<\/em><em> Cerda (1612)<\/em> (F. Verhaart)<\/p>\n<p>M. Sommer, <em>Schwarze Tage. <\/em><em>Roms Kriege gegen Karthago<\/em> (M. Bellomo)<\/p>\n<p>C. Wolff - P. Faure (\u00e9d. par), <em>Corps du chef et gardes du corps dans l'arm\u00e9e romaine<\/em> (A. Sansone)<\/p>\n<p><a name=\"Anchor-Notizi-63154\"><\/a><\/p>\n<p>&nbsp;<\/p>\n<h3 style=\"margin-left: 18.0pt; text-indent: -18.0pt;\"><span style=\"font-size: 12.0pt;\">Notizie di Pubblicazioni<\/span><\/h3>\n<p>M.L. Fele, <em>Le fonti dei<\/em> Romana <em>di Iordanes<\/em>, I.<em> Dalle origini del mondo ad Augusto (<\/em>Rom.<em> 1-257)<\/em> (M. Raimondi)<\/p>\n<p>S. von Reden (ed.), <em>The Cambridge Companion to the Ancient Greek Economy<\/em> (G. Marginesu)<\/p>\n<p>M. Requena Jim\u00e9nez, <em>Los espacios de la muerte en Roma<\/em> (N. Laubry)<\/p>\n<p>G. Scafoglio - \u00c9. Wolff (ed.): Ausone, <em>\u00c9pigrammes<\/em>, <em>Bissula<\/em>, <em>Spectacle de sept sages<\/em>; Decimi Magni Ausonii <em>Epigrammata<\/em>, <em>Bissula<\/em>, <em>Ludus septem sapientum<\/em> (M. Venuti)<\/p>\n<p>F. Sciarretta, <em>Orazio nei suoi verbi. Vocabolario delle voci verbali dell'intera opera oraziana<\/em> (R.D. Vacca)<\/p>\n<p>&nbsp;<\/p>\n<p>A. Tosques, <em>Cronaca dei lavori del Collegio di Diritto Romano 2024. \u00abLe imposte a Roma fra citt\u00e0 e impero: storia, economia e diritto (III sec. a.C. - III d.C.) <\/em>[<em>Report on the Work of the Collegium of Roman Law 2024. Taxation in Rome, from City to Empire: History, Economy, and Law (3rd century BCE - 3rd century CE)<\/em>]<\/p>\n<p>&nbsp;<\/p>\n<p>Pubblicazioni ricevute<\/p>\n<p><a name=\"Anchor-Fascicol-10032\"><\/a><\/p>\n<p align=\"center\"><b><i><span style=\"font-size: 11.0pt;\">Fascicolo 2<\/span><\/i><\/b><\/p>\n<p align=\"center\"><b><i><span style=\"font-size: 11.0pt;\">(pubblicazione: novembre 2024)<\/span><\/i><\/b><\/p>\n<p><a name=\"Anchor-Articol-24888\"><\/a><\/p>\n<h3 style=\"margin-left: 18pt; text-indent: -18pt; text-align: left;\"><span style=\"font-size: 12.0pt;\">Articoli<\/span><\/h3>\n<p><span class=\".Attinelli popmake-2656\">F. Attinelli, <em>The Justice of War in the <\/em>Pro Lege Manilia<em>. <\/em><em>Cicero\u2019s Oratorical Paradigm of <\/em>iusta causa belli<\/span><\/p>\n<p><span class=\".RodriguezHorrillo popmake-2660\">M.\u00c1. Rodr\u00edguez Horrillo, <em>Fragmentary Greek Historiography in Rome. <\/em><em>Cicero and Nepos (50s-40s BC)<\/em><\/span><\/p>\n<p><span class=\".Torzi popmake-2675\">I. Torzi, <em>Strategie di cortesia e deferenza in <\/em>Aen.<em> 11.100-130<\/em> [<em>Politeness and Deference Strategies in <\/em>Aen.<em> 11.100-130<\/em>]<\/span><\/p>\n<p><span class=\".Vassiliades popmake-2662\">G. Vassiliades, <em>Livy, Romans and the Gauls. Blurring Identity and Narrative Boundaries in the Ethnographic Digression on the \u00abGallogrecians\u00bb (Liv. 38.16-17)<\/em><\/span><\/p>\n<p><span class=\".Rouanet popmake-2664\">C. Rouanet, <em>La \u00abscience des choses divines et humaines\u00bb (<\/em>rerum divinarum humanarumque scientia<em>). Histoire s\u00e9mantique d\u2019une expression dans l\u2019Antiquit\u00e9, entre polyth\u00e9isme et monoth\u00e9isme<\/em> [<em>The \u00abScience of Divine and Human Things\u00bb (<\/em>rerum divinarum humanarumque scientia<em>). Semantic History of an Expression in Antiquity, between Polytheism and Monotheism<\/em>]<\/span><\/p>\n<p><span class=\".LeDoze popmake-2666\">Ph. Le Doze, <em>Vicissitudes du v\u00e9g\u00e9tarisme dans la Rome imp\u00e9riale<\/em> [<em>The Vicissitudes of Vegetarianism in Imperial Rome<\/em>]<\/span><\/p>\n<p><span class=\".Zellmann popmake-2668\">M. Zellmann-Rohrer - D. Mart\u00ednez-Chico, <em>A Greek Amulet from The Bay of Naples in New York<\/em><\/span><\/p>\n<p>&nbsp;<\/p>\n<p><a name=\"Anchor-Not-38131\"><\/a><\/p>\n<h3 style=\"margin-left: 1.0cm; text-indent: -1.0cm;\"><span style=\"font-size: 12.0pt;\">Note e Discussioni<\/span><\/h3>\n<p><span class=\".Mazzoli popmake-2670\">G.Mazzoli, <em>In margine alla recente edizione oxoniense del <\/em>de beneficiis<em> di Seneca<\/em> [<em>About the Recent Oxford Edition of Seneca's<\/em> de beneficiis]<\/span><\/p>\n<p><span class=\".Crawford popmake-2681\">M.H. Crawford, <em>Poggio Bracciolini and the \u2018Tabularium\u2019<\/em><\/span><\/p>\n<p>&nbsp;<\/p>\n<p><a name=\"Anchor-Recension-50456\"><\/a><\/p>\n<p><a name=\"Anchor-Recension-50456\"><\/a><\/p>\n<h3 style=\"margin-left: 1.0cm; text-indent: -1.0cm;\"><span style=\"font-size: 12.0pt;\">Recensioni<\/span><\/h3>\n<p>C. Ando - M. Formisano, <em>The New Late Antiquity. <\/em><em>A Gallery of Intellectual Portraits<\/em> (F. Gasti)<\/p>\n<p>A. Bruzzone - A. Fo - L. Piacente (a c. di), <em>Metamorfosi del classico in et\u00e0 romanobarbarica<\/em> (S. Filosini)<\/p>\n<p>A. Cohen-Skalli (textes \u00e9dit\u00e9s par), <em>Historiens et \u00e9rudits \u00e0 leur \u00e9critoire. Les oeuvres monumentales \u00e0 Rome entre R\u00e9publique et Principat<\/em> (A. Pitt\u00e0)<\/p>\n<p>G. D\u2019Angelo, <em>Civiliter vel naturaliter possidere<\/em> (D. Kremer)<\/p>\n<p>V. Dasen - M. Vespa (\u00e9d.), <em>Play and Games in Classical Antiquity. Definition, Transmission, Reception \u2013 Jouer dans l'Antiquit\u00e9 classique. <\/em><em>D\u00e9finition, Transmission, R\u00e9ception<\/em> (H. M\u00e9nard)<\/p>\n<p>M. Fattori, <em>Studi su accento e <\/em>correptio iambica<em> in Plauto<\/em> (F. Biddau)<\/p>\n<p>L. Fezzi, <em>Cesare. La giovinezza del grande condottiero<\/em> (S. Borrello)<\/p>\n<p>A. Fricke - M. Reith (Hg.), <em>Latein und Griechisch im 21. <\/em><em>Jahrhundert<\/em> (L. Orlandi)<\/p>\n<p>A. Gallo, <em>Prefetti del pretore e prefetture. L\u2019organizzazione dell\u2019agro romano in Italia (IV-I sec. a.C.<\/em>) (E. Bispham)<\/p>\n<p>D. Gallo - S. Grazzini (ed.), <em>Scholia in Iuvenalem recentiora secundum recensionem <\/em>\u03bb (C. Longobardi)<\/p>\n<p>K. Kapparis, <em>Women in the Law Courts of Classical Athens<\/em> (E. Scheid-Tissinier)<\/p>\n<p>G. Lambin, <em>Parm\u00e9nide et l'\u00e9cole d'\u00c9l\u00e9e<\/em> (M. Abbate)<\/p>\n<p>A. Lovato - A. Stramaglia - G. Traina (ed.), <em>Le <\/em>Declamazioni maggiori <em>pseudo-quintilianee nella Roma imperiale<\/em> (G. Dimatteo)<\/p>\n<p>A. Marzano, <em>Plants, Politics and Empire in Ancient Rome<\/em> (A. Marcone)<\/p>\n<p>I. Ottria, <em>Marsia e Glauco. Esegesi, riscritture e visualizzazioni di due miti ovidiani tra Medioevo e Rinascimento<\/em> (M. Fernandelli)<\/p>\n<p>G. Pascale (ed.): Temistio, <em>Orazioni <\/em>4, 5, 7 (C. Bevegni)<\/p>\n<p>M. Pelucchi,<em> Cherilo di Iaso. Testimonianze, frammenti, fortuna<\/em> (C. Franco)<\/p>\n<p>J. Prostko-Prosty\u0144ski, <em>A History of the Herules<\/em> (A. Paradzi\u0144ski)<\/p>\n<p>S. Ruprecht, <em>Unter Freunden. N\u00e4he und Distanz in sozialen Netzwerken der Sp\u00e4tantike<\/em> (C.-A. Cvetkovi\u0107)<\/p>\n<p>O. Salati, <em>Scrivere documenti nell\u2019esercito romano. L\u2019evidenza dei papiri latini d\u2019Egitto tra I e III d.C. <\/em>(W. Eck)<\/p>\n<p>A. Sansone, <em>Lucania romana. Ricerche di prosopografia e storia sociale<\/em> (J. Lampeggi)<\/p>\n<p>J. Sievers - A.-J. Levine (a c. di), <em>I Farisei<\/em> (D. Garribba)<\/p>\n<p>A. Stramaglia - M. Winterbottom - B. Santorelli (ed.): [Quintilian], <em>The Major Declamations<\/em> (R. Tabacco)<\/p>\n<p>D. Vera, <em>Fisco, annona, mercato. Studi sul tardo impero romano<\/em> (G. Bransbourg)<\/p>\n<p>&nbsp;<\/p>\n<p><a name=\"Anchor-Notizi-64396\"><\/a><\/p>\n<h3 style=\"margin-left: 1.0cm; text-indent: -1.0cm;\"><span style=\"font-size: 12.0pt;\">Notizie di Pubblicazioni<\/span><\/h3>\n<p>J. Billings, <em>The Philosophical Stage. Drama and Dialectic in Classical Athens<\/em> (F. Ferrari)<\/p>\n<p>F.E. Consolino (ed.), <em>After Ovid. Aspects of the Reception of Ovid in Literature and Iconography<\/em> (M.J. Falcone)<\/p>\n<p>A. Frizzera, <em>Roma: la sovranit\u00e0 e il modello. Le istituzioni politiche romane nel IV libro del <\/em>Contrat social<em> di Jean-Jacques Rousseau<\/em> (M.F. Merotto)<\/p>\n<p>P. Habermehl, <em>Petronius, <\/em>Satyrica<em> 79-141. Ein philologisch-literarisch Kommentar<\/em>, Band 3. Bellum Civile <em>(<\/em>Sat.<em> 119\u00ad-124)<\/em> (L. Costantini)<\/p>\n<p>E. Migliario - G. Santucci (a c. di), <em>\u00abNoi figli di Roma\u00bb. Fascismo e mito della romanit\u00e0<\/em> (R. Viccione)<\/p>\n<p>D. Vallat (\u00e9d.), Vergilius orator. <em>Lire et commenter les discours de l\u2019\u00c9n\u00e9ide dans l\u2019Antiquit\u00e9 tardive<\/em> (G.M. Masselli)<\/p>\n<p>&nbsp;<\/p>\n<p>Pubblicazioni ricevute<\/p>\n<p>Elenco dei collaboratori dell'annata 2024<\/p>\n<p>Elenco dei revisori che hanno valutato gli articoli proposti ad \u00abAthenaeum\u00bb nel periodo 2022-2024<\/p>\n<p>Indice generale<\/p>\n<p>&nbsp;<\/p>\n<p>Elenco delle pubblicazioni periodiche ricevute in cambio di \u00abAthenaeum\u00bb e donate alla Biblioteca di Studi Umanistici dell'Universit\u00e0 di Pavia<\/p>\n<\/div>\n<\/div><\/div><\/div><\/div><\/div><\/div>","protected":false},"excerpt":{"rendered":"<p>Athenaeum Indice dell\u2019annata 112 2024 Fascicolo 1 &nbsp; Articoli Note e discussioni Recensioni Notizie di pubblicazioni &nbsp; Fascicolo 2 Articoli Note e discussioni Recensioni Notizie di pubblicazioni Fascicolo 1 (pubblicazione: giugno 2024) &nbsp; Articoli S. Vergara Recreo, Betraying the polis and the Gods. (Ir)religious Persuasion in Lycurgus, Against Leocrates M. Zanin, L. Cassius Caeicianus tra&hellip;&nbsp;<a href=\"https:\/\/athenaeum.unipv.it\/index.php\/ath46-2024\/\" class=\"\" rel=\"bookmark\">Leggi tutto &raquo;<span class=\"screen-reader-text\">2024<\/span><\/a><\/p>\n","protected":false},"author":4,"featured_media":0,"parent":0,"menu_order":0,"comment_status":"closed","ping_status":"closed","template":"","meta":{"neve_meta_sidebar":"full-width","neve_meta_container":"","neve_meta_enable_content_width":"on","neve_meta_content_width":100,"neve_meta_title_alignment":"","neve_meta_author_avatar":"","neve_post_elements_order":"","neve_meta_disable_header":"","neve_meta_disable_footer":"","neve_meta_disable_title":"","_themeisle_gutenberg_block_has_review":false,"_ti_tpc_template_sync":false,"_ti_tpc_template_id":""},"acf":[],"_links":{"self":[{"href":"https:\/\/athenaeum.unipv.it\/index.php\/wp-json\/wp\/v2\/pages\/2559"}],"collection":[{"href":"https:\/\/athenaeum.unipv.it\/index.php\/wp-json\/wp\/v2\/pages"}],"about":[{"href":"https:\/\/athenaeum.unipv.it\/index.php\/wp-json\/wp\/v2\/types\/page"}],"author":[{"embeddable":true,"href":"https:\/\/athenaeum.unipv.it\/index.php\/wp-json\/wp\/v2\/users\/4"}],"replies":[{"embeddable":true,"href":"https:\/\/athenaeum.unipv.it\/index.php\/wp-json\/wp\/v2\/comments?post=2559"}],"version-history":[{"count":12,"href":"https:\/\/athenaeum.unipv.it\/index.php\/wp-json\/wp\/v2\/pages\/2559\/revisions"}],"predecessor-version":[{"id":2683,"href":"https:\/\/athenaeum.unipv.it\/index.php\/wp-json\/wp\/v2\/pages\/2559\/revisions\/2683"}],"wp:attachment":[{"href":"https:\/\/athenaeum.unipv.it\/index.php\/wp-json\/wp\/v2\/media?parent=2559"}],"curies":[{"name":"wp","href":"https:\/\/api.w.org\/{rel}","templated":true}]}}