{"id":291,"date":"2020-10-22T06:04:50","date_gmt":"2020-10-22T06:04:50","guid":{"rendered":"http:\/\/webnixinfotech.com\/?page_id=291"},"modified":"2021-05-06T17:19:06","modified_gmt":"2021-05-06T17:19:06","slug":"ath46-2003","status":"publish","type":"page","link":"https:\/\/athenaeum.unipv.it\/index.php\/ath46-2003\/","title":{"rendered":"ATH46-2003"},"content":{"rendered":"<div id=\"pl-291\"  class=\"panel-layout\" ><div id=\"pg-291-0\"  class=\"panel-grid panel-no-style\" ><div id=\"pgc-291-0-0\"  class=\"panel-grid-cell\" ><div id=\"panel-291-0-0-0\" class=\"so-panel widget widget_sow-editor panel-first-child panel-last-child\" data-index=\"0\" ><div\n\t\t\t\n\t\t\tclass=\"so-widget-sow-editor so-widget-sow-editor-base\"\n\t\t\t\n\t\t>\n<div class=\"siteorigin-widget-tinymce textwidget\">\n\t<div align=\"center\">\n<p>&nbsp;<\/p>\n<table border=\"0\" width=\"90%\">\n<tbody>\n<tr>\n<td width=\"100%\">\n<p style=\"margin-bottom: 0px;\" align=\"center\"><span style=\"font-size: large;\"><b>Athenaeum<br \/>\n<\/b><\/span><\/p>\n<p style=\"margin-bottom: 0px;\" align=\"center\"><b>Indice dell\u2019annata 2003<\/b><\/p>\n<div align=\"center\">\n<table border=\"0\" width=\"75%\" cellpadding=\"0\">\n<tbody>\n<tr>\n<td width=\"15%\"><a href=\"#Anchor-Fascicol-13312\"><b>Fascicolo 1<\/b><\/a><\/td>\n<td width=\"35%\">\n<div align=\"center\">\n<p>&nbsp;<\/p>\n<table border=\"0\" cellpadding=\"0\">\n<tbody>\n<tr>\n<td><a href=\"#Anchor-Articol-21800\"><b>Articoli<\/b><\/a><\/td>\n<\/tr>\n<tr>\n<td><a href=\"#Anchor-Not-35433\"><b>Note e discussioni<\/b><\/a><\/td>\n<\/tr>\n<tr>\n<td><a href=\"#Anchor-Recension-49687\"><b>Recensioni<\/b><\/a><\/td>\n<\/tr>\n<tr>\n<td><a href=\"#Anchor-Notizi-63154\"><b>Notizie di pubblicazione<\/b><\/a><\/td>\n<\/tr>\n<\/tbody>\n<\/table>\n<p>&nbsp;<\/p>\n<\/div>\n<\/td>\n<td width=\"15%\"><a href=\"#Anchor-Fascicol-10032\"><b>Fascicolo 2<\/b><\/a><\/td>\n<td width=\"35%\">\n<table border=\"0\" cellpadding=\"0\">\n<tbody>\n<tr>\n<td><a href=\"#Anchor-Articol-24888\"><b>Articoli<\/b><\/a><\/td>\n<\/tr>\n<tr>\n<td><a href=\"#Anchor-Not-38131\"><b>Note e discussioni<\/b><\/a><\/td>\n<\/tr>\n<tr>\n<td><a href=\"#Anchor-Recension-50456\"><b>Recensioni<\/b><\/a><\/td>\n<\/tr>\n<tr>\n<td><a href=\"#Anchor-Notizi-64396\"><b>Notizie di pubblicazione<\/b><\/a><\/td>\n<\/tr>\n<\/tbody>\n<\/table>\n<\/td>\n<\/tr>\n<\/tbody>\n<\/table>\n<p><a style=\"font-family: inherit; font-size: inherit;\" name=\"Anchor-Fascicol-13312\"><\/a><\/p>\n<\/div>\n<p style=\"text-align: center;\"><b><i><\/i><\/b><b><i>Fascicolo 1<br \/>\n<\/i><\/b><b><i>(pubblicazione: aprile 2003)<a name=\"Anchor-Articol-21800\"><\/a><\/i><\/b><\/p>\n<div align=\"center\">\n<p>&nbsp;<\/p>\n<h3 style=\"margin-left: 18pt; text-indent: -18pt; text-align: left;\"><span style=\"font-size: 12.0pt;\">Articoli<\/span><\/h3>\n<\/div>\n<p>E. GABBA, <em> Ricordo di Domenico Magnino. <\/em>Bibliografia di Domenico Magnino<br \/>\nC. DOGNINI, <em>Riflessi etruschi e anatolici nell' <\/em>epos <em>argonautico<br \/>\n<\/em>J. TREMOLEDA TRILLA - A. COBOS FAJARDO, <em>El c\u00f3nsul Cn. <\/em><em>L\u00e9ntulo Augur y las inversiones de la aristocracia <\/em><em>Romana<br \/>\n<\/em>R. BIUNDO, <em>La propaganda elettorale a Pompei: la funzione e il valore dei <\/em> programmata <em>nell'organizzazione della campagna<br \/>\n<\/em>D. PEREZ S\u00c1NCHEZ - M. RODR\u00cdGUEZ GERV\u00c1S, <em>Cultura cl\u00e1sica y funcionalidad religiosa en la sociedad gala de la antig\u00fcedad tard\u00eda<br \/>\n<\/em>E. AMATO, <em>Le 'tourn\u00e9es de conf\u00e9rence' di Favorino: nuove ipotesi sulla citt\u00e0 del <\/em> De fortuna<br \/>\nA. VALVO, <em>Veterani ex legionibus instrumentum accipere non solent<a name=\"Anchor-Not-35433\"><\/a><\/em><\/p>\n<h3 style=\"margin-left: 18.0pt; text-indent: -18.0pt;\"><span style=\"font-size: 12.0pt;\">Note e Discussioni<\/span><\/h3>\n<p>R. FUNARI, <em>Per il testo di Sallustio, <\/em> hist. <em>fr. I 112 M<br \/>\n<\/em>E. CALANDRA, <em>A mensa con Marziale: il vasellame da tavola negli <\/em> Anaphoreta<br \/>\n<span style=\"font-family: inherit; font-size: inherit;\">G.A. CECCONI, <\/span><em style=\"font-family: inherit; font-size: inherit;\">Un libro recente sulla riabilitazione della memoria di Virio Nicomaco Flaviano<br \/>\n<\/em>M.H. CRAWFORD, <em>Language and Geography in the <\/em> Sententia Minuciorum<br \/>\nE. GABBA, <em>Leggendo Fergus Millar: considerazioni storiografiche<a name=\"Anchor-Recension-49687\"><\/a><\/em><\/p>\n<h3 style=\"margin-left: 18.0pt; text-indent: -18.0pt;\"><span style=\"font-size: 12.0pt;\">Recensioni<\/span><\/h3>\n<p>S. FALLER, <em>Tabropane im Wandel der Zeit. Das Sr\u00ee-Lank\u00e2-Bild in griechischen und lateinischen Quellen zwischen Alexanderzug und Sp\u00e4tantike <\/em> (F. De Romanis)<br \/>\nD. LOTZE, <em>B\u00fcrger und Unfreie im vorhellenistischen Griechenland. Ausgew\u00e4hlte Aufs\u00e4tze <\/em>(L. Boffo)<br \/>\n<span style=\"font-family: inherit; font-size: inherit;\">M. OSTWALD, <\/span><em style=\"font-family: inherit; font-size: inherit;\">Oligarchia. <\/em><em style=\"font-family: inherit; font-size: inherit;\">The Development of a Constitutional Form in Ancient Greece <\/em><span style=\"font-family: inherit; font-size: inherit;\"> (G. Daverio Rocchi)<br \/>\n<\/span>CH. PELLING, <em>Literary Texts and the Greek Historians <\/em>(R. Nicolai)<br \/>\n<span style=\"font-family: inherit; font-size: inherit;\">G. ALF\u00d6LDY - B. DOBSON - W. ECK, <\/span><em style=\"font-family: inherit; font-size: inherit;\">Kaiser, Heer und Gesellschaft in der r\u00f6mischen Kaiserzeit <\/em><span style=\"font-family: inherit; font-size: inherit;\"> (M. Traverso)<br \/>\n<\/span><span style=\"font-family: inherit; font-size: inherit;\">E. LO CASCIO, <\/span><em style=\"font-family: inherit; font-size: inherit;\">Il Princeps e il suo impero. <\/em><em style=\"font-family: inherit; font-size: inherit;\">Studi di storia amministrativa e finanziaria romana <\/em><span style=\"font-family: inherit; font-size: inherit;\"> (E. No\u00e8)<br \/>\n<\/span>I. DI PAOLA, <em>Viaggi, trasporti e istituzioni. Studi sul <\/em> cursus publicus (V. Marotta)<br \/>\nEUSTAZIO DI TESSALONICA, <em>Introduzione al Commentario a Pindaro <\/em>, a c. di M. NEGRI (F. Montana)<a name=\"Anchor-Notizi-63154\"><\/a><\/p>\n<h3 style=\"margin-left: 18.0pt; text-indent: -18.0pt;\"><span style=\"font-size: 12.0pt;\">Notizie di Pubblicazioni<\/span><\/h3>\n<p>R. COMPATANGELO-SOUSSIGNAN, <em>Sur le routes d'Hannibal. Paysages de Campanie et d'Apulie <\/em> (E. Gabba)<br \/>\nR. URBAN, <em>Gallia rebellis. <\/em><em>Erhebungen in Gallien im Spiegel antiker Zeugnisse <\/em> (M. Cesa)<br \/>\nF. GASSER, <em>Germana patria. Die Geburtsheimat in den Werken roemischer Autoren der spaeten Republik und der fruehen Kaiserzeit <\/em> (M. Cesa)<br \/>\n<em>El disco de Teodosio <\/em>, ed. M. ALMAGRO-GORBEA (M. Cesa)<br \/>\nJ. CURRAN, <em>Pagan City and Christian Capital. <\/em><em>Rome in the Fourth Century <\/em> (A. Marcone)<br \/>\n<em>L'idea di Italia: geografia e storia <\/em>. Atti del convegno di Perugia (13-15 nov. 1997), a c. di F. PRONTERA (A. Marcone)<br \/>\n<em>Les l\u00e9gions de Rome sous le Haut-Empire <\/em>. Actes du Congr\u00e8s de Lyon (17-19 sept. 1998) par Y. LE BOHEC (A. Marcone)<br \/>\n<em style=\"font-family: inherit; font-size: inherit;\">M\u00e9galopoles M\u00e9diterran\u00e9ennes. G\u00e9ographie urbaine r\u00e9trospective <\/em><span style=\"font-family: inherit; font-size: inherit;\">. Actes du colloque de Rome (8-11 Mai 1996) (A. Marcone)<br \/>\n<\/span>J. NELIS-CL\u00c9MENT, <em>Les Beneficiarii, militaires et administrateurs au service de l'Empire (I <\/em><em>er <\/em><em> s. av. <\/em><em>C.- VI <\/em><em> er <\/em><em> s. p. C.) <\/em>(A. Marcone)<br \/>\nW. KUHOFF, <em>Diokletian und die Epoche der Tetrarchies. Das r\u00f6mische Reich zwischen Krisenbew\u00e4ltigung und Neuaufbau ( 284- <\/em><em>313 n. Chr.) <\/em>(A. Marcone)<br \/>\nG. ALF\u00d6LDY - S. PANCIERA (Hg.), <em>Inschriftliche Denkm\u00e4ler als Medien der Selbstdarstellung in der r\u00f6mischen Welt <\/em> (A. Marcone)<br \/>\nS. BAUER, <em>Polisbild und Demokratieverst\u00e4ndnis in Jacob Burckhardt \u201eGriechischer Kulturgeschichte\u201c <\/em> (A. Marcone)<br \/>\nV. B \u00c9 CARES - F. PORDOMINGO - R. CORT \u00c9 S TOVAR - J.C. FERNANDEZ CORTE, <em>Intertextualidad en las Literaturas Griega y Latina <\/em> ( M. Negri)<br \/>\nE. O'GORMAN, <em>Irony and Misreading in the Annals of Tacitus <\/em> (M. Negri)<br \/>\nD. SEADLEY, <em>Lucretius and the Transformation of Greek Wisdom <\/em> (M. Negri)<br \/>\nL. BRECCIAROLI TABORELLI, <em>Alle origini di Biella. <\/em><em>La necropoli romana <\/em> (M.P. Lavizzari Pedrazzini)<br \/>\nL. CADILI, Viamque adfectat Olimpo. <em>Memoria ellenistica nelle \"Georgiche\" di Virgilio <\/em>(P.V. Cova)<br \/>\nP. HARDIE, <em>Ovid's Poetics Illusion <\/em>(P.V. Cova)<br \/>\nL. ANNEO SENECA, <em>Lettere a Lucilio. Libro III: lettere 22 e 23 <\/em>, Testo, intr., trad. e comm. di G. LAUDIZI (P.V. Cova)<br \/>\n<em>Collegio di Diritto Romano \"Gli Statuti Municipali\" - Gennaio 2004 <\/em><\/p>\n<p><a name=\"Anchor-Fascicol-10032\"><\/a><\/p>\n<p align=\"center\"><b><i><span style=\"font-size: 11.0pt;\">Fascicolo 2<br \/>\n<\/span><\/i><\/b><b><i><span style=\"font-size: 11.0pt;\">(pubblicazione: ottobre 2003)<a name=\"Anchor-Articol-24888\"><\/a><\/span><\/i><\/b><\/p>\n<div align=\"center\">\n<h3 style=\"margin-left: 18pt; text-indent: -18pt; text-align: left;\"><span style=\"font-size: 12.0pt;\">Articoli<\/span><\/h3>\n<\/div>\n<p>M. CAVALIERI, <em>Originalit\u00e0 e diffusione della basilica civile a Roma e in Italia<br \/>\n<\/em>E.S. RAMAGE, <em>Aspects of Propaganda in the <\/em>De bello Gallico : <em>Caesar's Virtues and Attributes<br \/>\n<\/em>M. BATTAGLIA, <em>Il Vulcano dei Germani in Giulio Cesare <\/em> (B.G. <em>VI, 21,1 <\/em>). <em>Un caso di <\/em> interpretatio <em>?<br \/>\n<\/em>T.J. ALLEN, <em>Roman Healing Spas in Italy: the Peutinger Map revisited<br \/>\n<\/em>E. SCODELLARI, <em>Le temple servien de l'Aventin: essai de r\u00e9interpretation des donn\u00e9es traditionelles<br \/>\n<\/em>M.E. GORRINI, <em>Toxaris <\/em> ho xenos iatros<br \/>\nH. ETCHETO, <em>Cognomen et appartenance familiale dans l'aristocratie m\u00e9dio-r\u00e9publicaine : \u00e0 propos de l'identit\u00e9 du consul patricien de 328 av. J.-C<br \/>\n<\/em>J. MU\u00d1IZ COELLO, <em>La Italia de la reforma agraria de Cesar. <\/em><em>Casos cotidianos<br \/>\n<\/em>M. GWIN MORGAN, <em>Galba, the Massacre of the Marines and the Formation of Legion I A <\/em><em>diutrix<a name=\"Anchor-Not-38131\"><\/a><\/em><\/p>\n<h3 style=\"margin-left: 1.0cm; text-indent: -1.0cm;\"><span style=\"font-size: 12.0pt;\">Note e Discussioni<\/span><\/h3>\n<p>J. DAVIDSON, <em>Sophocles <\/em> Trachiniae <em>and the <\/em> Odyssey<br \/>\nG. VANOTTI, <em>Il frammento 4 Jacoby di Ippi e la fondazione di <\/em> Rhegion<br \/>\nT. \u00d1ACO DEL HOYO, <em>Roman <\/em> Realpolitik <em>in taxing Sardinia Rebels (177-175 B.C.)<br \/>\n<\/em>S. SAHIN - R. TEKOGHI, <em>A Hieroglyphic Stele from Afyon Archaeological Museum<br \/>\n<\/em>O. DILIBERTO, <em>Una lettera del Mommsen<br \/>\n<\/em><span style=\"font-family: inherit; font-size: inherit;\">H. PERDICOYANNI-PAL\u00c9LOGOU, <\/span><em style=\"font-family: inherit; font-size: inherit;\">Les familles de <\/em><span style=\"font-family: inherit; font-size: inherit;\">didaskein <\/span><em style=\"font-family: inherit; font-size: inherit;\">, de <\/em><span style=\"font-family: inherit; font-size: inherit;\">manthanein <\/span><em style=\"font-family: inherit; font-size: inherit;\"> et de <\/em><span style=\"font-family: inherit; font-size: inherit;\">paideuein <\/span><em style=\"font-family: inherit; font-size: inherit;\"> dans les papyrus (jusqu' \u00e0 la fin de l'\u00e9poque romaine)<br \/>\n<\/em>O. ROUAULT - C. MORA, <em>Progetto \u00abTerqa e la sua regione\u00bb: Rapporto preliminare 2002<a name=\"Anchor-Recension-50456\"><\/a> <\/em><\/p>\n<h3 style=\"margin-left: 18.0pt; text-indent: -18.0pt;\"><span style=\"font-size: 12.0pt;\">Recensioni<\/span><\/h3>\n<p>G.M. FACCHETTI, <em>Frammenti di diritto privato etrusco <\/em> (U. Manthe)<br \/>\nP.J. RIIS, <em>Vulcientia vetustiora. <\/em><em>A Study of Archaic Vulcian Bronzes <\/em>(S. Paltineri)<br \/>\nR. BEDON, <em>Les villes des Trois Gaules de C\u00e9sar \u00e0 N\u00e9ron dans leur contexte historique, territorial et politique <\/em> (M. Cavalieri)<br \/>\nM.A. TOMEI, <em>Scavi francesi sul Palatino. Le indagini di Pietro Rosa per Napoleone III <\/em> (M.T. Robino)<br \/>\n<em>Le iscrizioni Latine del Museo Nazionale di Napoli (ILMN) <\/em>, vol. I. <em>Roma e Latium <\/em>, a c. di G. CAMODECA - H. SOLIN (G. Mennella)<br \/>\n<em>Le mythe grec dans l'Italie antique. Fonction et image <\/em>, \u00e9d. par F.-H. MASSA-PAIRAULT (E. Smoquina)<br \/>\nL. RUBINSTEIN, <em>Litigation and Cooperation. Supporting Speakers in the Courts of Classical Athens <\/em> (G. Daverio Rocchi)<br \/>\nJ. FRIEDRICHS, <em>Aufschlussreiche Rhetorik. Ein Versuch \u00fcber die Redekultur und ihren Verfall bei Thukydides <\/em> (A. Corcella)<br \/>\nHYPEREIDES, <em>The Forensic Speech <\/em>, Intr., Transl. and Comm. by D. WHITEHEAD (A. Corcella)<br \/>\nL.J. SAMONS, <em>Empire of the Owl. Athenian Imperial Finance <\/em> (C. Bearzot)<br \/>\nT.S. SCHEER, <em>Die Gottheit und ihr Bild. Untersuchungen zur Funktion griechischer Kultbilder in Religion und Politik <\/em>(C. Bearzot)<br \/>\nB. LE GUEN, <em>Les associations de technites dionysiaques \u00e0 l'\u00e9poque hell\u00e9nistique <\/em>(G. Di Stefano)<br \/>\nR. BEHRWALD, <em>Der Lykische Bund. Untersuchungen zu Geschichte und Verfassung <\/em>(L. Boffo)<br \/>\nS. ADAMO MUSCETTOLA - G. GRECO (edd.), <em>I culti della Campania antica <\/em>(S. Miranda)<br \/>\nF. ROHR VIO, <em>Le voci del dissenso. Ottaviano Augusto e i suoi oppositori <\/em>(D. Foraboschi)<br \/>\nW. SCHEIDEL (ed.), <em>Debating Roman Demography <\/em>(D. Foraboschi)<br \/>\n<span style=\"font-family: inherit; font-size: inherit;\">M. TREU, <\/span><em style=\"font-family: inherit; font-size: inherit;\">Undici cori comici. Aggressivit\u00e0, derisione e tecniche drammatiche in Aristofane <\/em><span style=\"font-family: inherit; font-size: inherit;\">(O. Imperio)<br \/>\n<\/span>D. WILES, <em>Greek Theatre Performance. An Introduction <\/em>(D. Zoroddu)<br \/>\n<em>Archestratos of Gela. Greek culture and Cuisine in the Fourth Century BCE <\/em>, Text, Transl. and Comm. by S.D. OLSON and A. SENS (M.G. Palutan)<br \/>\nALEXANDRI AETOLI <em> testimonia et fragmenta <\/em>, Intr., ed. critica e comm. a c. di E. MAGNELLI (F. Schironi)<br \/>\nW. H\u00dcBNER (Hg.), <em>Geographie und verwandte Wissenschaften <\/em>(S. Bianchetti)<br \/>\nN.J. LOWE, <em>The Classical Plot and the Invention of Western Narrative <\/em>(F. Schironi)<br \/>\nM. PANI, <em>Le ragioni della storiografia in Grecia e a Roma <\/em>(R. Nicolai)<a name=\"Anchor-Notizi-64396\"><\/a><\/p>\n<p>&nbsp;<\/p>\n<h3 style=\"margin-left: 1.0cm; text-indent: -1.0cm;\"><span style=\"font-size: 12.0pt;\">Notizie di Pubblicazioni<\/span><\/h3>\n<p>M. MUNZI, <em>L'epica del ritorno. Archeologia e politica nella Tripolitania italiana <\/em> (V. Bracco)<br \/>\n<em>Ad gallinas albas. Villa di Livia <\/em>, a c. di G. MESSINEO (V. Bracco)<br \/>\nC. AULIARD, <em>Victoires et triomphes \u00e0 Rome. Droit et r\u00e9alit\u00e9s sous la R\u00e9publique <\/em> (D. Mantovani)<br \/>\nM. HORSTER, <em>Bauinschriften r\u00f6mischer Kaiser <\/em> \u2014 A. SCHEITHAUER, <em>Kaiserliche Baut\u00e4tigkeit in Rom. Das Echo in der antiken Literatur <\/em>(A. Marcone)<br \/>\nB. B\u00c4BLER - H.-G. NESSELRATH (Hgg.), <em>Die Welt des Sokrates von Konstantinopel <\/em>(A. Marcone)<br \/>\nC. BALMELLE, <em>Les demeures aristocratiques d'Aquitaine. Soci\u00e9t\u00e9 et culture de l'Antiquit\u00e9 tardive dans le Sud-Ouest de la Gaule <\/em>(A. Marcone)<br \/>\nW. SCHEIDEL, <em>Death on the Nile. Disease and the Demography of Roman Egypt <\/em>(A. Marcone)<br \/>\nP.M. MARTIN, <em>La Guerre de Gaules, La Guerre civile, C\u00e9sar. C\u00e9sar, l'actuel <\/em>(R. Chevallier)<br \/>\nM.C. MONACO, Ergasteria <em>. Impianti artigianali ceramici ad Atene ed in Attica dal protogeometrico alle soglie dell'ellenismo <\/em>(M.E. Gorrini)<br \/>\nJ. FERN\u00c1NDEZ UBI\u00d1A, <em>Cristianos y militares <\/em>(G.A. Cecconi)<br \/>\nS. SWAIN (ed.), <em>Dio Chrysostom. <\/em><em>Politics, Letters, and Philosophy <\/em>(F. Ferrari)<br \/>\nS. CITRONI MARCHETTI, <em>Amicizia e potere nelle lettere di Cicerone e nelle elegie ovidiane dell'esilio <\/em>(A. Canobbio)<br \/>\nD. BERRANGER-AUSERVE, <em>Paros II. Prosopographie g\u00e9n\u00e9rale et \u00e9tude historique de d\u00e9but de la p\u00e9riode classique jusqu'\u00e0 la fin de la p\u00e9riode romaine <\/em>(C. Bearzot)<br \/>\nM. BARATIN - C. MOUSSY (a c. di), <em>Conceptions latines du sens et de la signification <\/em>(A. Bonadeo)<\/p>\n<p>&nbsp;<\/p>\n<\/td>\n<\/tr>\n<\/tbody>\n<\/table>\n<p>&nbsp;<\/p>\n<\/div>\n<p>&nbsp;<\/p>\n<p align=\"center\"><a href=\"http:\/\/dobc.unipv.it\/dipscant\/athenaeum\/athenaeum.html\">Athenaeum<\/a> - <a href=\"http:\/\/dobc.unipv.it\/dipscant\/index.html\">Home dipartimento<\/a><\/p>\n<\/div>\n<\/div><\/div><\/div><\/div><\/div>","protected":false},"excerpt":{"rendered":"<p>&nbsp; Athenaeum Indice dell\u2019annata 2003 Fascicolo 1 &nbsp; Articoli Note e discussioni Recensioni Notizie di pubblicazione &nbsp; Fascicolo 2 Articoli Note e discussioni Recensioni Notizie di pubblicazione Fascicolo 1 (pubblicazione: aprile 2003) &nbsp; Articoli E. GABBA, Ricordo di Domenico Magnino. Bibliografia di Domenico Magnino C. DOGNINI, Riflessi etruschi e anatolici nell&#8217; epos argonautico J. TREMOLEDA&hellip;&nbsp;<a href=\"https:\/\/athenaeum.unipv.it\/index.php\/ath46-2003\/\" class=\"\" rel=\"bookmark\">Leggi tutto &raquo;<span class=\"screen-reader-text\">ATH46-2003<\/span><\/a><\/p>\n","protected":false},"author":1,"featured_media":0,"parent":0,"menu_order":0,"comment_status":"closed","ping_status":"closed","template":"","meta":{"neve_meta_sidebar":"full-width","neve_meta_container":"","neve_meta_enable_content_width":"on","neve_meta_content_width":100,"neve_meta_title_alignment":"","neve_meta_author_avatar":"","neve_post_elements_order":"","neve_meta_disable_header":"","neve_meta_disable_footer":"","neve_meta_disable_title":"","_themeisle_gutenberg_block_has_review":false,"_ti_tpc_template_sync":false,"_ti_tpc_template_id":""},"acf":[],"_links":{"self":[{"href":"https:\/\/athenaeum.unipv.it\/index.php\/wp-json\/wp\/v2\/pages\/291"}],"collection":[{"href":"https:\/\/athenaeum.unipv.it\/index.php\/wp-json\/wp\/v2\/pages"}],"about":[{"href":"https:\/\/athenaeum.unipv.it\/index.php\/wp-json\/wp\/v2\/types\/page"}],"author":[{"embeddable":true,"href":"https:\/\/athenaeum.unipv.it\/index.php\/wp-json\/wp\/v2\/users\/1"}],"replies":[{"embeddable":true,"href":"https:\/\/athenaeum.unipv.it\/index.php\/wp-json\/wp\/v2\/comments?post=291"}],"version-history":[{"count":12,"href":"https:\/\/athenaeum.unipv.it\/index.php\/wp-json\/wp\/v2\/pages\/291\/revisions"}],"predecessor-version":[{"id":1383,"href":"https:\/\/athenaeum.unipv.it\/index.php\/wp-json\/wp\/v2\/pages\/291\/revisions\/1383"}],"wp:attachment":[{"href":"https:\/\/athenaeum.unipv.it\/index.php\/wp-json\/wp\/v2\/media?parent=291"}],"curies":[{"name":"wp","href":"https:\/\/api.w.org\/{rel}","templated":true}]}}