{"id":315,"date":"2020-10-22T06:05:57","date_gmt":"2020-10-22T06:05:57","guid":{"rendered":"http:\/\/webnixinfotech.com\/?page_id=315"},"modified":"2021-05-06T17:23:33","modified_gmt":"2021-05-06T17:23:33","slug":"ath46-2006","status":"publish","type":"page","link":"https:\/\/athenaeum.unipv.it\/index.php\/ath46-2006\/","title":{"rendered":"ATH46-2006"},"content":{"rendered":"<div id=\"pl-315\"  class=\"panel-layout\" ><div id=\"pg-315-0\"  class=\"panel-grid panel-no-style\" ><div id=\"pgc-315-0-0\"  class=\"panel-grid-cell\" ><div id=\"panel-315-0-0-0\" class=\"so-panel widget widget_sow-editor panel-first-child panel-last-child\" data-index=\"0\" ><div\n\t\t\t\n\t\t\tclass=\"so-widget-sow-editor so-widget-sow-editor-base\"\n\t\t\t\n\t\t>\n<div class=\"siteorigin-widget-tinymce textwidget\">\n\t<table width=\"90%\">\n<tbody>\n<tr>\n<td width=\"100%\">\n<p style=\"margin-bottom: 0px;\" align=\"center\"><span style=\"font-size: large;\"><b>Athenaeum<br \/>\n<\/b><\/span><\/p>\n<p style=\"margin-bottom: 0px;\" align=\"center\"><b>Indice dell\u2019annata 2006<\/b><\/p>\n<div align=\"center\">\n<table border=\"0\" width=\"75%\" cellpadding=\"0\">\n<tbody>\n<tr>\n<td width=\"15%\"><a href=\"#Anchor-Fascicol-13312\"><b>Fascicol 1<\/b><\/a><\/td>\n<td width=\"35%\">\n<div align=\"center\">\n<p>&nbsp;<\/p>\n<table border=\"0\" cellpadding=\"0\">\n<tbody>\n<tr>\n<td><a href=\"#Anchor-Articol-21800\"><b>Articoli<\/b><\/a><\/td>\n<\/tr>\n<tr>\n<td><a href=\"#Anchor-Not-35433\"><b>Note e discussioni<\/b><\/a><\/td>\n<\/tr>\n<tr>\n<td><a href=\"#Anchor-Recension-49687\"><b>Recensioni<\/b><\/a><\/td>\n<\/tr>\n<tr>\n<td><a href=\"#Anchor-Notizi-63154\"><b>Notizie di pubblicazione<\/b><\/a><\/td>\n<\/tr>\n<\/tbody>\n<\/table>\n<p>&nbsp;<\/p>\n<\/div>\n<\/td>\n<td width=\"15%\"><a href=\"#Anchor-Fascicol-10032\"><b>Fascicolo 2<\/b><\/a><\/td>\n<td width=\"35%\">\n<table border=\"0\" cellpadding=\"0\">\n<tbody>\n<tr>\n<td><a href=\"#Anchor-Articol-24888\"><b>Articoli<\/b><\/a><\/td>\n<\/tr>\n<tr>\n<td><a href=\"#Anchor-Not-38131\"><b>Note e discussioni<\/b><\/a><\/td>\n<\/tr>\n<tr>\n<td><a href=\"#Anchor-Recension-50456\"><b>Recensioni<\/b><\/a><\/td>\n<\/tr>\n<\/tbody>\n<\/table>\n<\/td>\n<\/tr>\n<\/tbody>\n<\/table>\n<p><a style=\"font-family: inherit; font-size: inherit;\" name=\"Anchor-Fascicol-13312\"><\/a><\/p>\n<\/div>\n<p style=\"text-align: center;\"><b><i><\/i><\/b><b><i>Fascicolo 1<\/i><\/b><\/p>\n<p style=\"text-align: center;\"><b><i>(pubblicazione: aprile 2006)<a name=\"Anchor-Articol-21800\"><\/a><\/i><\/b><\/p>\n<div align=\"center\">\n<p>&nbsp;<\/p>\n<h3 style=\"margin-left: 18pt; text-indent: -18pt; text-align: left;\"><span style=\"font-size: 12.0pt;\">Articoli<\/span><\/h3>\n<\/div>\n<p>F. Giancotti, <em>Dal carteggio con Sebastiano Timpanaro<br \/>\n<\/em>E.S. Ramage, <em>Funeral Eulogy and Propaganda in the Roman Republic<br \/>\n<\/em>A. Canobbio, <em>Il libro IX di Marziale e il <\/em>dominus<em> dei coppieri gemelli (lettura in chiave aulica dell\u2019epigramma 103)<br \/>\n<\/em>M<sup>a<\/sup> D. Saavedra-Guerrero, <em>Imagen, mito y realidad en el reinado de Septimio Severo. Julia Domna y la virtus en la familia imperial<br \/>\n<\/em>J.C. Dom\u00ednguez P\u00e9rez, <em>La reelaboraci\u00f3n ideol\u00f3gica del modelo republicano con los inicios del imperialismo romano<br \/>\n<\/em>G.D. Merola, <em>Il <\/em>Monumentum Ephesenum<em> e la struttura delle <\/em>societates publicanorum<br \/>\nT. G\u00e4rtner, <em>Die Neugestaltung des Mythos in der euripideischen Helena<br \/>\n<\/em>R. Compatangelo-Soussignan, <em>Les Italiens \u00e0 D\u00e9los et l\u2019\u00e9conomie de l\u2019Italie m\u00e9ridionale au IIe s. av. n.\u00e8.<br \/>\n<\/em>P.A. Roche,<em> Selling Trajan\u2019s <\/em>Saeculum<em>. <\/em><em>Destiny, Abundance, Assurance<br \/>\n<\/em>V. Escribano, <em>Disidencia doctrinal y marginaci\u00f3n geogr\u00e1fica en el s. IV d.C. Los exilios de Eunomio de Cizico<a name=\"Anchor-Not-35433\"><\/a><\/em><\/p>\n<h3 style=\"margin-left: 18.0pt; text-indent: -18.0pt;\"><span style=\"font-size: 12.0pt;\">Note e Discussioni<\/span><\/h3>\n<p>M. Negri, <em>Date a Cratete quel che \u00e8 di Cratete (in merito all'edizione di Cratete di Mallo a cura di M. Broggiato)<br \/>\n<\/em>A. Borghini, <em>La nascita di Tages. Una congettura a Is. <\/em>Et. <em>8,9,34-35<br \/>\n<\/em>G.V.M. Haverling, <em>Tempo e aspetto nel sistema verbale latino (in margine a una recente monografia cesariana)<br \/>\n<\/em>M. Facella, <em>Su Mitra e il Mitraismo<br \/>\n<\/em>S. Maggi, <em>Breve nota sui monumenti funerari di <\/em>Dertona<br \/>\nE. Narducci, <em>Un \u00abcenere\u00bb non pi\u00f9 \u00abmuto\u00bb. Nota a Catullo 101 e a Virgilio, <\/em>Aen.<em> 6,692 s.<br \/>\n<\/em>F. Gasti, <em>Ennodio, <\/em> carm. <em>264,5 Vogel<a name=\"Anchor-Recension-49687\"><\/a><\/em><\/p>\n<h3 style=\"margin-left: 18.0pt; text-indent: -18.0pt;\"><span style=\"font-size: 12.0pt;\">Recensioni<\/span><\/h3>\n<p>D. De Bernardi Ferrero (a c. di), <em>Saggi in onore di Paolo Verzone<\/em> (Hierapolis, Scavi e Ricerche IV) (V. Di Napoli)<br \/>\n<em style=\"font-family: inherit; font-size: inherit;\">Zu Wasser und zu Land. Verkehrswege in der antiken Welt<\/em><span style=\"font-family: inherit; font-size: inherit;\">, hrsg. von E. Olshausen - H. Sonnabend (S. Magnani)<br \/>\n<\/span>V. Azoulay, <em>X\u00e9nophon et les gr\u00e2ces du pouvoir. De la <\/em>charis<em> au charisme<\/em> (C. Bearzot)<br \/>\nA. Wei\u00df, <em>Sklave der Stadt. Untersuchungen zur \u00f6ffentlichen Sklaverei in den St\u00e4dten des R\u00f6mischen Reiches <\/em>(A. Bricchi)<br \/>\nO. Andrei, <em>M.\u2019 Acilio Glabrione ed il leone. Domiziano tra Ebraismo e Cristianesimo <\/em>(S. Castelli)<br \/>\nM. Cannat\u00e0 Fera - G.B. D'Alessio (edd.), <em>I lirici greci. Forme della comunicazione e storia del testo <\/em>(M. Negri)<br \/>\nM. Bonazzi, <em> Academici e Platonici. Il dibattito antico sullo scetticismo di Platone <\/em>(F. Ferrari)<br \/>\n<em>Gli Annei. Una famiglia nella storia della cultura di Roma imperiale<\/em>, a c. di I. Gualandri - G. Mazzoli (P. Parroni)<br \/>\nG. Brescia, <em>Il \u00abmiles\u00bb alla sbarra. [Quintiliano] Declamazioni maggiori, III<\/em> (D. Mantovani)<br \/>\nAa.Vv., <em>Illuminismo e Ilustraci\u00f3n. Le antichit\u00e0 e i loro protagonisti in Spagna e in Italia nel XVIII secolo <\/em>(V. Bracco)<a name=\"Anchor-Notizi-63154\"><\/a><\/p>\n<h3 style=\"margin-left: 18.0pt; text-indent: -18.0pt;\"><span style=\"font-size: 12.0pt;\">Notizie di Pubblicazioni<\/span><\/h3>\n<p>P.E. McGovern, <em> L'archeologo e l'uva <\/em>(V. Bracco)<br \/>\nM. Catucci - L. Jannelli - L. Sanesi Mastrocinque, <em>Il deposito votivo dall'acropoli di Cuma<\/em> (M.E. Gorrini)<br \/>\nL. Neri, <em>Gli specchi etruschi<\/em> (M.E. Gorrini)<br \/>\nM.C. D\u2019Ercole, Importuosa Italiae litora. <em>Paysage et \u00e9changes dans l\u2019Adriatique m\u00e9ridionale \u00e0 l\u2019\u00e9poque archa\u00efque<\/em> (R. Bargnesi)<br \/>\nE. Meyer-Zwiffelhoffer, Politik\u014ds archein. <em>Zum Regierungsstil der senatorischen Statthalter in den kaiserzeitlichen griechischen Provinzen<\/em> (A. Marcone)<br \/>\nR. Selinger, <em>The Mid-Third Century Persecutions of Decius and Valerian <\/em>(A. Marcone)<br \/>\nK. Piepenbrink, <em>Konstantin der Gro\u00dfe und seine Zeit<\/em> (A. Marcone)<br \/>\nM. Marin - C. Moreschini (edd.), <em>Africa Cristiana. Storia, religione, letteratura<\/em> (A. Marcone)<br \/>\nJamblich, <em>Pythagoras. Legende \u2013 Lehre \u2013 Lebensgestaltung<\/em>, von M. von Albrecht - J. Dillon - M. George - M. Lurje - D.S. du Toit (F. Ferrari)<br \/>\nV. Nutton (ed.), <em>The Unknown Galen<\/em> (F. Ferrari)<br \/>\nR. Bernhardt, <em>Luxuskritik und Aufwandsbeschr\u00e4nkungen in der griechischen Welt<\/em> (F. Ferrari)<br \/>\nM. Detienne, <em>Apollo con il coltello in mano. Un approccio sperimentale al politeismo greco <\/em> (S. Castelli)<br \/>\n<em>Due seminari plautini. La tradizione del testo. I modelli<\/em>, a c. di C. Questa - R. Raffaelli (A. Bonadeo)<br \/>\nE. Paratore, <em>Anatomie Plautine.<\/em> <em>Amphitruo, Casina, Curculio, Miles gloriosus<\/em>, a c. di R.M. Danese - C. Questa (A. Bonadeo)<br \/>\n<em style=\"font-family: inherit; font-size: inherit;\">Lecturae Plautinae Sarsinates<\/em><span style=\"font-family: inherit; font-size: inherit;\">, VI. <\/span><em style=\"font-family: inherit; font-size: inherit;\">Casina<\/em><span style=\"font-family: inherit; font-size: inherit;\">, a c. di R. Raffaelli - A. Tontini (A. Bonadeo)<br \/>\n<\/span>G.E. Manzoni, Pugnae maioris imago. <em>Intertestualit\u00e0 e rovesciamento nella seconda esade dell'<\/em>Eneide (A. Bonadeo)<br \/>\n<em style=\"font-family: inherit; font-size: inherit;\">Horace and Greek Lyric Poetry<\/em><span style=\"font-family: inherit; font-size: inherit;\">, a c. di M. Paschalis (C. Majani)<br \/>\n<\/span><em style=\"font-family: inherit; font-size: inherit;\">Traditions and Contexts in the Poetry of Horace<\/em><span style=\"font-family: inherit; font-size: inherit;\">, ed. by T. Woodman - D. Feeney (C. Majani)<br \/>\n<\/span>V. Rimell, <em>Petronius and the Anatomy of Fiction <\/em>(C. Majani)<br \/>\nAnonymi <em>Versus serpentini<\/em>, recognovit Loriano Zurli, trad. di Nino Scivoletto (A. Di Pilla)<\/p>\n<p><a name=\"Anchor-Fascicol-10032\"><\/a><\/p>\n<p align=\"center\"><b><i><span style=\"font-size: 11.0pt;\">Fascicolo 2<\/span><\/i><\/b><\/p>\n<p align=\"center\"><b><i><span style=\"font-size: 11.0pt;\">(pubblicazione: Ottobre 2006)<a name=\"Anchor-Articol-24888\"><\/a><\/span><\/i><\/b><\/p>\n<div align=\"center\">\n<p>&nbsp;<\/p>\n<\/div>\n<h3 style=\"margin-left: 18pt; text-indent: -18pt; text-align: left;\"><span style=\"font-size: 12.0pt;\">Articoli<\/span><\/h3>\n<p>S. Citroni Marchetti, <em>L'assenza degli amici e l'<\/em>otium<em> nelle ville (Cicerone, <\/em>fam. <em>7,1; Seneca, <\/em>epist. <em>55)<br \/>\n<\/em>G. Massa, <em>Sallustio contro Cicerone? I falsi d'autore e la polemica anticiceroniana di Asinio Pollione<br \/>\n<\/em>F. Hurlet, <em>Auguste et Pomp\u00e9e<br \/>\n<\/em>L. De Giovanni, <em>La giurisprudenza severiana tra storia e diritto. Le <\/em>Institutiones <em>di Elio Marciano<br \/>\n<\/em>P. Amann, <em>Beziehungen zwischen umbrischer und etruskischer G\u00f6tter- und Kultwelt.<br \/>\n<\/em><em>Ein Beitrag zur \u201eschwierigen\u201c Genese des Etruskertums<br \/>\n<\/em>I. Kralli, <em>Aspects of Athenian Military Command under the Antigonids (262-229 B.C.). Continuity or Change?<br \/>\n<\/em>I.M. Konstantakos, <em>Aesop Adulterer and Trickster. A Study of <\/em>Vita Aesopi <em>Ch. 75-76<br \/>\n<\/em>G. Maddoli, <em>Pixodaros di Hekatomnos e la datazione della trilingue del Let\u00f4on<br \/>\n<\/em>J. G\u00f3mez Pallar\u00e8s, <em>Notas de una lectura del libro cuarto de los epigramas de Valerio Marcial<br \/>\n<\/em>F.J. Vervaet, <em>The Scope of the <\/em>Lex Sempronia <em>Concerning the Assignment of the Consular Provinces (123 BCE)\u00a0 <\/em><i><a name=\"Anchor-Not-38131\"><\/a><\/i><\/p>\n<h3 style=\"margin-left: 1.0cm; text-indent: -1.0cm;\"><span style=\"font-size: 12.0pt;\">Note e Discussioni<\/span><\/h3>\n<p>C. Questa, <em>Sulla nuova edizione della <\/em>Storia del teatro latino<em> di Ettore Paratore<br \/>\n<\/em>J. Hunt, <em>Some Cruces in Redaction B of <\/em>Apollonius of Tyre<br \/>\nC. Carrasco Garc\u00eda, Opus tesellatum. <em>Nuevas teselas y otras no tanto, acerca de la figura del<\/em> optimus princeps <em>Trajano<br \/>\n<\/em>S. Heilen, <em> Italica o Roma? Nota alla riaccesa disputa sul luogo di nascita dell\u2019imperatore Adriano<br \/>\n<\/em>Ch. Gabrielli, <em>In margine a <\/em>Credito e moneta nel mondo romano<br \/>\nR. Bargnesi, <em>Annotazioni sopra la controversia fra i <\/em>Rundictes<em> e <\/em>C. Laecanius Bassus<em>. Ancora a proposito di <\/em>CIL<em>, V 698 = <\/em>Inscr. It.<em>, X, 4, 376<br \/>\n<\/em>A. De Angelis, <em>Sulla designazione nella linguistica aristotelica. Note a margine di un libro recente<br \/>\n<\/em>A. Ferraces Rodr\u00edguez, <em> Texto y tradici\u00f3n indirecta. <\/em><em>Reflexiones sobre una edici\u00f3n reciente de Gargilio Marcial<br \/>\n<\/em>F. Spaltenstein, <em>A propos des sources historiques de Silius Italicus. <\/em><em>Une r\u00e9ponse \u00e0 Lucarini<br \/>\n<\/em>A. Primo, <em>Il termine ultimo delle <\/em>Storie<em> di Ieronimo di Cardia<br \/>\n<\/em>A. Balbo, <em>Ettore Bignone studente liceale e universitario<br \/>\n<\/em><em>Progetto \u201cTerqa e la sua regione\u201d. Rapporto preliminare 2005, a cura di C. Mora - O. Rouault\u00a0 <a name=\"Anchor-Recension-50456\"><\/a><\/em><\/p>\n<h3 style=\"margin-left: 1.0cm; text-indent: -1.0cm;\"><span style=\"font-size: 12.0pt;\">Recensioni<\/span><\/h3>\n<p>G.F. La Torre, <em>Un tempio arcaico nel territorio dell'antica Temesa. L'edificio sacro in localit\u00e0 Imbelli di Campora S. Giovanni<\/em> (M.E. Gorrini)<br \/>\nF. van Haeperen, <em>Le Coll\u00e8ge Pontifical (3<sup>\u00e8me<\/sup> s. a.C. - 4<sup>\u00e8me<\/sup> s. p. C.). Contribution \u00e0 l\u2019\u00e9tude de la religion publique romaine <\/em>(A. Novellini)<br \/>\nR. Perrelli, <em>Commento a Tibullo. <\/em>Elegie<em>, Libro I <\/em>(A.M. Morelli)<br \/>\nS. Mratschek, <em>Der Briefwechsel des Paulinus von Nola <\/em> <em>- Kommunikation und soziale Kontakte<\/em> <em>zwischen christlichen Intellektuellen <\/em>(M. Francesio)<\/p>\n<\/td>\n<\/tr>\n<\/tbody>\n<\/table>\n<p>&nbsp;<\/p>\n<p><a href=\"http:\/\/dobc.unipv.it\/dipscant\/athenaeum\/athenaeum.html\">Athenaeum<\/a> - <a href=\"http:\/\/dobc.unipv.it\/dipscant\/index.html\">Home dipartimento<\/a><\/p>\n<\/div>\n<\/div><\/div><\/div><\/div><\/div>","protected":false},"excerpt":{"rendered":"<p>Athenaeum Indice dell\u2019annata 2006 Fascicol 1 &nbsp; Articoli Note e discussioni Recensioni Notizie di pubblicazione &nbsp; Fascicolo 2 Articoli Note e discussioni Recensioni Fascicolo 1 (pubblicazione: aprile 2006) &nbsp; Articoli F. Giancotti, Dal carteggio con Sebastiano Timpanaro E.S. Ramage, Funeral Eulogy and Propaganda in the Roman Republic A. Canobbio, Il libro IX di Marziale e&hellip;&nbsp;<a href=\"https:\/\/athenaeum.unipv.it\/index.php\/ath46-2006\/\" class=\"\" rel=\"bookmark\">Leggi tutto &raquo;<span class=\"screen-reader-text\">ATH46-2006<\/span><\/a><\/p>\n","protected":false},"author":1,"featured_media":0,"parent":0,"menu_order":0,"comment_status":"closed","ping_status":"closed","template":"","meta":{"neve_meta_sidebar":"full-width","neve_meta_container":"","neve_meta_enable_content_width":"on","neve_meta_content_width":100,"neve_meta_title_alignment":"","neve_meta_author_avatar":"","neve_post_elements_order":"","neve_meta_disable_header":"","neve_meta_disable_footer":"","neve_meta_disable_title":"","_themeisle_gutenberg_block_has_review":false,"_ti_tpc_template_sync":false,"_ti_tpc_template_id":""},"acf":[],"_links":{"self":[{"href":"https:\/\/athenaeum.unipv.it\/index.php\/wp-json\/wp\/v2\/pages\/315"}],"collection":[{"href":"https:\/\/athenaeum.unipv.it\/index.php\/wp-json\/wp\/v2\/pages"}],"about":[{"href":"https:\/\/athenaeum.unipv.it\/index.php\/wp-json\/wp\/v2\/types\/page"}],"author":[{"embeddable":true,"href":"https:\/\/athenaeum.unipv.it\/index.php\/wp-json\/wp\/v2\/users\/1"}],"replies":[{"embeddable":true,"href":"https:\/\/athenaeum.unipv.it\/index.php\/wp-json\/wp\/v2\/comments?post=315"}],"version-history":[{"count":15,"href":"https:\/\/athenaeum.unipv.it\/index.php\/wp-json\/wp\/v2\/pages\/315\/revisions"}],"predecessor-version":[{"id":1387,"href":"https:\/\/athenaeum.unipv.it\/index.php\/wp-json\/wp\/v2\/pages\/315\/revisions\/1387"}],"wp:attachment":[{"href":"https:\/\/athenaeum.unipv.it\/index.php\/wp-json\/wp\/v2\/media?parent=315"}],"curies":[{"name":"wp","href":"https:\/\/api.w.org\/{rel}","templated":true}]}}