{"id":316,"date":"2020-10-22T06:05:05","date_gmt":"2020-10-22T06:05:05","guid":{"rendered":"http:\/\/webnixinfotech.com\/?page_id=316"},"modified":"2021-05-03T21:41:24","modified_gmt":"2021-05-03T21:41:24","slug":"ath46-2004","status":"publish","type":"page","link":"https:\/\/athenaeum.unipv.it\/index.php\/ath46-2004\/","title":{"rendered":"ATH46-2004"},"content":{"rendered":"<div id=\"pl-316\"  class=\"panel-layout\" ><div id=\"pg-316-0\"  class=\"panel-grid panel-no-style\" ><div id=\"pgc-316-0-0\"  class=\"panel-grid-cell\" ><div id=\"panel-316-0-0-0\" class=\"so-panel widget widget_sow-editor panel-first-child panel-last-child\" data-index=\"0\" ><div\n\t\t\t\n\t\t\tclass=\"so-widget-sow-editor so-widget-sow-editor-base\"\n\t\t\t\n\t\t>\n<div class=\"siteorigin-widget-tinymce textwidget\">\n\t<div align=\"center\">\n<p>&nbsp;<\/p>\n<table border=\"0\" width=\"90%\">\n<tbody>\n<tr>\n<td width=\"100%\">\n<p style=\"margin-bottom: 0px;\" align=\"center\"><span style=\"font-size: large;\"><b>Athenaeum<br \/>\n<\/b><\/span><\/p>\n<p style=\"margin-bottom: 0px;\" align=\"center\"><b>Indice dell\u2019annata 2004<\/b><\/p>\n<div align=\"center\">\n<table border=\"0\" width=\"75%\" cellpadding=\"0\">\n<tbody>\n<tr>\n<td width=\"15%\"><a href=\"#Anchor-Fascicol-13312\"><b>Fascicolo 1<\/b><\/a><\/td>\n<td width=\"35%\">\n<div align=\"center\">\n<p>&nbsp;<\/p>\n<table border=\"0\" cellpadding=\"0\">\n<tbody>\n<tr>\n<td><a href=\"#Anchor-Articol-21800\"><b>Articoli<\/b><\/a><\/td>\n<\/tr>\n<tr>\n<td><a href=\"#Anchor-Not-35433\"><b>Note e discussioni<\/b><\/a><\/td>\n<\/tr>\n<tr>\n<td><a href=\"#Anchor-Recension-49687\"><b>Recensioni<\/b><\/a><\/td>\n<\/tr>\n<tr>\n<td><a href=\"#Anchor-Notizi-63154\"><b>Notizie di pubblicazione<\/b><\/a><\/td>\n<\/tr>\n<\/tbody>\n<\/table>\n<p>&nbsp;<\/p>\n<\/div>\n<\/td>\n<td width=\"15%\"><a href=\"#Anchor-Fascicol-10032\"><b>Fascicolo 2<\/b><\/a><\/td>\n<td width=\"35%\">\n<table border=\"0\" cellpadding=\"0\">\n<tbody>\n<tr>\n<td><a href=\"#Anchor-Articol-24888\"><b>Articoli<\/b><\/a><\/td>\n<\/tr>\n<tr>\n<td><a href=\"#Anchor-Not-38131\"><b>Note e discussioni<\/b><\/a><\/td>\n<\/tr>\n<tr>\n<td><a href=\"#Anchor-Recension-50456\"><b>Recensioni<\/b><\/a><\/td>\n<\/tr>\n<tr>\n<td><a href=\"#Anchor-Notizi-64396\"><b>Notizie di pubblicazione<\/b><\/a><\/td>\n<\/tr>\n<\/tbody>\n<\/table>\n<\/td>\n<\/tr>\n<\/tbody>\n<\/table>\n<p><a style=\"font-family: inherit; font-size: inherit;\" name=\"Anchor-Fascicol-13312\"><\/a><\/p>\n<\/div>\n<p style=\"text-align: center;\"><b><i><\/i><\/b><b><i>Fascicolo 1<br \/>\n<\/i><\/b><b style=\"font-family: inherit; font-size: inherit;\"><i>(pubblicazione: aprile 2004)<\/i><\/b><\/p>\n<div align=\"center\">\n<p><b><i><a name=\"Anchor-Articol-21800\"><\/a><\/i><\/b><\/p>\n<\/div>\n<div align=\"center\">\n<p>&nbsp;<\/p>\n<h3 style=\"margin-left: 18pt; text-indent: -18pt; text-align: left;\"><span style=\"font-size: 12.0pt;\">Articoli<\/span><\/h3>\n<\/div>\n<p>\u2020 C. SALETTI, <em>Aquileia e la <\/em>Dalmatia. <em>Spunti da una statua femminile aquileiese<br \/>\n<\/em>F. FONTANELLA, <em>Il Senato nelle <\/em>Verrine <em> ciceroniane fra teoria e prassi politica<br \/>\n<\/em>S. HONIGMAN, <em>La description de J\u00e9rusalem et de la Jud\u00e9e dans la <\/em>Lettre d'Arist\u00e9e<br \/>\nC.M. LUCARINI, <em>Le fonti storiche di Silio Italico<br \/>\n<\/em>M. CHARLES, <em>Mons Graupius revisited: Tacitus, Agricola and Auxiliary Infantry<br \/>\n<\/em>S. PULIATTI <em>, Le funzioni civili del vescovo in et\u00e0 giustinianea<br \/>\n<\/em>G. PEREIRA-MENAUT, <em>Che cos'\u00e8 un <\/em>munus <em>?<a name=\"Anchor-Not-35433\"><\/a><\/em><\/p>\n<h3 style=\"margin-left: 18.0pt; text-indent: -18.0pt;\"><span style=\"font-size: 12.0pt;\">Note e Discussioni<\/span><\/h3>\n<p>S. RAINEY, <em>Thucydides, 1.98-118, Diodorus, 11.60-12.28, and their Common Source<br \/>\n<\/em>T. SPAGNUOLO VIGORITA, <em>Umberto Laffi filologo e storico del diritto<br \/>\n<\/em>J. GEIGER, <em>The Tombs of Remus and Romulus: an Overlooked Source and its Implications<br \/>\n<\/em>F. FERRARI, <em>Il <\/em>Timeo <em>degli antichi<a name=\"Anchor-Recension-49687\"><\/a><\/em><\/p>\n<h3 style=\"margin-left: 18.0pt; text-indent: -18.0pt;\"><span style=\"font-size: 12.0pt;\">Recensioni<\/span><\/h3>\n<p><em>Irrigation et drainage dans l'Antiquit\u00e9. Qanats et canalisations souterraines en Iran, en \u00c9gypte et en Gr\u00e8ce <\/em>, a c. di P. BRIANT (U. Fantasia)<br \/>\n<em>10 anni di archeologia a Cortona <\/em>, a c. di C. MASSERIA (L. Sensi)<br \/>\nM. CLARKE , <em>Flesh and Spirit in the Songs of Homer. A Study of Words and Myths <\/em> (M. Negri)<br \/>\n<em>Documents of Ancient Greek Music. The extant Melodies and fragments <\/em>, ed. by E. P\u00d6HLMANN - M.L. WEST (P. Giannini)<br \/>\nP.A. ROSENMEYER , <em>Ancient Epistolary Fictions. The Letter in Greek Literature <\/em> (A. Corcella)<br \/>\n<em>Greek Fictional Letters <\/em>, A Selection with Intr., Transl. and Comm. by C.D. NUTTALL COSTA (A. Corcella)<br \/>\nB. PUECH, <em>Orateurs et sophistes grecs dans les inscriptions d'epoque imp\u00e9riale <\/em>(D. Campanile)<br \/>\nG.R. BOYS-STONES , <em>Post-Hellenistic Philosophy. A Study of its Development from the Stoics to Origen <\/em> (F. Ferrari)<br \/>\nJ. MART\u00cdNEZ-PINNA , <em>La prehistoria m\u00edtica de Roma. Introducci\u00f3n a la etnog\u00e9nesis Latina <\/em> (E. Gabba)<br \/>\nA. MEHL , <em>R\u00f6mische Geschichtsschreibung. Grundlagen und Entwicklungen. Eine Einf\u00fchrung <\/em> (E. Gabba)<br \/>\n<em>Formen r\u00f6mischer Geschichtsschreibung von den Anf\u00e4ngen bis Livius. Gattungen-Autoren-Kontexte <\/em>, hrsg. von U. EIGLER - U. GOTTER - N. LURAGHI - U. WALTER (E. Gabba)<br \/>\n<em>Ceti medi in Cisalpina. Atti del Colloquio Internazionale. 14-16 settembre 2000 <\/em>, a c. di A. SARTORI - A. VALVO (E. No\u00e8)<br \/>\nM. DONDIN-PAYRE - M.-Th. Raepsaet-Charlier (edd.), <em>Noms. Identit\u00e9s culturelles et Romanisation sous le Haut-Empire <\/em>(M.A. Giua)<br \/>\nR. SCHARF , <em>Agrippa postumus. Splitter einer historischen Figur <\/em> (M.A. Giua)<a name=\"Anchor-Notizi-63154\"><\/a><\/p>\n<p>&nbsp;<\/p>\n<h3 style=\"margin-left: 18.0pt; text-indent: -18.0pt;\"><span style=\"font-size: 12.0pt;\">Notizie di Pubblicazioni<\/span><\/h3>\n<p>B. LEGRAS , <em>Lire en Egypte d'Alexandre \u00e0 l'Islam <\/em> (E. Gabba)<br \/>\n<em>Greek Medical Papyri <\/em> I, ed. by I. ANDORLINI (M. Negri)<br \/>\nA. SETAIOLI , <em>Facundus Seneca. Aspetti della lingua e dell'ideologia senecana <\/em> (A. Bonadeo)<br \/>\nE. NARDUCCI , <em>Lucano. Un'epica contro l'Impero. Interpretazione della \u201cPharsalia\u201d <\/em>(P.V. Cova)<br \/>\nR.R. NAUTA , <em>Poetry for Patrons. Literary Communication in the Age of Domitian <\/em> (P.V. Cova)<br \/>\nF. MEROBAUDE , <em>Panegirico in versi. <\/em> Intr. e comm. a c. di A. BRUZZONE (E. Gabba)<br \/>\nCASSIODORO , <em> Le Istituzioni, <\/em>a c. di M. DONNINI (U. Pizzani)<br \/>\n<em>Memoria e identit\u00e0. La cultura romana costruisce la sua immagine <\/em>, a c. di M. CITRONI (E. No\u00e8)<br \/>\nD. ROMANO , <em>Tra antico e tardoantico <\/em> (A. Miracca)<br \/>\nC. HOWGEGO , <em>La storia antica attraverso le monete <\/em> (E. Gabba)<br \/>\nA. MOSCA , <em>Via Cassia. Un sistema stradale romano tra Roma e Firenze <\/em> (V. Bracco)<\/p>\n<p><a name=\"Anchor-Fascicol-10032\"><\/a><\/p>\n<p align=\"center\"><b><i><span style=\"font-size: 11.0pt;\">Fascicolo 2<br \/>\n<\/span><\/i><\/b><b><i><span style=\"font-size: 11.0pt;\">(pubblicazione: ottobre 2004)<a name=\"Anchor-Articol-24888\"><\/a><\/span><\/i><\/b><\/p>\n<p>&nbsp;<\/p>\n<div align=\"center\">\n<p>&nbsp;<\/p>\n<h3 style=\"margin-left: 18pt; text-indent: -18pt; text-align: left;\"><span style=\"font-size: 12.0pt;\">Articoli<\/span><\/h3>\n<\/div>\n<p>F. SENATORE, <em>Una caratterizzazione dei Sanniti in Livio: l' <\/em>inscitia belli<br \/>\nJ. HUNT, <em>Conjectures in the <\/em>Aegritudo Perdiccae<br \/>\nA.M. CANTO, <em>It\u00e1lica, <\/em>sedes natalis <em> de Adriano. 31 textos hist\u00f3ricos y argumentos para una secular pol\u00e9mica<br \/>\n<\/em>N. GORLANI, <em>Il \u201cmagnetismo poetico\u201d: alcune considerazioni sulle strategie esegetiche di Proclo<br \/>\n<\/em>M. VICKERS, <em>Aspasia on Stage: Aristophanes' <\/em>Ecclesiazusae<br \/>\nC. RUGGERI, <em>Senofonte a Scillunte<br \/>\n<\/em>A. COSKUN, <em>Die Karriere des Virius Nicomachus Flavianus. <\/em><em>Mit Exkursen zu den <\/em>praefecti praetorio Italiae <em>, <\/em>Africae et Illyrici <em> 388-95<a name=\"Anchor-Not-38131\"><\/a><\/em><\/p>\n<h3 style=\"margin-left: 1.0cm; text-indent: -1.0cm;\"><span style=\"font-size: 12.0pt;\">Note e Discussioni<\/span><\/h3>\n<p>J.A. CL\u00daA SERENA, <em>Comparative Notes on Minor Episodes from Apollonius Rhodius' Argonautica and Callimachus' Fragments<br \/>\n<\/em>E. TORREGARAY PAGOLA, <em>Quelques remarques sur le langage politique de la d\u00e9cadence dans les <\/em>Verrines<br \/>\nP. L\u00d3PEZ BARJA DE QUIROGA, <em>Formaciones sociales de clase en la Rep\u00fablica tard\u00eda<br \/>\n<\/em>F. FONTANELLA, II Verr. <em> V,152: un possibile contributo alla datazione della <\/em>Lex Plautia de reditu Lepidanorum<br \/>\nC.M. LUCARINI, <em>A proposito della nuova edizione del <\/em>De resurrectione mortuorum <em> dello pseudo-Atenagora e dello pseudo-Giustino<br \/>\n<\/em>O. ROUAULT - C. MORA, <em>Progetto \u201cTerqa e la sua regione\u201d: Rapporto preliminare 2003<br \/>\n<\/em>U. LAFFI, <em>Nota minima sulla <\/em>divisio vocabulorum <em> nel <\/em>fragmentum Atestinum<a name=\"Anchor-Recension-50456\"><\/a><\/p>\n<h3 style=\"margin-left: 1.0cm; text-indent: -1.0cm;\"><span style=\"font-size: 12.0pt;\">Recensioni<\/span><\/h3>\n<p>A.J. DOM\u00cdNGUEZ MONEDERO , <em>Sol\u00f3n de Atenas <\/em> (D. Ambaglio)<br \/>\n<em>Studi sull'XI libro dei <\/em>Geographika <em> di Strabone <\/em>, a c. di G. TRAINA (L. Boffo)<br \/>\nE. GABBA - U. LAFFI , <em>Sociedad y pol\u00edtica en la Roma republicana (siglos III-I a.C.) <\/em> (L. Polverini)<br \/>\nJ.BANAJI , <em>Agrarian Change in Late Antiquity. Gold, Labour, and Aristocratic Dominance <\/em> (D. Foraboschi)<br \/>\nCICERONE MARCO TULLIO, <em>Lettere <\/em><em>dall'esilio <\/em><em>(dalle <\/em>Epistulae ad Atticum, ad Familiares, ad Quintum fratrem), Intr. trad., comm. a c. di R. DEGL'INNOCENTI PIERINI (M. Bonvicini)<br \/>\nL. LANDOLFI , Integra prata <em>. Manilio, i proemi <\/em>, Bologna, P\u00e0tron 2003 (C.M. Calcante)<br \/>\nG. IMPERATORE , <em>Al Cinico Eraclio <\/em>, Ed. crit., trad. e comm. a c. di R. GUIDO (F. Ferrari)<br \/>\nH.-U.WIEMER , <em>Rhodische Traditionen in der hellenistischen Historiographie <\/em> (C. Bearzot)<br \/>\n<em style=\"font-family: inherit; font-size: inherit;\">Biografia dipinta. Plutarco e l'arte del Rinascimento 1400-1550 <\/em><span style=\"font-family: inherit; font-size: inherit;\">, a c. di R. GUERRINI (C. Fraccaro)<\/span><\/p>\n<p><a name=\"Anchor-Notizi-64396\"><\/a><\/p>\n<h3 style=\"margin-left: 1.0cm; text-indent: -1.0cm;\"><span style=\"font-size: 12.0pt;\">Notizie di Pubblicazioni<\/span><\/h3>\n<p>M.T. D'ALESSIO, <em>Materiali votivi dal Foro Triangolare di Pompei <\/em>(S. Miranda)<br \/>\nX. DUPR\u00c9 RAVENT\u00d3S - J.-A. REMOL\u00c0 (a c. di), <em>Sordes Urbis. La eliminaci\u00f3n de residuos en la ciudad romana <\/em><em>(Actas de la reuni\u00f3n de Roma, 15-16 novembre 1996) <\/em> (S. Miranda)<br \/>\nR. BORGHI , <em>Chiusi <\/em> (V. Bracco)<br \/>\n<em>I luoghi della moneta. Le sedi delle zecche dall'antichit\u00e0 all'et\u00e0 moderna. Atti del Convegno Internazionale 22-23 Ottobre 1999 Milano <\/em>, a c. di R. LA GUARDIA (A. Bolis)<br \/>\nM. BERGAMINI (ed.), <em> La collezione numismatica di Emilio Bonci Casuccini <\/em> (A. Bolis)<br \/>\n<em>Alexander the Great in Fact and Fiction <\/em>, Ed. by A.B. BOSWORTH &amp; E.J. BAYNHAM (D. Ambaglio)<br \/>\nC. BRITTAIN , <em>Philo of Larissa. The Last of the Academic Sceptics <\/em> (F. Ferrari)<br \/>\nAa.Vv. , <em>Ricerche su Dione di Prusa <\/em> (A. Marcone)<br \/>\n<em>L'adorabile vescovo d'Ippona (Atti del convegno di Paola, 24-25 maggio 2000) <\/em>, a c. di F.E. CONSOLINO (A. Marcone)<br \/>\n<em>Atti della seconda giornata ennodiana <\/em>, a c. di E. D'ANGELO (C. Majani)<br \/>\nR. ZELNICK - I. SHATZMAN , <em>Roma: imperialismo e impero <\/em> (S. Castelli)<br \/>\n<em>Latin vulgaire - latin tardif <\/em>, VI. <em>Actes du VI e colloque international sur le latin vulgaire et tardif (Helsinki, 29 ao\u00fbt - 2 septembre 2000) <\/em>, \u00e9dd. H. SOLIN - M. LEIWO - H. HALLA-Aho (A. Miracca)<br \/>\nM. FELICI - L. GAGLIARDI, <em>Collegio di Diritto Romano 2004 - \"Gli statuti municipali\" <\/em><\/p>\n<p>&nbsp;<\/p>\n<\/td>\n<\/tr>\n<\/tbody>\n<\/table>\n<p>&nbsp;<\/p>\n<\/div>\n<p>&nbsp;<\/p>\n<p align=\"center\"><a href=\"http:\/\/dobc.unipv.it\/dipscant\/athenaeum\/athenaeum.html\">Athenaeum<\/a> - <a href=\"http:\/\/dobc.unipv.it\/dipscant\/index.html\">Home dipartimento<\/a><\/p>\n<\/div>\n<\/div><\/div><\/div><\/div><\/div>","protected":false},"excerpt":{"rendered":"<p>&nbsp; Athenaeum Indice dell\u2019annata 2004 Fascicolo 1 &nbsp; Articoli Note e discussioni Recensioni Notizie di pubblicazione &nbsp; Fascicolo 2 Articoli Note e discussioni Recensioni Notizie di pubblicazione Fascicolo 1 (pubblicazione: aprile 2004) &nbsp; Articoli \u2020 C. SALETTI, Aquileia e la Dalmatia. Spunti da una statua femminile aquileiese F. FONTANELLA, Il Senato nelle Verrine ciceroniane fra&hellip;&nbsp;<a href=\"https:\/\/athenaeum.unipv.it\/index.php\/ath46-2004\/\" class=\"\" rel=\"bookmark\">Leggi tutto &raquo;<span class=\"screen-reader-text\">ATH46-2004<\/span><\/a><\/p>\n","protected":false},"author":1,"featured_media":0,"parent":0,"menu_order":0,"comment_status":"closed","ping_status":"closed","template":"","meta":{"neve_meta_sidebar":"full-width","neve_meta_container":"","neve_meta_enable_content_width":"on","neve_meta_content_width":100,"neve_meta_title_alignment":"","neve_meta_author_avatar":"","neve_post_elements_order":"","neve_meta_disable_header":"","neve_meta_disable_footer":"","neve_meta_disable_title":"","_themeisle_gutenberg_block_has_review":false,"_ti_tpc_template_sync":false,"_ti_tpc_template_id":""},"acf":[],"_links":{"self":[{"href":"https:\/\/athenaeum.unipv.it\/index.php\/wp-json\/wp\/v2\/pages\/316"}],"collection":[{"href":"https:\/\/athenaeum.unipv.it\/index.php\/wp-json\/wp\/v2\/pages"}],"about":[{"href":"https:\/\/athenaeum.unipv.it\/index.php\/wp-json\/wp\/v2\/types\/page"}],"author":[{"embeddable":true,"href":"https:\/\/athenaeum.unipv.it\/index.php\/wp-json\/wp\/v2\/users\/1"}],"replies":[{"embeddable":true,"href":"https:\/\/athenaeum.unipv.it\/index.php\/wp-json\/wp\/v2\/comments?post=316"}],"version-history":[{"count":11,"href":"https:\/\/athenaeum.unipv.it\/index.php\/wp-json\/wp\/v2\/pages\/316\/revisions"}],"predecessor-version":[{"id":1298,"href":"https:\/\/athenaeum.unipv.it\/index.php\/wp-json\/wp\/v2\/pages\/316\/revisions\/1298"}],"wp:attachment":[{"href":"https:\/\/athenaeum.unipv.it\/index.php\/wp-json\/wp\/v2\/media?parent=316"}],"curies":[{"name":"wp","href":"https:\/\/api.w.org\/{rel}","templated":true}]}}