{"id":346,"date":"2020-10-22T06:11:48","date_gmt":"2020-10-22T06:11:48","guid":{"rendered":"http:\/\/webnixinfotech.com\/?page_id=346"},"modified":"2024-10-03T16:55:26","modified_gmt":"2024-10-03T16:55:26","slug":"ath46-2019","status":"publish","type":"page","link":"https:\/\/athenaeum.unipv.it\/index.php\/ath46-2019\/","title":{"rendered":"ATH46-2019"},"content":{"rendered":"<div id=\"pl-346\"  class=\"panel-layout\" ><div id=\"pg-346-0\"  class=\"panel-grid panel-no-style\" ><div id=\"pgc-346-0-0\"  class=\"panel-grid-cell\" ><div id=\"panel-346-0-0-0\" class=\"so-panel widget widget_sow-editor panel-first-child panel-last-child\" data-index=\"0\" ><div id=\"none-break\" class=\"panel-widget-style panel-widget-style-for-346-0-0-0\" ><div\n\t\t\t\n\t\t\tclass=\"so-widget-sow-editor so-widget-sow-editor-base\"\n\t\t\t\n\t\t>\n<div class=\"siteorigin-widget-tinymce textwidget\">\n\t<p style=\"margin-bottom: 0px;\" align=\"center\"><span style=\"font-size: large;\"><b>Athenaeum<br \/>\n<\/b><\/span><\/p>\n<p style=\"margin-bottom: 0px;\" align=\"center\"><b>Indice dell\u2019annata 2019<\/b><\/p>\n<div align=\"center\">\n<table border=\"0\" width=\"75%\" cellpadding=\"0\">\n<tbody>\n<tr>\n<td width=\"15%\"><a href=\"#Anchor-Fascicol-13312\"><b>Fascicolo 1<\/b><\/a><\/td>\n<td width=\"35%\">\n<div align=\"center\">\n<p>&nbsp;<\/p>\n<table style=\"width: 77.1704%;\" border=\"0\" cellpadding=\"0\">\n<tbody>\n<tr>\n<td style=\"width: 100%;\"><a href=\"#Anchor-Articol-21800\"><b>Articoli<\/b><\/a><\/td>\n<\/tr>\n<tr>\n<td style=\"width: 100%;\"><a href=\"#Anchor-Not-35433\"><b>Note e discussioni<\/b><\/a><\/td>\n<\/tr>\n<tr>\n<td style=\"width: 100%;\"><a href=\"#Anchor-Recension-49687\"><b>Recensioni<\/b><\/a><\/td>\n<\/tr>\n<tr>\n<td style=\"width: 100%;\"><a href=\"#Anchor-Notizi-63154\"><b>Notizie di pubblicazion<\/b><\/a><b><a href=\"#Anchor-Notizi-63154\">i<\/a><\/b><\/td>\n<\/tr>\n<\/tbody>\n<\/table>\n<p>&nbsp;<\/p>\n<\/div>\n<\/td>\n<td width=\"15%\"><a href=\"#Anchor-Fascicol-10032\"><b>Fascicolo 2<\/b><\/a><\/td>\n<td width=\"35%\">\n<table style=\"width: 201px;\" border=\"0\" cellpadding=\"0\">\n<tbody>\n<tr>\n<td style=\"width: 201px;\"><a href=\"#Anchor-Articol-24888\"><b>Articoli<\/b><\/a><\/td>\n<\/tr>\n<tr>\n<td style=\"width: 201px;\"><a href=\"#Anchor-Recension-50456\"><b>Recensioni<\/b><\/a><\/td>\n<\/tr>\n<tr>\n<td style=\"width: 201px;\"><a href=\"#Anchor-Notizi-64396\"><b>Notizie di<\/b> <strong>pubblicazion<\/strong><\/a><strong><a href=\"#Anchor-Notizi-63154\"><b>i<\/b><\/a><\/strong><\/td>\n<\/tr>\n<tr>\n<td style=\"width: 201px;\"><\/td>\n<\/tr>\n<\/tbody>\n<\/table>\n<\/td>\n<\/tr>\n<\/tbody>\n<\/table>\n<p><a style=\"font-family: inherit; font-size: inherit;\" name=\"Anchor-Fascicol-13312\"><\/a><\/p>\n<\/div>\n<p style=\"text-align: center;\"><b><i><\/i><\/b><b><i>Fascicolo 1 <\/i><\/b><\/p>\n<p style=\"text-align: center;\"><b><i><strong><em>(pubblicazione: maggio 2019)<\/em><\/strong><\/i><\/b><\/p>\n<div align=\"center\">\n<p><a name=\"Anchor-Articol-21800\"><\/a><\/p>\n<p>&nbsp;<\/p>\n<h3 style=\"margin-left: 18pt; text-indent: -18pt; text-align: left;\"><span style=\"font-size: 12.0pt;\">Articoli<\/span><\/h3>\n<\/div>\n<p class=\"p8\"><span class=\".Dorati popmake-2149\">M. Dorati, <i>Pensieri impensabili. Fato e rappresentazione del pensiero nell\u2019<\/i>Aiace<i> di Sofocle<\/i> [<i>Unthinkable Thoughts. Fate and Representation of the Mind in Sophocles\u2019 <\/i>Ajax]<\/span><\/p>\n<p class=\"p8\"><span class=\".Ciafardone popmake-2152\">G. Ciafardone, <i>Gli stoici, il destino e l'utilit\u00e0 della divinazione. Un tentativo (apologetico) di sintesi<\/i> [<i>The Stoics, Fate and the Usefulness of Divination. An (Apologetic) Attempt at Synopsis<\/i>]<\/span><\/p>\n<p class=\"p9\"><span class=\".Simon popmake-2155\">I. Sim\u00f3n Cornago, <i>Lenguas vern\u00e1culas de Hispania escritas en alfabeto latino. Un episodio particular de la latinizaci\u00f3n <\/i>[<i>Vernacular Languages of Hispania Written in the Latin Alphabet. A Particular Episode of Latinization<\/i>]<\/span><\/p>\n<p class=\"p8\"><span class=\".Tutrone popmake-2158\">F. Tutrone, Venerari contendere adicere<i>. Roman Emulation, Intergenerational Reciprocity, and the Ancient Idea of Progress<\/i><\/span><\/p>\n<p class=\"p9\"><span class=\".Canobbio popmake-2160\">A. Canobbio, <i>L\u2019epistola 1.10 di Plinio il Giovane. Il filosofo Eufrate tra Seneca e Quintiliano<\/i> [<i>Plin. <\/i>epist.<i> 1.10. The Philosopher Euphrates between Seneca and Quintilian<\/i>]<\/span><\/p>\n<p class=\"p8\"><span class=\".Harris popmake-2162\">W.V. Harris, <i>A Strange Fact about Shipboard Coin Hoards Throws Light on the Roman Empire\u2019s Financial System<\/i><\/span><\/p>\n<p class=\"p8\"><span class=\".Savino popmake-2164\">E. Savino, <i>La conquista vandala dell\u2019Africa e la popolazione di Roma nel V sec. d.C.<\/i> [<i>The Vandal Conquest of Africa and the Population of Rome in the Fifth Century AD<\/i>]<\/span><\/p>\n<p class=\"p8\"><span class=\".Liverani popmake-2166\">P. Liverani, <i>Osservazioni sul <\/i>libellus<i> delle donazioni costantiniane nel<\/i> Liber Pontificalis [<i>Observations on the <\/i>libellus<i> of the Constantinian Donations in the <\/i>Liber Pontificalis]<\/span><a name=\"Anchor-Not-35433\"><\/a><\/p>\n<p>&nbsp;<\/p>\n<h3 style=\"margin-left: 18.0pt; text-indent: -18.0pt;\"><span style=\"font-size: 12.0pt;\">Note e Discussioni<\/span><\/h3>\n<p class=\"p9\"><span class=\".Degiovanni popmake-2172\">L. Degiovanni, <i>Sull\u2019interpretazione del carme 67 di Catullo. Note in margine a una recente edizione <\/i>[<i>On the Interpretation of Catullus 67. Notes in the Margins to a Recent Edition<\/i>]<\/span><\/p>\n<p class=\"p8\"><span class=\".Stagl popmake-2174\">J.F. Stagl, <i>Mommsens romanistische Farbenlehre <\/i>[<i>Mommsen\u2019s Romanist Theory of Colours<\/i>]<a name=\"Anchor-Recension-49687\"><\/a><\/span><\/p>\n<p>&nbsp;<\/p>\n<h3 style=\"margin-left: 18.0pt; text-indent: -18.0pt;\"><span style=\"font-size: 12.0pt;\">Recensioni<\/span><\/h3>\n<p class=\"p8\">E. Amato - M.-H. Marganne (sous la dir. de), <i>Le trait\u00e9 <\/i>Sur l'exil<i> de Favorinos d'Arles. Papyrologie, philologie et litt\u00e9rature <\/i>(R. Pintaudi)<\/p>\n<p class=\"p8\">F. B\u00e9rard, <i>L\u2019arm\u00e9e romaine \u00e0 Lyon <\/i>(M. Rocco)<\/p>\n<p class=\"p8\">A. Bertrand, <i>La religion publique des colonies dans l'Italie r\u00e9publicaine et imp\u00e9riale (Italie m\u00e9dio-adriatique, III<sup>e<\/sup> s. av. n.\u00e8. - II<sup>e<\/sup> s. de n.\u00e8.)<\/i> (P. Arena)<\/p>\n<p class=\"p8\">F. Botta - L. Loschiavo (a c. di), Civitas<i>,<\/i> Iura<i>,<\/i> Arma<i>.<\/i> <i>Organizzazioni militari, istituzioni giuridiche e strutture sociali alle origini dell\u2019Europa (secc. III-VIII)<\/i> (M. Rocco)<\/p>\n<p class=\"p8\">C. Brunello, <i>Storia e <\/i>paideia<i> nel <\/i>Panatenaico<i> di Isocrate<\/i> (J. Signes Codo\u00f1er)<\/p>\n<p class=\"p8\">V. Bucciantini, <i>Studio su Nearco di Creta. Dalla descrizione geografica alla narrazione storica<\/i> (R. Pomelli)<\/p>\n<p class=\"p8\">D. Burgersdijk et al. (eds.), <i>Sicily and the Sea<\/i> (G. Purpura)<\/p>\n<p class=\"p8\">J.L. Ca\u00f1izar Palacios, <i>La nueva geograf\u00eda pol\u00edtica de los siglos IV-V d.C. El valor simb\u00f3lico e ideol\u00f3gico de la ciudad. An\u00e1lisis de las fuentes literarias y legislativas<\/i> (A.-V. Pont)<\/p>\n<p class=\"p8\">A. Cinalli, \u01ac\u1f70 <span class=\"s1\">\u03be<\/span>\u1f73<span class=\"s1\">\u03bd\u03b9\u03b1<\/span><i>. La cerimonia di ospitalit\u00e0 cittadina<\/i> (F.J. Gonz\u00e1lez Garc\u00eda)<\/p>\n<p class=\"p8\">E. Flores (ed.): Cn. Naevi <i>Bellum Poenicum<\/i>; E. Flores, <i>Commentario a Cn. Naevi <\/i>Bellum Poenicum (C. Faustinelli)<\/p>\n<p class=\"p8\">S. Fogelmark, <i>The Kallierges Pindar. A Study in Renaissance Greek Scholarship and Printing<\/i> (F. Tissoni)<\/p>\n<p class=\"p8\">F. Gasti - M. Cutino (a c. di), <i>Poesia e teologia nella produzione latina dei secoli IV-V<\/i> (L. Furbetta)<\/p>\n<p class=\"p8\">B. Grass - Gh. Stouder (sous la dir. de),<i> La diplomatie romaine sous la R\u00e9publique: r\u00e9flexions sur une pratique<\/i> (P.J. Burton)<\/p>\n<p class=\"p8\">S. Hornblower (ed.): Lykophron, <i>Alexandra<\/i> (V. Lanzara)<\/p>\n<p class=\"p8\">L. Iori, <i>Thucydides anglicus. Gli <\/i>Eight Bookes<i> di Thomas Hobbes e la ricezione inglese delle <\/i>Storie<i> di Tucidide (1450-1642)<\/i> (J. Meddemmen)<\/p>\n<p class=\"p8\">S.G. Jacobs, <i>Plutarch\u2019s Pragmatic Biographies. Lessons for Statesmen and Generals in the <\/i>Parallel Lives (R. Scuderi)<\/p>\n<p class=\"p8\">C. Letta - S. Segenni (a c. di), <i>Roma e le sue province. Dalla prima guerra punica a Diocleziano <\/i>(C. Br\u00e9laz)<\/p>\n<p class=\"p8\">J.-F. Lhermitte, <i>L\u2019animal vertueux dans la philosophie \u00e0 l\u2019\u00e9poque imp\u00e9riale<\/i> (M. Vespa)<\/p>\n<p class=\"p8\">D. Mantovani, <i>Les juristes \u00e9crivains de la Rome antique. Les oeuvres des juristes comme litt\u00e9rature <\/i>(L. Holford-Strevens)<\/p>\n<p class=\"p8\">A. Marcone (a c. di), <i>L\u2019imperatore Giuliano. Realt\u00e0 storica e rappresentazione <\/i>(F. Oppedisano)<\/p>\n<p class=\"p8\">L. Martorelli (a c. di), <i>Greco antico nell'Occidente carolingio. Frammenti di testi attici nell'<\/i>Ars <i>di Prisciano<\/i> (F. Fortes)<\/p>\n<p class=\"p8\">P.F. Moretti - R. Ricci - Ch. Torre (ed.), <i>Culture and Literature in Latin Late Antiquity. Continuities and Discontinuities<\/i> (F. Gasti)<\/p>\n<p class=\"p8\">T. \u00d1aco del Hoyo - R. Riera - D. G\u00f3mez-Castro (eds.), <i>Ancient Disasters and Crisis Management in Classical Antiquity<\/i> (K. Beerden)<\/p>\n<p class=\"p8\">H. Normand, <i>Les rapaces dans les mondes grec et romain. Cat\u00e9gorisation, repr\u00e9sentations culturelles et pratiques<\/i> (H. M\u00e9nard)<\/p>\n<p class=\"p8\">D.M. Pritchard, <i>Public Spending and Democracy in Classical Athens<\/i> (L. Burckhardt)<\/p>\n<p class=\"p8\">M. Requena Jim\u00e9nez, <i>Presagios de muerte. Cuando los dioses abandonan al emperador romano<\/i> (S. Armani)<\/p>\n<p class=\"p8\"><i>Semanas de Estudios Romanos<\/i>, Vol. XVII. <i>In memoriam Emilio Gabba<\/i> (L. Polverini)<\/p>\n<p class=\"p8\">S.A. Stephens (ed.): Callimachus, <i>The Hymns<\/i> (E. Rapella)<\/p>\n<p class=\"p8\">N. Tran, Dominus tabernae. <i>Le statut de travail des artisans et des commer\u00e7ants de l'Occident romain (I<\/i><span class=\"s2\"><i>er <\/i><\/span><i>si\u00e8cle av. J.C. - III<\/i><span class=\"s2\"><i>e<\/i><\/span><i> si\u00e8cle ap. J.-C.) <\/i>(J.-J. Aubert)<a name=\"Anchor-Notizi-63154\"><\/a><\/p>\n<p>&nbsp;<\/p>\n<h3 style=\"margin-left: 18.0pt; text-indent: -18.0pt;\"><span style=\"font-size: 12.0pt;\">Notizie di Pubblicazioni<\/span><\/h3>\n<p class=\"p8\">A. Capone - A. Beccarini (a c. di), <i>Aliter. Controversie religiose e definizioni di identit\u00e0 tra Tardoantico e Medioevo <\/i>(A. Marcone)<\/p>\n<p class=\"p8\">B. D\u00edaz Ari\u00f1o, <i>Miliarios romanos de \u00e9poca republicana<\/i> (R. Scuderi)<\/p>\n<p class=\"p8\">S. Marcucci (a c. di): Bernardo Lapini, <i>In Paradoxa Ciceronis commentarii<\/i> (S. Brambilla)<\/p>\n<p class=\"p14\">Pubblicazioni ricevute<\/p>\n<p><a name=\"Anchor-Fascicol-10032\"><\/a><b><i><\/i><\/b><\/p>\n<p align=\"center\"><b><i><span style=\"font-size: 11.0pt;\">Fascicolo 2<\/span><\/i><\/b><\/p>\n<p align=\"center\"><b><i><span style=\"font-size: 11.0pt;\">(pubblicazione: ottobre 2019)<\/span><\/i><\/b><\/p>\n<p align=\"center\"><b><i><span style=\"font-size: 11.0pt;\"><a name=\"Anchor-Articol-24888\"><\/a><\/span><\/i><\/b><\/p>\n<h3 style=\"margin-left: 18pt; text-indent: -18pt; text-align: left;\"><span style=\"font-size: 12.0pt;\">Articoli<\/span><\/h3>\n<p><span class=\".Herrera popmake-2212\">J. Herrera Rando, <em>Magistrados locales y lenguas ind\u00edgenas en el Occidente Romano. Hispania, Galia e Italia (ss. III a.C. - I d.C.) <\/em>[<em>Local Magistrates and Indigenous Languages in the Roman West. Spain, Gaul and Italy (3rd c. BC - 1st c. AD)<\/em>]<\/span><\/p>\n<p><span class=\".Estaran popmake-2216\">M.J. Estar\u00e1n Tolosa, <em>\u00bfHablantes de lenguas it\u00e1licas en Hispania? Un an\u00e1lisis onom\u00e1stico y socioling\u00fc\u00edstico de la epigraf\u00eda latina hispana del siglo II a.C. <\/em>[<em>Speakers of Italic Languages in Hispania? An Onomastic and Sociolinguistic Analysis of the Spanish Latin Epigraphy of the 2nd c. BCE<\/em>]<\/span><\/p>\n<p><span class=\".Frolov popmake-2218\">R.M. Frolov, <em>Midway between Magistrates and <\/em>privati<em>? <\/em><em>Cinna in 87 BCE<\/em><\/span><\/p>\n<p><span class=\".Bonadeo popmake-2220\">A. Bonadeo, <em>Il \u2018canone\u2019 di Quintiliano (<\/em>inst.<em> 10.1.46 ss.) e la <\/em>Heldenschau<em> dell\u2019<\/em>Eneide<em> (6.756 ss.)<\/em> [<em>Quintilian\u2019s <\/em><em>\u2018Canon\u2019 <\/em><em>(<\/em>inst. <em>10.1.46 ss.) and the<\/em> Heldenschau <em>of the<\/em> Aeneid <em>(6.756 ss.)<\/em>]<\/span><\/p>\n<p><span class=\".Bono popmake-2222\">M. Bono, <em>Riflessioni sulla lacuna nel dibattito Agrippa-Mecenate (Dio 52.13.7-14.1)<\/em> [<em>Reflections on the Lacuna in the Agrippa-Maecenas Debate (Dio 52.13.7-14.1)<\/em>]<\/span><\/p>\n<p><span class=\".Casarotti popmake-2224\">L. Casarotti, <em>Questioni testuali e d\u2019interpretazione giuridica in Ulp. 35 <\/em>ad ed. <em>D. 26.4.5.3 <\/em>[<em>Issues of Textual and Legal Interpretation of Ulp. 35 <\/em>ad ed. <em>D. 26.4.5.3<\/em>]<\/span><\/p>\n<p><span class=\".Gasperis popmake-2226\">F. De Gasperis, <em>I <\/em>cognomina devictarum gentium<em> attribuiti a Galerio nell'editto di tolleranza del 311 tramandato da Eusebio di Cesarea <\/em>[<em>The <\/em>cognomina devictarum gentium<em> Assigned to Galerius by Eusebius of Caesarea in the Edict of Toleration of 311<\/em>]<\/span><\/p>\n<p><span class=\".Megna popmake-2228\">P. Megna, <em>Ficino e Apuleio. Nuove considerazioni<\/em> [<em>Ficino and Apuleius. New Considerations<\/em>]<\/span><\/p>\n<p><span class=\".Oller popmake-2230\">J. Oller Guzm\u00e1n, <em>Belzoni estuvo aqu\u00ed. Viajes y descubrimientos de Giovanni Battista Belzoni en el Desierto Oriental egipcio <\/em>[<em>Belzoni Was Here. <\/em><em>Travels and Discoveries of Giovanni Battista Belzoni in the Egyptian Eastern Desert<\/em>]<\/span><a name=\"Anchor-Recension-50456\"><\/a><\/p>\n<h3 style=\"margin-left: 1.0cm; text-indent: -1.0cm;\"><span style=\"font-size: 12.0pt;\">Recensioni<\/span><\/h3>\n<p>A. Balbo - P. Buongiorno - E. Malaspina (a c. di), <em>Rappresentazione e uso dei <\/em>senatus consulta <em>nelle fonti letterarie della repubblica e del primo principato \u2013 Darstellung und Gebrauch der <\/em>senatus consulta <em>in den literarischen Quellen der Republik und der fr\u00fchen Kaiserzeit<\/em> (Ch. Carsana)<\/p>\n<p>M. Chelotti - M. Silvestrini (a c. di), <em>Epigrafia e territorio. Politica e societ\u00e0. Temi di antichit\u00e0 romane <\/em>X (R. Scuderi)<\/p>\n<p>C. Codo\u00f1er - P. Farmhouse Alberto (ed.), <em>Wisigothica after M.C. D\u00edaz y D\u00edaz<\/em> (L. Vangone)<\/p>\n<p>S. Costa (a c. di): Rufio Festo, <em>Breviario di Storia Romana<\/em> (S. Mollea)<\/p>\n<p>C. Daude - S. David - M. Fartzoff - C. Muckensturm-Poulle (ed.),<em> Scholies \u00e0 Pindare<\/em>, I. Vies<em> de Pindare et scholies \u00e0 la premi\u00e8re <\/em>Olympique <em>\u00abUn chemin de paroles\u00bb (<\/em>O.<em> I, 110)<\/em> (M. Negri)<\/p>\n<p>P. Esposito - Ch. Walde (a c. di), <em>Letture e lettori di Lucano<\/em> (I. Canetta)<\/p>\n<p>S. Estienne - V. Huet - F. Lissarrague - F. Prost (ed.), <em>Figures de dieux. Construire le divin en images<\/em> (F. D\u00edez-Platas)<\/p>\n<p>R. Fabiani, <em>I decreti onorari di Iasos. Cronologia e storia<\/em> (L. Boffo)<\/p>\n<p>E. Franchi - G. Proietti (a c. di), <em>Guerra e memoria nel mondo antico<\/em> (F.J. Gonz\u00e1lez Garc\u00eda)<\/p>\n<p>M.T. Galli - G. Moretti (a c. di), Sparsa colligere et integrare lacerata. <em>Centoni, <\/em>pastiches<em> e la tradizione greco-latina del reimpiego testuale<\/em> (M. Formisano)<\/p>\n<p>F. Grelle - M. Silvestrini, <em>La Puglia nel mondo romano. Storia di una periferia. Dalle guerre sannitiche alla guerra sociale<\/em> (D. Nonnis)<\/p>\n<p><em>Isidore de S\u00e9ville et son temps<\/em> (\u00abAntiquit\u00e9 Tardive\u00bb 23) (M.V. Martino)<\/p>\n<p>P. Ismard, <em>La d\u00e9mocratie contre les experts. Les esclaves publics en Gr\u00e8ce ancienne<\/em> (W. Schmitz)<\/p>\n<p>Th. Lanfranchi, <em>Les tribuns de la pl\u00e8be et la formation de la R\u00e9publique romaine, 494-287 avant J.-C.<\/em> (D. Kremer)<\/p>\n<p>C. Laudani (a c. di): Nazario, <em>Panegirico in onore di Costantino<\/em> (G. La Bua)<\/p>\n<p>R. Lauriola - K.N. Demetriou (ed.), <em>Brill\u2019s Companion to the Reception of Sophocles<\/em> (Gh. Ugolini)<\/p>\n<p>R. Lizzi Testa (ed.), <em>Late Antiquity in Contemporary Debate<\/em> (A. Marcone)<\/p>\n<p>A. Luciani - P. Zuntow (textes \u00e9dit\u00e9s par), <em>Entre mots et marbre. <\/em><em>Les m\u00e9tamorphoses d'Auguste<\/em> (P. Arena)<\/p>\n<p>Ch. McNelis - A. Sens, <em>The <\/em>Alexandra <em>of Lycophron. <\/em><em>A Literary Study<\/em> (V. Gigante Lanzara)<\/p>\n<p>B. Pieri - D. Pellacani (eds.), <em>Si verba tenerem. Studi sulla poesia latina in frammenti<\/em> (I. Leonardis)<\/p>\n<p>P. Santorelli (a c. di): Venanzio Fortunato, <em>Vite dei santi Paterno e Marcello<\/em> (S. Filosini)<\/p>\n<p>A. Spina, <em>I volti della fides e la tutela impuberum. Dal tutor suspectus al falsus tutor<\/em> (L. Casarotti)<\/p>\n<p>L.E. Tacoma, <em>Moving Romans. Migration to Rome in the Principate<\/em> (C. Moatti)<\/p>\n<p>Ch. Vassallo (ed.), <em>Physiologia. Topics in Presocratic Philosophy and Its Reception in Antiquity<\/em> (M. Abbate)<a name=\"Anchor-Notizi-64396\"><\/a><\/p>\n<h3 style=\"margin-left: 1.0cm; text-indent: -1.0cm;\"><span style=\"font-size: 12.0pt;\">Notizie di Pubblicazioni<\/span><\/h3>\n<p>A. De Carlo, <em>Il ceto equestre di Campania, Apulia et Calabria, Lucania et Bruttii dalla tarda Repubblica al IV secolo<\/em> (A. Daguet-Gagey)<\/p>\n<p>S. Destephen, <em>Le voyage imp\u00e9rial dans l'Antiquit\u00e9 tardive. Des Balkans au Proche-Orient<\/em> (A. Marcone)<\/p>\n<p>M.J. Estar\u00e1n Tolosa, <em>Epigraf\u00eda biling\u00fce del Occidente romano. El lat\u00edn y las lenguas locales en las inscripciones biling\u00fces y mixtas<\/em> (R. Scuderi)<\/p>\n<p>E. Flores, <em>Nelle traiettorie del tempo e del segno. Studi di letteratura greca e latina<\/em> (A. Sacerdoti)<\/p>\n<p>E. Flores, <em>Orazio lirico. Con antologia delle <\/em>Odi (A. Sacerdoti)<\/p>\n<p>A. J\u00f6nsson - G. Vogt-Spira (ed.), <em>The Classical Tradition in the Baltic Region. Perceptions and Adaptations of Greece and Rome <\/em>(F. Stok)<\/p>\n<p>B. Luiselli, <em>Romanobarbarica. <\/em><em>Scritti scelti<\/em>, a c. di A. Bruzzone e M.L. Fele (F. Gasti)<\/p>\n<p>H.C. Teitler, <em>The Last Pagan Emperor. Julian the Apostate and the War against Christianity<\/em> (A. Marcone)<\/p>\n<p>H. van der Blom - Ch. Gray - C. Steel (ed.), <em>Institutions and Ideology in Republican Rome. Speech, Audience and Decision<\/em> (A. Cavarzere)<\/p>\n<p>D. Wardle (ed.): Suetonius, <em>Life of Augustus. <\/em><em>Vita Divi Augusti<\/em> (C. Santi)<\/p>\n<p>&nbsp;<\/p>\n<p>Pubblicazioni ricevute<\/p>\n<p>Elenco dei collaboratori dell'annata 2019<\/p>\n<p>Indice generale<\/p>\n<p>&nbsp;<\/p>\n<p>Elenco delle pubblicazioni periodiche ricevute in cambio di \u00abAthenaeum\u00bb e donate alla Biblioteca di Studi Umanistici dell'Universit\u00e0 di Pavia<\/p>\n<\/div>\n<\/div><\/div><\/div><\/div><\/div><\/div>","protected":false},"excerpt":{"rendered":"<p>Athenaeum Indice dell\u2019annata 2019 Fascicolo 1 &nbsp; Articoli Note e discussioni Recensioni Notizie di pubblicazioni &nbsp; Fascicolo 2 Articoli Recensioni Notizie di pubblicazioni Fascicolo 1 (pubblicazione: maggio 2019) &nbsp; Articoli M. Dorati, Pensieri impensabili. Fato e rappresentazione del pensiero nell\u2019Aiace di Sofocle [Unthinkable Thoughts. Fate and Representation of the Mind in Sophocles\u2019 Ajax] G. Ciafardone,&hellip;&nbsp;<a href=\"https:\/\/athenaeum.unipv.it\/index.php\/ath46-2019\/\" class=\"\" rel=\"bookmark\">Leggi tutto &raquo;<span class=\"screen-reader-text\">ATH46-2019<\/span><\/a><\/p>\n","protected":false},"author":1,"featured_media":0,"parent":0,"menu_order":0,"comment_status":"closed","ping_status":"closed","template":"","meta":{"neve_meta_sidebar":"full-width","neve_meta_container":"","neve_meta_enable_content_width":"on","neve_meta_content_width":100,"neve_meta_title_alignment":"","neve_meta_author_avatar":"","neve_post_elements_order":"","neve_meta_disable_header":"","neve_meta_disable_footer":"","neve_meta_disable_title":"","_themeisle_gutenberg_block_has_review":false,"_ti_tpc_template_sync":false,"_ti_tpc_template_id":""},"acf":[],"_links":{"self":[{"href":"https:\/\/athenaeum.unipv.it\/index.php\/wp-json\/wp\/v2\/pages\/346"}],"collection":[{"href":"https:\/\/athenaeum.unipv.it\/index.php\/wp-json\/wp\/v2\/pages"}],"about":[{"href":"https:\/\/athenaeum.unipv.it\/index.php\/wp-json\/wp\/v2\/types\/page"}],"author":[{"embeddable":true,"href":"https:\/\/athenaeum.unipv.it\/index.php\/wp-json\/wp\/v2\/users\/1"}],"replies":[{"embeddable":true,"href":"https:\/\/athenaeum.unipv.it\/index.php\/wp-json\/wp\/v2\/comments?post=346"}],"version-history":[{"count":33,"href":"https:\/\/athenaeum.unipv.it\/index.php\/wp-json\/wp\/v2\/pages\/346\/revisions"}],"predecessor-version":[{"id":2569,"href":"https:\/\/athenaeum.unipv.it\/index.php\/wp-json\/wp\/v2\/pages\/346\/revisions\/2569"}],"wp:attachment":[{"href":"https:\/\/athenaeum.unipv.it\/index.php\/wp-json\/wp\/v2\/media?parent=346"}],"curies":[{"name":"wp","href":"https:\/\/api.w.org\/{rel}","templated":true}]}}