{"id":348,"date":"2020-10-22T06:11:20","date_gmt":"2020-10-22T06:11:20","guid":{"rendered":"http:\/\/webnixinfotech.com\/?page_id=348"},"modified":"2024-10-03T17:10:12","modified_gmt":"2024-10-03T17:10:12","slug":"ath46-2018","status":"publish","type":"page","link":"https:\/\/athenaeum.unipv.it\/index.php\/ath46-2018\/","title":{"rendered":"ATH46-2018"},"content":{"rendered":"<div id=\"pl-348\"  class=\"panel-layout\" ><div id=\"pg-348-0\"  class=\"panel-grid panel-no-style\" ><div id=\"pgc-348-0-0\"  class=\"panel-grid-cell\" ><div id=\"panel-348-0-0-0\" class=\"so-panel widget widget_sow-editor panel-first-child panel-last-child\" data-index=\"0\" ><div id=\"none-break\" class=\"panel-widget-style panel-widget-style-for-348-0-0-0\" ><div\n\t\t\t\n\t\t\tclass=\"so-widget-sow-editor so-widget-sow-editor-base\"\n\t\t\t\n\t\t>\n<div class=\"siteorigin-widget-tinymce textwidget\">\n\t<div class=\"WordSection1\">\n<div align=\"center\">\n<p>&nbsp;<\/p>\n<table border=\"0\" width=\"90%\">\n<tbody>\n<tr>\n<td width=\"100%\">\n<p style=\"margin-bottom: 0px;\" align=\"center\"><span style=\"font-size: large;\"><b>Athenaeum<br \/>\n<\/b><\/span><\/p>\n<p style=\"margin-bottom: 0px;\" align=\"center\"><b>Indice dell\u2019annata 2018<\/b><\/p>\n<div align=\"center\">\n<table border=\"0\" width=\"75%\" cellpadding=\"0\">\n<tbody>\n<tr>\n<td width=\"15%\"><a href=\"#Anchor-Fascicol-13312\"><b>Fascicolo 1<\/b><\/a><\/td>\n<td width=\"35%\">\n<div align=\"center\">\n<p>&nbsp;<\/p>\n<table border=\"0\" cellpadding=\"0\">\n<tbody>\n<tr>\n<td><a href=\"#Anchor-Articol-21800\"><b>Articoli<\/b><\/a><\/td>\n<\/tr>\n<tr>\n<td><a href=\"#Anchor-Not-35433\"><b>Note e discussioni<\/b><\/a><\/td>\n<\/tr>\n<tr>\n<td><a href=\"#Anchor-Recension-49687\"><b>Recensioni<\/b><\/a><\/td>\n<\/tr>\n<tr>\n<td><a href=\"#Anchor-Notizi-63154\"><b>Notizie di pubblicazioni<\/b><\/a><\/td>\n<\/tr>\n<\/tbody>\n<\/table>\n<p>&nbsp;<\/p>\n<\/div>\n<\/td>\n<td width=\"15%\"><a href=\"#Anchor-Fascicol-10032\"><b>Fascicolo 2<\/b><\/a><\/td>\n<td width=\"35%\">\n<table border=\"0\" cellpadding=\"0\">\n<tbody>\n<tr>\n<td><a href=\"#Anchor-Articol-24888\"><b>Articoli<\/b><\/a><\/td>\n<\/tr>\n<tr>\n<td><a href=\"#Anchor-Not-38131\"><b>Note e discussioni<\/b><\/a><\/td>\n<\/tr>\n<tr>\n<td><a href=\"#Anchor-Recension-50456\"><b>Recensioni<\/b><\/a><\/td>\n<\/tr>\n<tr>\n<td><a href=\"#Anchor-Notizi-64396\"><b>Notizie di pubblicazioni<\/b><\/a><\/td>\n<\/tr>\n<\/tbody>\n<\/table>\n<\/td>\n<\/tr>\n<\/tbody>\n<\/table>\n<p><a style=\"font-family: inherit; font-size: inherit;\" name=\"Anchor-Fascicol-13312\"><\/a><\/p>\n<\/div>\n<p style=\"text-align: center;\"><b><i><\/i><\/b><b><i>Fascicolo 1<\/i><\/b><\/p>\n<p style=\"text-align: center;\"><b><i>(pubblicazione: aprile 2018)<a name=\"Anchor-Articol-21800\"><\/a><\/i><\/b><\/p>\n<div align=\"center\">\n<p>&nbsp;<\/p>\n<h3 style=\"margin-left: 18pt; text-indent: -18pt; text-align: left;\"><span style=\"font-size: 12.0pt;\">Articoli<\/span><\/h3>\n<\/div>\n<p><span class=\".Encinas popmake-2236\">M.C. Encinas Reguero, Ichneutai<em> y <\/em>\u00c1yax<em> de S\u00f3focles. Evidencias de una relaci\u00f3n intencional <\/em>[<em>Sophocles\u2019 <\/em>Ichneutai<em> and <\/em>Ajax<em>. <\/em><em>Evidence of an Intentional Relation<\/em>]<\/span><\/p>\n<p><span class=\".Roscalla popmake-2238\">F. Roscalla, <em>Senofonte e la ricerca di un genere. La lode in prosa <\/em>[<em>Xenophon in Search of a Genre. Praise in Prose<\/em>]<\/span><\/p>\n<p><span class=\".Pascual popmake-2240\">J. Pascual, <em>Confederazione e struttura federale dell\u2019Acarnania nel secolo IV a.C<\/em>. [<em>Confederation and Federal Organization in Akarnania in the 4<sup>th<\/sup> Century BC<\/em>]<\/span><\/p>\n<p><span class=\".Moreno popmake-2242\">\u00c1.M. Moreno Leoni,<em> Un capitolo oscuro nella storia della Confederazione Achea. Riflessioni sulla condanna a morte di Aristomaco di Argo (224 a.C.) <\/em>[<em>A Dark Chapter in the History of the Achaean Confederacy. Considerations on the Death Sentence of Aristomachus of Argos (224 BC)<\/em>]<\/span><\/p>\n<p><span class=\".Belfiori popmake-2244\">F. Belfiori, <em>Il ruolo dei luoghi di culto e l\u2019espansione di Roma in Italia centrale <\/em>[<em>The Role of Cult Places and Roman Expansion in Central Italy (3<sup>rd <\/sup>and 2<sup>nd<\/sup> Centuries BC)<\/em>]<\/span><\/p>\n<p><span class=\".Garcia popmake-2246\">J. Garc\u00eda Cardiel, <em>Estrab\u00f3n y sus \u00abtres asentamientos massaliotas\u00bb. Procesos de etnog\u00e9nesis durante la conquista romana de <\/em>Hispania [<em>Strabo and His \u00abThree Small Massaliote Towns\u00bb. Ethnogenetic Processes During the Roman Conquest of <\/em>Hispania]<\/span><\/p>\n<p><span class=\".Tzounakas popmake-2248\">S. Tzounakas, Cohortatio-topoi <em>in the Description of the Battle of Actium in Vergil\u2019s<\/em> Aeneid<\/span><\/p>\n<p><span class=\".Pigon popmake-2250\">J. Pigo\u0144, <em>The Historian Bruttedius Niger on the Death of Cicero (Seneca the Elder, <\/em>Suasoriae<em> 6.20-21)<\/em><\/span><\/p>\n<p><span class=\".Gonzalez popmake-2252\">G. Gonz\u00e1lez Germain, <em>Manilio (4.16) y el <\/em>putto<em> como alegor\u00eda de la muerte en un <\/em>memento mori<em> epigr\u00e1fico de finales del s. XV (<\/em>CIL<em> II.4426 = II<\/em><em>2<\/em><em>\/14.1809)<\/em> [<em>Manilius (4.16) and the <\/em>putto<em> as an Allegory of Death in an Epigraphic <\/em>memento mori<em> of the Late 15<sup>th<\/sup> Century <\/em><em>(<\/em>CIL<em> II.4426 = II<\/em><em>2<\/em><em>\/14.1809)<\/em>]<\/span><\/p>\n<p><span class=\".Scheid popmake-2254\">J. Scheid, <em>La religion romaine en perspective<\/em> [<em>Roman Religion in Perspective<\/em>]<a name=\"Anchor-Not-35433\"><\/a><\/span><\/p>\n<p>&nbsp;<\/p>\n<h3 style=\"margin-left: 18.0pt; text-indent: -18.0pt;\"><span style=\"font-size: 12.0pt;\">Note e Discussioni<\/span><\/h3>\n<p>D. Mantovani, <em>Un volume e un incontro per Emilio Gabba <\/em>[<em>A Book and a Meeting, Remembering Emilio Gabba<\/em>]<\/p>\n<p>L. Capogrossi Colognesi, <em>Emilio Gabba e la storia intellettuale dei nostri studi di storia antica <\/em>[<em>Emilio Gabba and the Intellectual History of Historical Studies in Ancient History<\/em>]<\/p>\n<p>M. Mazza, <em>Emilio Gabba, i percorsi di un <\/em>historikos<em>: di ellenismo e di tarda antichit\u00e0 <\/em>[<em>Emilio Gabba, the Paths of a <\/em>historikos<em>: on Hellenism and Late Antiquity<\/em>]<\/p>\n<p>F. Prontera, <em>Emilio Gabba nei ricordi di allievi e colleghi <\/em>[<em>Emilio Gabba in the Memories of Students and Colleagues<\/em>]<\/p>\n<p><span class=\".Bertolini popmake-2256\">F. Bertolini, <em>Lingua omerica e dialetti secondo il <\/em>De Homero<em> dello Pseudo-Plutarco<\/em> [<em>Homeric Language and Dialects According to Ps.-Plutarch\u2019s Treatise<\/em> De Homero]<\/span><\/p>\n<p>M.E. Gorrini - V. Casella - E. Dell\u00f9 - M. Franzini - G. Giaveri - M.T.A. Robino, <em>Papia Vegia Project: Santa Sofia di Torre d\u2019Isola (PV). Terza campagna di ricognizione archeologica di superficie<\/em> [<em>Papia Vegia Project: Santa Sofia di Torre d'Isola (PV). Third Survey Report<\/em>]<\/p>\n<p>M. Battaglia - B. Peverelli, <em>Rivanazzano Terme (PV), Localit\u00e0 Cascina Boarezza. Prima campagna di scavo archeologico<\/em> [<em>Rivanazzano Terme (PV) - Cascina Boarezza. <\/em><em>Report of the First Excavation Campaign (2016)<\/em>]<em><a name=\"Anchor-Recension-49687\"><\/a><\/em><\/p>\n<h3 style=\"margin-left: 18.0pt; text-indent: -18.0pt;\"><span style=\"font-size: 12.0pt;\">Recensioni<\/span><\/h3>\n<p>A. B\u00e9renger, <em>Le m\u00e9tier de gouverneur dans l'empire romain. De C\u00e9sar \u00e0 Diocl\u00e9tien<\/em> (R. Olmo L\u00f3pez)<\/p>\n<p>Av. Cameron, <em>Dialog und Debatte in der Sp\u00e4tantike<\/em> (A. Marcone)<\/p>\n<p>M. Carmignani - L. Graverini - B.T. Lee (eds.), <em>Collected Studies on the Roman Novel \/ Ensayos sobre la novela romana<\/em> (S. Mattiacci)<\/p>\n<p>P. Caruso (a c. di), Antiqua Beneventana<em>. La storia della citt\u00e0 romana attraverso la documentazione epigrafica<\/em> (A. Buonopane)<\/p>\n<p>G.A. Cecconi, <em>Pagani e Cristiani nell\u2019Occidente Tardoantico. Quattro Studi<\/em> (M. Cristini)<\/p>\n<p>T. Cornell - O. Murray (eds.), <em>The Legacy of Arnaldo Momigliano<\/em> (L. Polverini)<\/p>\n<p>S. Correa, Omnis peregrinatio (\u2026) obscura et sordida est<em>: estrategias de autofiguraci\u00f3n de un <\/em>nouus homo<em> en <\/em>Epistulae ad Atticum <em>y<\/em> Epistulae ad Familiares<em> de M.T. Cicer\u00f3n<\/em> (A. Balbo)<\/p>\n<p>A.K. Cotton, <em>Platonic Dialogue and the Education of the Reader<\/em> (F. Ferrari)<\/p>\n<p>W. Dahlheim, <em>Die Welt zur Zeit Jesu<\/em> (L. Troiani)<\/p>\n<p>G. De Sensi Sestito (a c. di), <em>Gli Ebrei nella Calabria medievale<\/em> (G. Veltri)<\/p>\n<p>M. Di Bari, <em>Scene finali di Aristofane. <\/em>Cavalieri<em>, <\/em>Nuvole<em>, <\/em>Tesmoforiazuse (M. Duranti)<\/p>\n<p>M. Ercoles, <em>Stesicoro: le testimonianze antiche <\/em>(L. Michelacci)<\/p>\n<p>H. Flashar, <em>Aristoteles. Lehrer des Abendlandes<\/em> (F. Ferrari)<\/p>\n<p>J. France - J. Nelis-Cl\u00e9ment (\u00e9d.), <em>La <\/em>statio<em>. Arch\u00e9ologie d'un lieu de pouvoir dans l'empire romain<\/em> (M. Tarpin)<\/p>\n<p>G. Galeani (a c. di): Prudenzio,<em> Peristephanon VII<\/em> (F. Lubian)<\/p>\n<p>S.M. Goldberg (ed.): Terence,<em> Hecyra<\/em> (O. Knorr)<\/p>\n<p>J.D. Harke, <em>Corpus der R\u00f6mischen Rechtsquellen zur antiken Sklaverei <\/em>(CRRS), hrsg. von T.J. Chiusi, J. Filip-Fr\u00f6schl, J.M. Rainer, Teil III. <em>Die Rechtspositionen am Sklaven<\/em>, 2. <em>Anspr\u00fcche aus Delikten am Sklaven<\/em> (L. Isola)<\/p>\n<p>Ch. Lundgreen (Hg.), <em>Staatlichkeit in Rom? Diskurse und Praxis (in) der r\u00f6mischen Republik<\/em> (C.B. Champion)<\/p>\n<p>G. Marconi (a c. di), <em>Riscritture. La traduzione nelle arti e nelle lettere<\/em> (F. Cannas)<\/p>\n<p>F. Massa, <em>Tra la vigna e la croce. Dioniso nei discorsi letterari e figurativi cristiani (II-IV secolo)<\/em> (P. Lanfranchi)<\/p>\n<p>A. Mastrocinque, <em>Bona Dea and the Cults of Roman Women<\/em> (Ph. Moreau)<\/p>\n<p>F. Michelon, <em>La scena dell\u2019inganno. Finzioni tragiche nel teatro di Seneca<\/em> (A. Casamento)<\/p>\n<p>C. Mordeglia (a c. di), Lupus in fabula.<em> Fedro e la favola latina tra antichit\u00e0 e Medioevo. Studi offerti a Ferruccio Bertini<\/em> (S. Costa)<\/p>\n<p>A. Motta (a c. di), <em>Prolegomeni alla filosofia di Platone<\/em> (F. Petrucci)<\/p>\n<p>R. Olivito, <em>Il foro nell\u2019atrio. Immagini di architetture, scene di vita e di mercato nel fregio dai <\/em>Praedia<em> di <\/em>Iulia Felix<em> (Pompei, II, 4, 3)<\/em> (L. Fuduli)<\/p>\n<p>G. Paci (a c. di), <em>Epigrafia e Archeologia romana nel territorio marchigiano. In memoria di Lidio Gasperini<\/em> (R. Scuderi)<\/p>\n<p>L.M. Pino Campos - G. Santana Henr\u00edquez (eds.), Kalos kai agathos aner: didaskalou paradeigma. <em>Homenaje al Profesor Juan Antonio L\u00f3pez F\u00e9rez<\/em> (D. Paniagua)<\/p>\n<p>P.J. Rhodes, <em>Alcibiades. Athenian Playboy, General and Traitor<\/em> (F. Amaraschi)<\/p>\n<p>W. Schuller,<em> Cicero oder der letzte Kampf um die Republik<\/em>. <em>Eine Biographie<\/em> (S. Pittia)<\/p>\n<p>M. Taufer (ed.), <em>Sguardi interdisciplinari sulla religiosit\u00e0 dei Geto-Daci<\/em> (S. Audano)<\/p>\n<p>D.A. Teegarden, <em>Death to Tyrants! Ancient Greek Democracy and the Struggle against Tyranny<\/em> (E. Corti)<a name=\"Anchor-Notizi-63154\"><\/a><\/p>\n<h3 style=\"margin-left: 18.0pt; text-indent: -18.0pt;\"><span style=\"font-size: 12.0pt;\">Notizie di Pubblicazioni<\/span><\/h3>\n<p>B. Bleckmann - T. Stickler (Hg.), <em>Griechische Profanhistoriker des f\u00fcnften nachchristlichen Jahrhunderts<\/em> (A. Marcone)<\/p>\n<p>S. Bocci, <em>Ammiano Marcellino XXVIII e XXIX. Problemi storici e storiografici <\/em>(L. Mecella)<\/p>\n<p>R.W. Burgess, <em>Roman Imperial Chronology and Early-Fourth-Century Historiography. The Regnal Durations of the So-called 'Chronica urbis Romae' of the 'Chronograph of 354'<\/em> (A. Marcone)<\/p>\n<p>F. Canali De Rossi, <em>Hippik\u00e0. Corse di cavalli e di carri in Grecia, Etruria e Roma<\/em>, II. <em>Le corse al galoppo montato nell'antica Grecia<\/em> (A. Busetto)<\/p>\n<p>A. Cozzo, <em>Stranieri. Figure dell'Altro nella Grecia antica<\/em> (F. Cannas)<\/p>\n<p>R. Cristofoli - A. Galimberti - F. Rohr Vio (a c. di), <em>Costruire la memoria. Uso della storia fra tarda repubblica e primo principato<\/em> (R. Scuderi)<\/p>\n<p>N. Cusumano - V. Gasparini - A. Mastrocinque - J. R\u00fcpke (ed.), <em>Memory and Religious Experience in the Greco-Roman World<\/em> (C. Santi)<\/p>\n<p>A. Demandt, <em>Der Fall Roms. Die Aufl\u00f6sung des r\u00f6mischen Reiches im Urteil der Nachwelt<\/em> (A. Marcone)<\/p>\n<p>M. Di Fazio, <em>Feronia. Spazi e tempi di una dea dell\u2019Italia centrale antica<\/em> (A. Pagliara)<\/p>\n<p>G. Geiger, <em>Hellenism in the East. Studies on Greek Intellectuals in Palestine<\/em> (A. Pellizzari)<\/p>\n<p>A. Pagliara, <em>Retorica, filosofia e politica in Giuliano Cesare<\/em> (A. Pellizzari)<\/p>\n<p>E. Sanders - Ch. Thumiger - Ch. Carey - N.J. Lowe (ed.), Er\u00f4s<em> in Ancient Greece<\/em> (P. Schmitt Pantel)<\/p>\n<p>&nbsp;<\/p>\n<p>A. de Simoni, <em>Cronaca dei Lavori del Collegio di Diritto Romano 2018. <\/em><em>\u00abIl Codice Teodosiano: redazione, trasmissione, ricezione\u00bb <\/em>[<em>Report on the Work of the Collegium of Roman Law 2018. \u00abThe Theodosian Code: Compilation, Transmission and Reception\u00bb<\/em>]<\/p>\n<p>Pubblicazioni ricevute<a name=\"Anchor-Fascicol-10032\"><\/a><\/p>\n<p>&nbsp;<\/p>\n<p align=\"center\"><b><i><span style=\"font-size: 11.0pt;\">Fascicolo 2<\/span><\/i><\/b><\/p>\n<p align=\"center\"><b><i><span style=\"font-size: 11.0pt;\">(pubblicazione: ottobre 2018)<a name=\"Anchor-Articol-24888\"><\/a><\/span><\/i><\/b><\/p>\n<div align=\"center\">\n<h3 style=\"margin-left: 18pt; text-indent: -18pt; text-align: left;\"><span style=\"font-size: 12.0pt;\">Articoli<\/span><\/h3>\n<\/div>\n<p><span class=\".Casella popmake-2259\">F. Casella, <em>La demonologia di Esiodo e il suo rapporto con la giustizia divina ne <\/em>Le Opere e i Giorni [<em>Hesiod\u2019s Demonology and Its Relationship with the Divine Justice in the <\/em>Works and Days]<\/span><\/p>\n<p><span class=\".Pritchard popmake-2261\">D.M. Pritchard, <em>The Horsemen of Classical Athens. Some Considerations on Their Recruitment and Social Background<\/em><\/span><\/p>\n<p><span class=\".Castrucci popmake-2263\">G. Castrucci, <em>The Cither of Mantinea and the Mysteries of the Wise Woman (Platonic Suggestions)<\/em><\/span><\/p>\n<p><span class=\".Cappelletti popmake-2265\">L. Cappelletti, <em>Esclusive notizie locresi in Nosside (<\/em>Anth. Pal.<em> 6.132 e 265)<\/em> [<em>Exclusive Data on Locri in Nossis (<\/em>Anth. Pal. <em>6.132 e 265)<\/em>]<\/span><\/p>\n<p><span class=\".dAlfonso popmake-2267\">L. d'Alfonso - M.E. Gorrini - C. Mora, <em>A Golden Pendant for a Goddess. New Evidence from the Sanctuary of Ni\u011fde - K\u0131n\u0131k H\u00f6y\u00fck, South Cappadocia<\/em><\/span><\/p>\n<p><span class=\".Leonardis popmake-2269\">I. Leonardis, <em>L\u2019<\/em>humanitas<em>, secondo Varrone. La memoria della stirpe umana <\/em>[<em>Varro's <\/em>humanitas<em>. <\/em><em>The Memory of the Human Kin<\/em>]<\/span><\/p>\n<p><span class=\".Martinez popmake-2271\">D. Mart\u00ednez Chico, <em>Sexo y erotismo en las llamadas <\/em>spintriae<em>, las supuestas y problem\u00e1ticas <\/em>tesserae<em> de lupanar de la Antigua Roma<\/em> [<em>Sex and Eroticism in the Known as <\/em>spintriae<em>, the Supposed and Problematic <\/em>tesserae<em> of Lupanar from Ancient Rome<\/em>]<\/span><\/p>\n<p><span class=\".Cugusi popmake-2273\">P. Cugusi, <em>Nuovi duplicati epigrafici latini in versi da Palaestina, Noricum, Stabiae, Galliae, Emerita, Cirta <\/em>[<em>Latin Verse Inscriptions. <\/em><em>New Duplicates from Palaestina, Noricum, Stabiae, Galliae, Emerita, Cirta<\/em> []<\/span><\/p>\n<p><span class=\".Bruun popmake-2275\">Ch. Bruun, <em>A Vow in Ostia to Fortuna on <\/em>XII Kalendas Augustas<em> and News on Constantine\u2019s <\/em>adventus<em> to Rome in 315 and 326 CE<\/em><\/span><\/p>\n<p><span class=\".Vera popmake-2277\">D. Vera, <em>Una costituzione \u00abtr\u00e8s controvers\u00e9e\u00bb di Valente<\/em> <em>sui <\/em>navicularii<em> (<\/em>C.Th.<em> 13.5.14) e lo <\/em>iugum <em>fiscale <\/em>[<em>A Law \u00abtr\u00e8s controvers\u00e9e\u00bb of Valens on <\/em>navicularii<em> (<\/em>C.Th.<em> 13.5.14), and the Fiscal <\/em>iugum]<\/span><\/p>\n<p><span class=\".Wasyl popmake-2279\">A.M. Wasyl, <em>The Future Bishop and Pasiphae. Asceticism, Corporeality, and the Secular in Ennodius\u2019s Poetry<\/em><\/span><\/p>\n<p><span class=\".Fressura popmake-2281\">M. Fressura - D. Mantovani, P.Vindob. <em>L 59 + 92. Frammenti delle<\/em> Institutiones<em> di Elio Marciano <\/em>[P.Vindob. <em>L 59 + 92. Fragments of Marcianus'<\/em> Institutes]<\/span><\/p>\n<h3 style=\"margin-left: 1.0cm; text-indent: -1.0cm;\"><span style=\"font-size: 12.0pt;\">Note e Discussioni<\/span><a style=\"font-family: inherit; font-size: inherit; background-image: url('img\/anchor.gif');\" name=\"Anchor-Not-38131\"><\/a><\/h3>\n<p><span class=\".Benoist popmake-2283\">S. Benoist, Quid noui<em>? Les <\/em>Res gestae diui Augusti [<em>What\u2019s New? Augustus\u2019<\/em> Achievements]<\/span><\/p>\n<p><span class=\".Charles popmake-2285\">M.B. Charles - E. Anagnostou-Laoutides,<em> Aelian, <\/em>VH<em> 3.23. <\/em><em>Alexander and Bagoas\u2019 House<\/em><em><a name=\"Anchor-Recension-50456\"><\/a> <\/em><\/span><\/p>\n<h3 style=\"margin-left: 18.0pt; text-indent: -18.0pt;\"><span style=\"font-size: 12.0pt;\">Recensioni<\/span><\/h3>\n<p>P. Accattino - M. Curnis (a c. di): Aristotele, <em>La Politica<\/em>, libro III; L. Bertelli - M. Moggi (a c. di): Aristotele, <em>La Politica<\/em>, libro IV; M.E. de Luna - C. Zizza - M. Curnis (a. c. di): Aristotele, <em>La Politica<\/em>, libri V-VI (F. Ferrari)<\/p>\n<p>P. Acton, <em>Poiesis. Manifacturing in Classical Athens<\/em> (F. Battistoni)<\/p>\n<p>S. Ammirati, <em>Sul libro latino antico. Ricerche bibliologiche e paleografiche<\/em> (B. Rochette)<\/p>\n<p>C. Apicella - M.-L. Haack - F. Lerouxel (ed.), <em>Les affaires de Monsieur Andreau: \u00e9conomie et soci\u00e9t\u00e9 du monde romain <\/em>(G. Geraci)<\/p>\n<p>A. Bancalari Molina, <em>La idea de Europa en el mundo romano. Proyecciones actuales<\/em> (R. Buono-Core V.)<\/p>\n<p>C. Capuccino, \u1f08\u03f1\u03c7\u1f74 \u03bb\u03cc\u03b3\u03bf\u03c5. <em>Sui proemi platonici e sul loro significato filosofico <\/em>(F. Ferrari)<\/p>\n<p>Carbone, <em>\u2018Satisdatio tutoris\u2019. Sull\u2019obbligo del tutore di garantire per il patrimonio del pupillo<\/em> (L. Pellecchi)<\/p>\n<p>S. Costa (a c. di): Mecenate, <em>Frammenti e testimonianze latine<\/em> (Ph. Le Doze)<\/p>\n<p>M. Courrier, <em>La pl\u00e8be de Rome et sa culture (fin du II<sup>e <\/sup>si\u00e8cle av. J.-C. - fin du I<sup>er<\/sup> si\u00e8cle ap. J.-C.)<\/em> (A. Wallace-Hadrill)<\/p>\n<p>S. Cozzo, <em>\u00abNel Mezzo\u00bb. Microfisica della mediazione nel mondo greco antico<\/em> (A. Magnetto)<\/p>\n<p>A. Dalla Rosa, <em>Cura et tutela. Le origini del potere imperiale sulle province proconsolari <\/em>(A. Giovannini)<\/p>\n<p>C. Damon (ed.): Caesaris C. Iuli <em>Commentariorum libri III de bello civili<\/em> (T. Ragno)<\/p>\n<p>C. Damon, <em>Studies on the Text of Caesar's <\/em>Bellum civile (G. Cipriani - T. Ragno)<\/p>\n<p>D. Espinosa Espinosa, <em>Plinio y los \u2018<\/em>oppida<em> de antiguo Lacio\u2019: el proceso de difusi\u00f3n del <\/em>Latium<em> en Hispania Citerior<\/em> (L. Gagliardi)<\/p>\n<p>S. Feddern, <em>Die Suasorien des \u00e4lteren Seneca<\/em> (A. Balbo)<\/p>\n<p>J.A. Fern\u00e1ndez Delgado (ed.): Hes\u00edodo, <em>Obras: Teogon\u00eda; Trabajos y D\u00edas; Escudo<\/em> (S. Acerbo)<\/p>\n<p>J.-L. Ferrary, <em>Rome et le monde grec. <\/em><em>Choix d\u2019\u00e9crits<\/em> (U. Laffi)<\/p>\n<p>M. Ladewig, <em>Rom \u2013 Die antike Seerepublik. Untersuchungen zur Thalassokratie der <\/em>res publica populi Romani<em> von den Anf\u00e4ngen bis zur Begr\u00fcndung des Principat<\/em> (Ch. Steinby)<\/p>\n<p>P. Le Roux, <em>Espagnes romaines. L\u2019Empire dans ses provinces. Scripta varia <\/em>II (P. L\u00f3pez Barja)<\/p>\n<p>J.A. L\u00f3pez F\u00e9rez, <em>Mitos en las obras conservadas de Eur<\/em><em>\u00ed<\/em><em>pides. <\/em><em>Gu<\/em><em>\u00ed<\/em><em>a para la lectura del tr<\/em><em>\u00e1<\/em><em>gico<\/em> (N. Casella)<\/p>\n<p>J.A. L\u00f3pez F\u00e9rez (ed.), <em>La comedia griega en sus textos. Forma (lengua, l\u00e9xico, estilo, m\u00e9trica, cr\u00edtica textual, pragm\u00e1tica) y contenido (cr\u00edtica pol\u00edtica y literaria, utop\u00eda, s\u00e1tira, intertextualidad, evoluci\u00f3n del g\u00e9nero c\u00f3mico)<\/em> (F. Stama)<\/p>\n<p>G. Mazzoli, <em>Il <\/em>chaos<em> e le sue architetture. Trenta studi su Seneca tragico<\/em> (R. Degl'Innocenti Pierini)<\/p>\n<p>R. Moreno Soldevila - J. Martos (eds.), <em>Amor y sexo en la literatura latina<\/em> (D. Paniagua)<\/p>\n<p>D. Nelis - M. Royo (\u00e9d. par), <em>Lire la Ville. <\/em><em>Fragments d\u2019une arch\u00e9ologie litt\u00e9raire de Rome antique<\/em> (P. Fedeli)<\/p>\n<p>E. Olshausen - V. Sauer (Hg.), <em>Mobilit\u00e4t in den Kulturen der antiken Mittelmeerwelt<\/em> (F. Russo)<\/p>\n<p>T. Power - R.K. Gibson (ed.), <em>Suetonius. Studies in Roman Lives<\/em> (F. Stok)<\/p>\n<p>J. Priestley, <em>Herodotus &amp; Hellenistic Culture. Literary Studies in the Reception of the <\/em>Histories (L. Belloni)<\/p>\n<p>J.H. Richardson - F. Santangelo (eds), <em>The Roman Historical Tradition. Regal and Republican Rome<\/em> (A. Grandazzi)<\/p>\n<p>K. Rosen, <em>Augustinus \u2013 Genie und Heiliger. Eine historische Biographie<\/em> (A.E.J. Grote)<\/p>\n<p>R. Syme, <em>La rivoluzione romana<\/em>, nuova ed. e intr. di G. Traina; intr. di A. Momigliano (L. Fezzi)<\/p>\n<p>R. Syme, <em>Approaching the Roman Revolution. Papers on Republican History<\/em>, ed. by F. Santangelo (F. Hurlet)<\/p>\n<p>L. Thommen, <em>Die Wirtschaft Spartas<\/em> (F. Fontana)<\/p>\n<p>M. Ugenti (ed.): Giuliano imperatore, <em>A Salustio. Autoconsolazione per la partenza dell\u2019ottimo Salustio<\/em> (L. Niccolai)<\/p>\n<p>S.M. Wijma, <em>Embracing the Immigrant. The Participation of Metics in Athenian Polis Religion (5th-4th Century BC)<\/em> (F.J. Gonz\u00e1lez Garc\u00eda)<a name=\"Anchor-Notizi-64396\"><\/a><\/p>\n<p>&nbsp;<\/p>\n<h3 style=\"margin-left: 1.0cm; text-indent: -1.0cm;\"><span style=\"font-size: 12.0pt;\">Notizie di Pubblicazioni<\/span><\/h3>\n<p>F. Canali De Rossi, <em>Le relazioni diplomatiche di Roma<\/em>, IV.<em> Dalla 'liberazione della Grecia\u2019 alla pace infida con Antioco III (201-194 a.C.)<\/em> (G. Turelli)<\/p>\n<p>E. Faber, <em>Von Ulfila bis Rekkared. Die Goten und ihr Christentum<\/em> (A. Marcone)<\/p>\n<p>L. Fezzi, <em>Modelli politici di Roma antica<\/em> (R. Scuderi)<\/p>\n<p>M.P. Garc\u00eda Ruiz - A.J. Quiroga Puertas (ed.), <em>Praising the Otherness. Linguistic and Cultural Alterity in the Roman Empire: Historiography and Panegyrics<\/em> (A. Marcone)<\/p>\n<p>R. Grisolia - G. Matino (a c. di), <em>Arte della parola e parole della scienza<\/em> (F. Cannas)<\/p>\n<p>M. Pani, <em>Augusto e il Principato<\/em> (C. Santi)<\/p>\n<p>M. Simon - J. Trinquier (sous la dir. de), <em>L'historie d'Alexandre selon Quinte-Curce<\/em> (F. Landucci)<\/p>\n<p>G. Squillace, <em>I giardini di Saffo. Profumi e aromi nella Grecia antica<\/em> (F. Cannas)<\/p>\n<p>&nbsp;<\/p>\n<p>Pubblicazioni ricevute<\/p>\n<p>Elenco dei collaboratori dell'annata 2018<\/p>\n<p>Elenco dei revisori che hanno valutato gli articoli proposti ad \u00abAthenaeum\u00bb nel periodo 2016-2018<\/p>\n<p>Indice generale<\/p>\n<p>&nbsp;<\/p>\n<p>Elenco delle pubblicazioni periodiche ricevute in cambio di \u00abAthenaeum\u00bb e distribuite fra le biblioteche del Dipartimento di Studi Umanistici dell'Universit\u00e0 di Pavia<\/p>\n<p>&nbsp;<\/p>\n<\/td>\n<\/tr>\n<\/tbody>\n<\/table>\n<p>&nbsp;<\/p>\n<\/div>\n<p>&nbsp;<\/p>\n<p align=\"center\"><a href=\"http:\/\/dobc.unipv.it\/dipscant\/athenaeum\/athenaeum.html\">Athenaeum<\/a> - <a href=\"http:\/\/dobc.unipv.it\/dipscant\/index.html\">Home dipartimento<\/a><\/p>\n<\/div>\n<\/div>\n<\/div><\/div><\/div><\/div><\/div><\/div>","protected":false},"excerpt":{"rendered":"<p>&nbsp; Athenaeum Indice dell\u2019annata 2018 Fascicolo 1 &nbsp; Articoli Note e discussioni Recensioni Notizie di pubblicazioni &nbsp; Fascicolo 2 Articoli Note e discussioni Recensioni Notizie di pubblicazioni Fascicolo 1 (pubblicazione: aprile 2018) &nbsp; Articoli M.C. Encinas Reguero, Ichneutai y \u00c1yax de S\u00f3focles. Evidencias de una relaci\u00f3n intencional [Sophocles\u2019 Ichneutai and Ajax. Evidence of an Intentional&hellip;&nbsp;<a href=\"https:\/\/athenaeum.unipv.it\/index.php\/ath46-2018\/\" class=\"\" rel=\"bookmark\">Leggi tutto &raquo;<span class=\"screen-reader-text\">ATH46-2018<\/span><\/a><\/p>\n","protected":false},"author":1,"featured_media":0,"parent":0,"menu_order":0,"comment_status":"closed","ping_status":"closed","template":"","meta":{"neve_meta_sidebar":"full-width","neve_meta_container":"","neve_meta_enable_content_width":"on","neve_meta_content_width":100,"neve_meta_title_alignment":"","neve_meta_author_avatar":"","neve_post_elements_order":"","neve_meta_disable_header":"","neve_meta_disable_footer":"","neve_meta_disable_title":"","_themeisle_gutenberg_block_has_review":false,"_ti_tpc_template_sync":false,"_ti_tpc_template_id":""},"acf":[],"_links":{"self":[{"href":"https:\/\/athenaeum.unipv.it\/index.php\/wp-json\/wp\/v2\/pages\/348"}],"collection":[{"href":"https:\/\/athenaeum.unipv.it\/index.php\/wp-json\/wp\/v2\/pages"}],"about":[{"href":"https:\/\/athenaeum.unipv.it\/index.php\/wp-json\/wp\/v2\/types\/page"}],"author":[{"embeddable":true,"href":"https:\/\/athenaeum.unipv.it\/index.php\/wp-json\/wp\/v2\/users\/1"}],"replies":[{"embeddable":true,"href":"https:\/\/athenaeum.unipv.it\/index.php\/wp-json\/wp\/v2\/comments?post=348"}],"version-history":[{"count":21,"href":"https:\/\/athenaeum.unipv.it\/index.php\/wp-json\/wp\/v2\/pages\/348\/revisions"}],"predecessor-version":[{"id":2572,"href":"https:\/\/athenaeum.unipv.it\/index.php\/wp-json\/wp\/v2\/pages\/348\/revisions\/2572"}],"wp:attachment":[{"href":"https:\/\/athenaeum.unipv.it\/index.php\/wp-json\/wp\/v2\/media?parent=348"}],"curies":[{"name":"wp","href":"https:\/\/api.w.org\/{rel}","templated":true}]}}