{"id":392,"date":"2020-10-22T05:59:49","date_gmt":"2020-10-22T05:59:49","guid":{"rendered":"http:\/\/webnixinfotech.com\/?page_id=392"},"modified":"2023-06-14T18:15:29","modified_gmt":"2023-06-14T18:15:29","slug":"collana-biblioteca-di-athenaeum","status":"publish","type":"page","link":"https:\/\/athenaeum.unipv.it\/index.php\/collana-biblioteca-di-athenaeum\/","title":{"rendered":"Collana"},"content":{"rendered":"<div id=\"pl-392\"  class=\"panel-layout\" ><div id=\"pg-392-0\"  class=\"panel-grid panel-no-style\" ><div id=\"pgc-392-0-0\"  class=\"panel-grid-cell\" ><div id=\"panel-392-0-0-0\" class=\"so-panel widget widget_sow-editor panel-first-child panel-last-child\" data-index=\"0\" ><div\n\t\t\t\n\t\t\tclass=\"so-widget-sow-editor so-widget-sow-editor-base\"\n\t\t\t\n\t\t>\n<div class=\"siteorigin-widget-tinymce textwidget\">\n\t<div style=\"text-align: center;\">\n<p><span style=\"color: #990033;\"><em>Collana di monografie\u00a0<\/em>\/<em> Series of Monographs<\/em><\/span><br \/>\n<span style=\"color: #990033;\"><em>\u00abBIBLIOTECA DI ATHENAEUM\u00bb<\/em><\/span><\/p>\n<p>&nbsp;<\/p>\n<\/div>\n<p><img loading=\"lazy\" class=\"size-full wp-image-828 alignleft\" src=\"https:\/\/athenaeum.unipv.it\/wp-content\/uploads\/2020\/12\/Biblioteca-di-Athenaeum.jpg\" alt=\"\" width=\"392\" height=\"561\" \/><br \/>\nLa collana monografica della Rivista nasce nel 1983 per iniziativa del direttore Emilio Gabba. I volumi spaziano dalla storia antica all\u2019archeologia, dalla filologia classica all\u2019orientalistica.<\/p>\n<p>I volumi dal nr. 1 al nr. 58 sono stati pubblicati da New Press Edizioni, Como. Per l'acquisto: newpressedizioni.com; tel. 031 301268\/301269 \u2013 fax 031 301267; <a href=\"mailto:info@newpressedizioni.com\">info@newpressedizioni.com<\/a>.<\/p>\n<p>A partire dal n. 59 la collana \u00e8 pubblicata da Edipuglia (www.edipuglia.it) in una nuova veste grafica ed \u00e8 disponibile on-line su: <a href=\"https:\/\/edipuglia.it\/collana\/biblioteca-di-athenaeum\/\" target=\"_blank\" rel=\"noopener\">https:\/\/edipuglia.it\/collana\/biblioteca-di-athenaeum\/<\/a>.<\/p>\n<p>&nbsp;<\/p>\n<p>The \u00abAthenaeum\u00bb series of monographs was launched in 1983 on the initiative of the General Editor Emilio Gabba. The volumes range in subject matter from ancient history to archaeology, from classical philology to Near Eastern studies.<\/p>\n<p>Volumes no. 1 to no. 58 were published by New Press Edizioni, Como. For purchase: newpressedizioni.com; tel. 031 301268\/301269 \u2013 fax 031 301267; <a href=\"mailto:info@newpressedizioni.com\">info@newpressedizioni.com<\/a>.<\/p>\n<p>From volume no. 59 onwards, the series has been published by Edipuglia (www.edipuglia.it) in a new graphic format and is available online at: <a href=\"https:\/\/edipuglia.it\/collana\/biblioteca-di-athenaeum\/\">https:\/\/edipuglia.it\/collana\/biblioteca-di-athenaeum\/<\/a>.<\/p>\n<p>&nbsp;<\/p>\n<p>&nbsp;<\/p>\n<p>1. E. GABBA (ed.), Tria Corda. <em>Scritti in onore di Arnaldo Momigliano<\/em>, Como 1983, pp. 307 - \u20ac 20,50<br \/>\n2. D. AMBAGLIO - D. ASHERI - D. MAGNINO, <em>Saggi di letteratura e storiografia antiche<\/em>, Como 1983, pp. 134 - \u20ac 10,50<br \/>\n3. G. BODEI GIGLIONI, <em>Menandro o la politica della convivenza. La storia attraverso i testi <\/em><em>letterari<\/em>, Como 1984, pp. 59 - \u20ac 7,50<br \/>\n4. M.H. CRAWFORD (ed.), <em>L\u2019impero romano e le strutture economiche e sociali delle province <\/em><em>romane<\/em>, Como 1985, pp. 144 - \u20ac 15,50<br \/>\n5. E.J. BICKERMAN, <em>Religions and Politics in the Hellenistic and Roman Periods<\/em>, ed. E. GABBA - M. SMITH, Como 1985, pp. XXXVII-641 - \u20ac 36,00<br \/>\n6. M. CESA (ed.): Ennodio, <em>Vita del beatissimo Epifanio vescovo della chiesa pavese<\/em>, Como 1988, pp. 219 - \u20ac 20,50<br \/>\n7. A. MARCONE, <em>Il colonato tardoantico nella storiografia moderna (da Fustel de Coulanges ai <\/em><em>nostri giorni)<\/em>, Como 1988, pp. 136 - \u20ac 15,50<br \/>\n8. M.A. GIUA, <em>Contesti ambientali e azione umana nella storiografia di Tacito<\/em>, Como 1988, pp. 120 - \u20ac 15,50<br \/>\n9. R. LIZZI, <em>Vescovi e strutture ecclesiastiche nella citt\u00e0 tardoantica (L\u2019 Italia Annonaria nel <\/em><em>IV-V secolo d.C.<\/em>), Como 1989, pp. 256 - \u20ac 26,00<br \/>\n10. L. TROIANI, <em>Due studi di storiografia e religione antiche<\/em>, Como 1988, pp. 60 - \u20ac 10,50<br \/>\n11. L. CRACCO RUGGINI (ed.), <em>Omaggio ad Arnaldo Momigliano: storia e storiografia sul <\/em><em>mondo antico<\/em>, Como 1989, pp. 251 - \u20ac 26,00<br \/>\n12. K. CHRIST - E. GABBA (ed.), <em>R\u00f6mische Geschichte u. Zeitgeschichte in der deutschen und <\/em><em>italienischen Altertumswissenschaft w\u00e4hrend des 19. u. 20. Jahrhunderts, I. Caesar und <\/em><em>Augustus<\/em>, Como 1989, pp. 316 - \u20ac 31,00<br \/>\n13. C. CARSANA, <em>La teoria della \u00abCostituzione Mista\u00bb nell\u2019et\u00e0 imperiale romana<\/em>, Como 1990, pp. 124 - \u20ac 18,00<br \/>\n14. E. MALCOVATI, <em>Florilegio critico di filologia e storia<\/em>, Como 1990, pp. 184 - \u20ac 20,50<br \/>\n15. A. BERNARDI, <em>Pietas loci. Riflessioni sulla religiosit\u00e0 antica e altri saggi di storia romana<\/em>, Como 1991, pp. 224 - \u20ac 23,00<br \/>\n16. K. CHRIST - E. GABBA (ed.), <em>R\u00f6mische Geschichte u. Zeitgeschichte in der deutschen und <\/em><em>italienischen Altertumswissenschaft w\u00e4hrend des 19. u. 20. Jahrhunderts, II. L\u2019Impero romano <\/em><em>fra storia generale e storia locale<\/em>, Como 1991, pp. 341 - \u20ac 36,00<br \/>\n17. A. LEWIN, <em>Studi sulla citt\u00e0 imperiale romana nell\u2019oriente tardoantico<\/em>, Como 1991, pp. 154 - \u20ac 20,50<br \/>\n18. M.A. LEVI, <em>Plebei e patrizi nella Roma arcaica<\/em>, Como 1992, pp. 112 - \u20ac 15,50<br \/>\n19. J.-L. FERRARY, <em>Correspondance de Lelio Torelli avec Antonio Agust\u00edn et Jean Matal<\/em> (1542- 1553), Como 1992, pp. 288 - \u20ac 31,00<br \/>\n20. <em>Il triumvirato costituente alla fine della Repubblica romana. Scritti in onore di M.A. Levi<\/em>, Como 1993, pp. 156 - \u20ac 20,50<br \/>\n21. D. MAGNINO (tr.): Bernardo Sacco, <em>Storia di Pavia<\/em>, Como 1993, pp. 544 - \u20ac 36,00<br \/>\n22. E. NO\u00c8, <em>Commento storico a Cassio Dione LIII<\/em>, Como 1994, pp. 248 - \u20ac 26,00<br \/>\n23. M. CESA, <em>Impero tardoantico e barbari: la crisi militare da Adrianopoli al 418<\/em>, Como 1994, pp. 192 - \u20ac 20,50<br \/>\n24. G.A. CECCONI, <em>Governo imperiale e \u00e9lites dirigenti nell\u2019Italia tardoantica<\/em>, Como 1994, pp. 272 - \u20ac 26,00<br \/>\n25. E. GABBA, <em>Italia romana<\/em>, Como 1994, pp. 304 - \u20ac 31,00<br \/>\n26. M. SORDI, <em>Prospettive di storia etrusca<\/em>, Como 1995, pp. 224 - \u20ac 26,00<br \/>\n27. D. GOLAN, <em>The<\/em> Res Graeciae <em>in Polybius. Four Studies<\/em>, Como 1995, pp. 144 - \u20ac 15,50<br \/>\n28. D. AMBAGLIO, <em>La <\/em>Biblioteca storica <em>di Diodoro Siculo: problemi e metodo<\/em>, Como 1995, pp. 176 - \u20ac 20,50<br \/>\n29. G. SORICELLI, <em>La Gallia transalpina tra la conquista e l\u2019et\u00e0 cesariana<\/em>, Como 1995, pp. 144 - \u20ac 15,50<br \/>\n30. C. CARSANA, <em>Le dirigenze cittadine nello Stato seleucidico<\/em>, Como 1996, pp. 224 - \u20ac 26,00<br \/>\n31. <em>Per Enrica Malcovati. Atti del convegno di studi nel centenario della nascita. (Pavia 21-22 <\/em><em>ottobre 1994<\/em>), Como 1996, pp. 248 - \u20ac 26,00<br \/>\n32. M. GIORGIERI - C. MORA, <em>Aspetti della regalit\u00e0 ittita nel XIII secolo a.C<\/em>., Como 1996, pp. 128 - \u20ac 20,50<br \/>\n33. G. MASSA, <em>La formazione del concetto d\u2019Italia. Tradizioni politiche e storiografiche nell\u2019et\u00e0 <\/em><em>precedente la \u2018Rivoluzione romana<\/em>\u2019, Como 1996, pp. 128 - \u20ac 15,50<br \/>\n34. U. AGNATI, <em>Epigrafia, diritto e societ\u00e0. Studio quantitativo dell\u2019epigrafia latina di zona insubre<\/em>, Como 1997, pp. 256 - \u20ac 26,00<br \/>\n35. C. SALETTI, <em>Il Regisole di Pavia<\/em>, Como 1997, pp. 224 - \u20ac 26,00<br \/>\n36. M.L. SANCASSANO, <em>Il serpente e le sue immagini. Il motivo del serpente nella poesia greca <\/em><em>dall\u2019 <\/em>Iliade<em> all\u2019 <\/em>Orestea, Como 1997, pp. 208 - \u20ac 20,50<br \/>\n37. D. MAGNINO (ed.): Appiani <em>Bellorum civilium liber quartus<\/em>, Testo, traduzione, introduzione e commento, Como 1998, pp. 272 - \u20ac 31,00<br \/>\n38. <em>Il Protovillanoviano al di qua e al di l\u00e0 dell\u2019Appennino. Atti della giornata di studio. (Pavia, <\/em><em>Collegio Ghislieri, 17 giugno 1995<\/em>), Como 2000, pp. 368 - \u20ac 31,00<br \/>\n39. F. DE NICOLA, <em>Le lettere di Arnaldo Momigliano a Emilio Gabba<\/em>, Como 1998, pp. 96 - \u20ac 15,50<br \/>\n40. F. GASTI, <em>L\u2019antropologia di Isidoro. Le fonti del libro XI delle<\/em> Etimologie, Como 1998, pp. 144 - \u20ac 15,50<br \/>\n41. G. MAZZOLI - F. GASTI (ed.), <em>Prospettive sul tardo-antico. Atti del Convegno di Pavia (27- <\/em><em>28 novembre 1997<\/em>), Como 1999, pp. 176 - \u20ac 18,00<br \/>\n42. E. GABBA (ed.), <em>Presentazione e scrittura della storia: storiografia, epigrafi, monumenti. Atti <\/em><em>del Convegno di Pontignano (aprile 1996<\/em>), Como 1999, pp. 182 - \u20ac 18,00<br \/>\n43. E. GABBA - A. SCHIAVONE (ed.), <em>Polis e piccolo Stato tra riflessione antica e pensiero <\/em><em>moderno. Atti delle Giornate di Studio 21-22 Febbraio 1997 Firenze<\/em>, Como 1999, pp. 96 - \u20ac 15,50<br \/>\n44. E. HERMON, <em>La question agraire \u00e0 Rome: droit romain et soci\u00e9t\u00e9. Perceptions historiques et <\/em><em>historiographiques<\/em>, Como 1999, pp. 272 - \u20ac 31,00<br \/>\n45. M.L. SCEVOLA, <em>Laurentum<\/em>, Como 1999, pp. 80 - \u20ac 15,50<br \/>\n46. E. GABBA, <em>Pavia<\/em> domicilium sapientie. <em>Note storiche<\/em>, Como 2000, pp. 128 - \u20ac 20,50<br \/>\n47. E. NO\u00c8, <em>Il progetto di Columella. Profilo sociale, economico, culturale<\/em>, Como 2002, pp. 224 - \u20ac 25,00<br \/>\n48. S. CASTELLI, <em>Il terzo libro delle <\/em>Antichit\u00e0 Giudaiche<em> di Flavio Giuseppe e la Bibbia. <\/em><em>Problemi storici e letterari. Traduzione e commento<\/em>, Como 2002, pp. 368 - \u20ac 40,00<br \/>\n49. A. CANOBBIO, <em>La <\/em>lex Roscia theatralis<em> e Marziale: il ciclo del libro V. Introduzione, <\/em><em>edizione critica, traduzione e commento<\/em>, Como 2002, pp. 160 - \u20ac 20,50<br \/>\n50. CH. GABRIELLI, <em>Contributi alla storia economica di Roma repubblicana. Difficolt\u00e0 politico-sociali, <\/em><em>crisi finanziarie e debiti fra V e III sec. a.C<\/em>., Como 2002, pp. 208 - \u20ac 35,00<br \/>\n51. E. GABBA, <em>Riflessioni storiografiche sul mondo antico<\/em>, Como 2007, pp. 272 - \u20ac 35,00<br \/>\n52. L. BELLONI (ed.): [Teocrito], <em>I Pescatori<\/em>, Como 2004, pp. 96 - \u20ac 17,00<br \/>\n53. C.M. CALCANTE, <em>Eufonia e onomatopea. Interpretazioni dell\u2019iconismo nell\u2019antichit\u00e0 classica<\/em>, Como 2005, pp. 168 - \u20ac 20,50<br \/>\n54. P.B. HARVEY, JR. - C. CONYBEARE (ed.), <em>Maxima Debetur Magistro Reverentia. Essays <\/em><em>on Rome and the Roman Tradition in Honor of Russell T. Scott<\/em>, Como 2009, pp. 248 - \u20ac 30,00<br \/>\n55. M.T. ZAMBIANCHI (ed.), <em>Ricordo di Delfino Ambaglio<\/em>, Como 2009, pp. 224 - \u20ac 35,00<br \/>\n56. A. COLOMBO - S. PITTIA - M.T. SCHETTINO (ed.), <em>M\u00e9moires d\u2019Italie. Identit\u00e9s, <\/em><em>repr\u00e9sentations, enjeux (antiquit\u00e9 et classicisme). \u00c0 l\u2019occasion du 150e anniversaire de l\u2019Unit\u00e9 <\/em><em>italienne (1861-2011<\/em>), Como 2010, pp. 352 - \u20ac 40,00<br \/>\n57. L. PELLECCHI, Innocentia eloquentia est. <em>Analisi giuridica dell\u2019<\/em>Apologia<em> di Apuleio<\/em>, Como 2012, pp. 312 - \u20ac 38,50<br \/>\n58. C. CARSANA - L. TROIANI (ed.), <em>I percorsi di un Historikos. In memoria di Emilio Gabba. <\/em><em>Atti del Convegno di Pavia (18-20 settembre 2014<\/em>), Como 2016, pp. 368 - \u20ac 60,00<br \/>\n59. L. POLVERINI - A. VALVO (ed.), <em>Albino Garzetti nel centenario della nascita. Atti del <\/em><em>Convegno di Brescia (10-11 ottobre 2014)<\/em>, Bari 2018, pp. 132 - \u20ac 20,00<br \/>\n60. C. MORA - C. ZIZZA (ed.), <em>Antichi Persiani. Storia e rappresentazione<\/em>, Bari 2018, pp. 132 - \u20ac 20,00<br \/>\n61. M. DI FAZIO - S. PALTINERI (ed.), <em>La societ\u00e0 gentilizia nell\u2019Italia antica tra realt\u00e0 e mito <\/em><em>storiografico<\/em>, Bari 2019, pp. 224 - \u20ac 35,00<br \/>\n62. I. LEONARDIS, <em>Varrone<\/em>, unus scilicet antiquorum hominum. <em>Senso del passato e pratica <\/em><em>antiquaria<\/em>, Bari 2019, pp. 274 - \u20ac 35,00<br \/>\n63. D. MANTOVANI (ed.), <em>Le strutture nascoste della legislazione tardoantica. Atti del convegno <\/em><em>Redhis (Pavia 16-17 marzo 2016)<\/em>, Bari 2019, pp. 301 - \u20ac 40,00<br \/>\n64. J.D. MUCCIGROSSO - C.E. SCHULTZ (ed.), <em>Fide non ficta. Essays in Honor of Paul B. Harvey, Jr.<\/em>, Bari 2020, pp. 200, ill. b\/n - \u20ac 28,00<br \/>\n65. M.E. BALZA - P. COTTICELLI-KURRAS - L. D'ALFONSO - M. GIORGIERI - F. GIUSFREDI - A. RIZZA (ed.), <em>Citt\u00e0 e parole. Argilla e pietra. Studi offerti a Clelia Mora da allievi, colleghi e amici<\/em>, Bari 2020, pp. 428, ill. b\/n - \u20ac 60,00<br \/>\n66. S. MAGGI, <em>Riflessi di Roma in Occidente. L\u2019organizzazione degli spazi pubblici per il culto imperiale nelle province iberiche tra Augusto e i Flavi<\/em>, Bari 2021, pp. 170 - \u20ac 30,00<br \/>\n67. <em>Appiani Bellorum civilium liber primus<\/em>, Introduzione, testo critico e commento con traduzione e indici a cura di EMILIO GABBA.<br \/>\nRistampa anastatica con Introduzione e Nota bibliografica di F. SANTANGELO, Bari 2021, pp. 540 - \u20ac 70,00<br \/>\n68. G. MAZZOLI, <em>Orme della memoria nella letteratura latina tardoantica<\/em>, Bari 2022, pp. 218 - \u20ac 45,00<br \/>\n69. G. PASCALE (ed.): Temistio, <em>Orazioni <\/em>4, 5, 7, introduzione, testo critico, traduzione e commento, Bari 2022, pp. 316 - \u20ac 55,00<\/p>\n<\/div>\n<\/div><\/div><\/div><\/div><\/div>","protected":false},"excerpt":{"rendered":"<p>Collana di monografie\u00a0\/ Series of Monographs \u00abBIBLIOTECA DI ATHENAEUM\u00bb &nbsp; La collana monografica della Rivista nasce nel 1983 per iniziativa del direttore Emilio Gabba. I volumi spaziano dalla storia antica all\u2019archeologia, dalla filologia classica all\u2019orientalistica. I volumi dal nr. 1 al nr. 58 sono stati pubblicati da New Press Edizioni, Como. Per l&#8217;acquisto: newpressedizioni.com; tel.&hellip;&nbsp;<a href=\"https:\/\/athenaeum.unipv.it\/index.php\/collana-biblioteca-di-athenaeum\/\" class=\"\" rel=\"bookmark\">Leggi tutto &raquo;<span class=\"screen-reader-text\">Collana<\/span><\/a><\/p>\n","protected":false},"author":1,"featured_media":0,"parent":0,"menu_order":0,"comment_status":"closed","ping_status":"closed","template":"","meta":{"neve_meta_sidebar":"full-width","neve_meta_container":"","neve_meta_enable_content_width":"on","neve_meta_content_width":100,"neve_meta_title_alignment":"","neve_meta_author_avatar":"","neve_post_elements_order":"","neve_meta_disable_header":"","neve_meta_disable_footer":"","neve_meta_disable_title":"","_themeisle_gutenberg_block_has_review":false,"_ti_tpc_template_sync":false,"_ti_tpc_template_id":""},"acf":[],"_links":{"self":[{"href":"https:\/\/athenaeum.unipv.it\/index.php\/wp-json\/wp\/v2\/pages\/392"}],"collection":[{"href":"https:\/\/athenaeum.unipv.it\/index.php\/wp-json\/wp\/v2\/pages"}],"about":[{"href":"https:\/\/athenaeum.unipv.it\/index.php\/wp-json\/wp\/v2\/types\/page"}],"author":[{"embeddable":true,"href":"https:\/\/athenaeum.unipv.it\/index.php\/wp-json\/wp\/v2\/users\/1"}],"replies":[{"embeddable":true,"href":"https:\/\/athenaeum.unipv.it\/index.php\/wp-json\/wp\/v2\/comments?post=392"}],"version-history":[{"count":42,"href":"https:\/\/athenaeum.unipv.it\/index.php\/wp-json\/wp\/v2\/pages\/392\/revisions"}],"predecessor-version":[{"id":2401,"href":"https:\/\/athenaeum.unipv.it\/index.php\/wp-json\/wp\/v2\/pages\/392\/revisions\/2401"}],"wp:attachment":[{"href":"https:\/\/athenaeum.unipv.it\/index.php\/wp-json\/wp\/v2\/media?parent=392"}],"curies":[{"name":"wp","href":"https:\/\/api.w.org\/{rel}","templated":true}]}}