{"id":742,"date":"2020-10-27T07:24:43","date_gmt":"2020-10-27T07:24:43","guid":{"rendered":"http:\/\/webnixinfotech.com\/?page_id=742"},"modified":"2023-06-14T20:22:06","modified_gmt":"2023-06-14T20:22:06","slug":"elenco-dei-referee-2012-2014","status":"publish","type":"page","link":"https:\/\/athenaeum.unipv.it\/index.php\/elenco-dei-referee-2012-2014\/","title":{"rendered":"Elenco dei referee (2012-2014)"},"content":{"rendered":"<div id=\"pl-742\"  class=\"panel-layout\" ><div id=\"pg-742-0\"  class=\"panel-grid panel-no-style\" ><div id=\"pgc-742-0-0\"  class=\"panel-grid-cell\" ><div id=\"panel-742-0-0-0\" class=\"so-panel widget widget_sow-editor panel-first-child panel-last-child\" data-index=\"0\" ><div\n\t\t\t\n\t\t\tclass=\"so-widget-sow-editor so-widget-sow-editor-base\"\n\t\t\t\n\t\t>\n<div class=\"siteorigin-widget-tinymce textwidget\">\n\t<h3 style=\"text-align: center;\"><strong>Elenco dei revisori<\/strong><\/h3>\n<h3 style=\"text-align: center;\"><strong>che hanno valutato gli articoli proposti ad \u00abAthenaeum\u00bb<\/strong><\/h3>\n<h3 style=\"text-align: center;\"><strong>nel periodo 2012-2014<\/strong><\/h3>\n<p>&nbsp;<\/p>\n<h3 style=\"text-align: center;\"><strong>List of the reviewers<\/strong><\/h3>\n<h3 style=\"text-align: center;\"><strong>of essays submitted to \u00abAthenaeum\u00bb<\/strong><\/h3>\n<h3 style=\"text-align: center;\"><strong>in 2012-2014<\/strong><\/h3>\n<div id=\"outerContainer\">\n<div id=\"sidebarContainer\">\n<div id=\"toolbarSidebar\">\n<div class=\"splitToolbarButton toggled\"><\/div>\n<\/div>\n<\/div>\n<\/div>\n<div id=\"sidebarContainer\">\n<div id=\"sidebarContent\">\n<div id=\"thumbnailView\">\n<div class=\"thumbnail selected\" data-page-number=\"1\">\n<div class=\"thumbnailSelectionRing\"><\/div>\n<p>&nbsp;<\/p>\n<div class=\"canvasWrapper\">\n<p><em>Nel biennio compreso tra il maggio 2012 e l'aprile 2014 sono stati sottoposti alla rivista <strong>108<\/strong><\/em><em> articoli.<\/em><\/p>\n<p><em>Sono stati approvati per la stampa <strong>72<\/strong> articoli (pari al <strong>66,7%<\/strong> del totale).<\/em><\/p>\n<p><em>Sono stati respinti o ritirati <strong>36<\/strong> articoli (pari al <strong>33,3% <\/strong>del totale).<\/em><\/p>\n<p>&nbsp;<\/p>\n<\/div>\n<p><em>In the two years from May 2012 to April 2014, <strong>108<\/strong> items were submitted to the journal.<\/em><\/p>\n<p><em><strong>72<\/strong> items (<strong>66.7%<\/strong> of the total) were approved.<\/em><\/p>\n<p><em><strong>36<\/strong> items were rejected or withdrawn (<strong>33.3%<\/strong> of the total).<\/em><\/p>\n<p>&nbsp;<\/p>\n<\/div>\n<div class=\"thumbnail selected\" data-page-number=\"1\">\n<div class=\"canvasWrapper\">\n<p>Michele Abbate, Universit\u00e0 di Salerno<\/p>\n<p>Eugenio Amato, Universit\u00e9 de Nantes \/Institut Universitaire de France (Francia)<\/p>\n<p>Francesca Angi\u00f2, Velletri<\/p>\n<p>Giuseppe Aric\u00f2, Universit\u00e0 Cattolica del Sacro Cuore, Milano<\/p>\n<p>Giampiera Arrigoni, Universit\u00e0 degli Studi di Milano<\/p>\n<p>Guido Avezz\u00f9, Universit\u00e0 di Verona<\/p>\n<p>Gino Bandelli, Universit\u00e0 di Trieste<\/p>\n<p>Rodolfo Bargnesi, Universit\u00e0 di Pavia<\/p>\n<p>Gisella Bassanelli Sommariva, Universit\u00e0 di Bologna<\/p>\n<p>Francisco Beltr\u00e1n Lloris, Universidad de Zaragoza (Spagna)<\/p>\n<p>Francesca Romana Berno, Sapienza Universit\u00e0 di Roma<\/p>\n<p>Franco Bertolini, Universit\u00e0 di Pavia<\/p>\n<p>Federica Bessone, Universit\u00e0 di Torino<\/p>\n<p>Daniele Bianconi, Sapienza Universit\u00e0 di Roma<\/p>\n<p>Giuseppe Gilberto Biondi, Universit\u00e0 di Parma<\/p>\n<p>Wolfgang Bl\u00f6sel, Universit\u00e4t Duisburg-Essen (Germania)<\/p>\n<p>Corinne Bonnet, Universit\u00e9 de Toulouse II -Le Mirail \/ Institut Universitaire de France (Francia)<\/p>\n<p>Alberto Borghini, Centro di Documentazione della Tradizione Orale di Piazza al Serchio, Lucca<\/p>\n<p>Fabio Botta, Universit\u00e0 di Cagliari<\/p>\n<p>St\u00e9phane Bourdin, \u00c9cole Fran\u00e7aise de Rome<\/p>\n<p>Benedetto Bravo, University of Warsaw (Polonia)<\/p>\n<p>Umberto Bultrighini, Universit\u00e0 G. D'Annunzio Chieti-Pescara<\/p>\n<p>Francis Cairns, Florida State University, Tallahassee (USA)<\/p>\n<p>Giuseppe Cambiano, Scuola Normale Superiore di Pisa<\/p>\n<p>Alberto Canobbio, Universit\u00e0 di Pavia<\/p>\n<p>Antonio Carlini, Universit\u00e0 di Pisa<\/p>\n<p>Elizabeth D. Carney, Clemson University, South Carolina (USA)<\/p>\n<p>Paavo Castr\u00e9n, University of Helsinki (Finlandia)<\/p>\n<p>Carmine Catenacci, Universit\u00e0 G. D'Annunzio Chieti-Pescara<\/p>\n<p>Giovanni Cerri, Universit\u00e0 Roma Tre<\/p>\n<p>Craige B. Champion, Syracuse University, Syracuse, New York (USA)<\/p>\n<p>Jean-Louis Charlet, Aix-en-Provence (Francia)<\/p>\n<p>Fran\u00e7ois Chausson,Universit\u00e9 Paris 1 Panth\u00e9on-Sorbonne (Francia)<\/p>\n<p>Ileana Chirassi Colombo, Universit\u00e0 di Trieste<\/p>\n<p>Paola Colace, Universit\u00e0 di Messina<\/p>\n<p>Fabio Colivicchi, Queen's University, Kingston, Ontario (Canada)<\/p>\n<p>Walter Robert Connor, Princeton University, Princeton, New Jersey (USA)<\/p>\n<p>Aldo Corcella, Universit\u00e0 della Basilicata, Potenza<\/p>\n<p>Ugo Criscuolo, Universit\u00e0 di Napoli \u00abFederico II\u00bb<\/p>\n<p>Andrea Cucchiarelli, Sapienza Universit\u00e0 di Roma<\/p>\n<p>Enrica Culasso Gastaldi, Universit\u00e0 di Torino<\/p>\n<p>Pierluigi Cuzzolin, Universit\u00e0 di Bergamo<\/p>\n<p>Jean-Michel David, Universit\u00e9 Paris 1 Panth\u00e9on-Sorbonne (Francia)<\/p>\n<p>Paolo Desideri, Universit\u00e0 di Firenze<\/p>\n<p>Pierre Destr\u00e9e, Universit\u00e9 Catholique de Louvain (Belgio)<\/p>\n<p>John Dillery, University of Virginia, Charlottesville (USA)<\/p>\n<p>John Myles Dillon, Trinity College Dublin (Irlanda)<\/p>\n<p>John No\u00ebl Dillon, Berkeley, California (USA)<\/p>\n<p>Lutz Doering, University of Durham (Regno Unito)<\/p>\n<p>Daniela Dueck, Bar Ilan University, Ramat-Gan (Israele)<\/p>\n<p>Werner Eck, Universit\u00e4t K\u00f6ln (Germania)<\/p>\n<p>Claude Eilers, McMasterUniversity, Hamilton, Ontario (Canada)<\/p>\n<p>Jacques Elfassi, Universit\u00e9 de Lorraine-Metz (Francia)<\/p>\n<p>Paolo Esposito, Universit\u00e0 di Salerno<\/p>\n<p>Elaine Fantham, Princeton University, Princeton, New Jersey (USA)<\/p>\n<p>Concepci\u00f3n Fern\u00e1ndez Mart\u00ednez, Universidad de Sevilla (Spagna)<\/p>\n<p>Franco Ferrari, Universit\u00e0 di Salerno<\/p>\n<p>Luca Fezzi, Universit\u00e0 di Padova<\/p>\n<p>Mario Fiorentini, Universit\u00e0 di Trieste<\/p>\n<p>Harriet Flower, Princeton University, Princeton, New Jersey (USA)<\/p>\n<p>Sara Forsdyke, University of Michigan, Ann Arbor (USA)<\/p>\n<p>Patricia Gaillard-Seux, Universit\u00e9 d'Angers (Francia)<\/p>\n<p>Alessandro Galimberti, Universit\u00e0 Cattolica del Sacro Cuore, Milano<\/p>\n<p>Luigi Gallo, \u00abL'Orientale\u00bbUniversit\u00e0 di Napoli<\/p>\n<p>Florence Garambois-Vasquez, Universit\u00e9 Jean Monnet, Saint-\u00c9tienne (Francia)<\/p>\n<p>Ivan Garofalo, Universit\u00e0 di Siena<\/p>\n<p>Gian Franco Gianotti, Accademia delle Scienze di Torino<\/p>\n<p>Gabriella Giglioni, Universit\u00e0 di Pisa<\/p>\n<p>Joan G\u00f3mez Pallar\u00e8s, Universitat Aut\u00f2noma de Barcelona (Spagna)<\/p>\n<p>David Goodblatt, University of California, San Diego (USA)<\/p>\n<p>Fausto Goria, Universit\u00e0 diTorino<\/p>\n<p>Gian Luca Gregori, Sapienza Universit\u00e0 di Roma<\/p>\n<p>Antonino Grillone, Universit\u00e0 di Palermo<\/p>\n<p>Pierre Gros, Universit\u00e9 de Provence<\/p>\n<p>Aix-Marseille 1 \/Acad\u00e9mie des Inscriptions et Belles-Lettres, Paris (Francia)<\/p>\n<p>Erich S. Gruen, University of California, Berkeley (USA)<\/p>\n<p>Claire Gruzelier, Birmingham (Regno Unito)<\/p>\n<p>Jean-Yves Guillaumin, Universit\u00e9 de Franche-Comt\u00e9, Besan\u00e7on (Francia)<\/p>\n<p>Ayelet Haimson-Lushkov,University of Texas, Austin (USA)<\/p>\n<p>Matth\u00e4us Heil, Berlin-Brandenburgische Akademie der Wissenschaften (Germania)<\/p>\n<p>Olivier Hekster, Radboud Universiteit Nijmegen (Paesi Bassi)<\/p>\n<p>Emily Hemelrijk, Universiteit van Amsterdam (Paesi Bassi)<\/p>\n<p>Mar\u00eda Jos\u00e9 Hidalgo de la Vega, Universidad de Salamanca (Spagna)<\/p>\n<p>Stephen E. Hinds, University of Washington (USA)<\/p>\n<p>Kenneth G. Holum, University of Maryland, College Park (USA)<\/p>\n<p>Antony Hostein, Universit\u00e9 Paris 1 Panth\u00e9on-Sorbonne (Francia)<\/p>\n<p>Olivier Huck, Universit\u00e9 de Strasbourg (Francia)<\/p>\n<p>Michel Humm, Universit\u00e9 de Strasbourg, UMR 7044 (Francia)<\/p>\n<p>Jean-Christophe Jolivet, Universit\u00e9 Charles De Gaulle Lille 3 (Francia)<\/p>\n<p>Alberto Jori, Universit\u00e4t T\u00fcbingen (Germania)<\/p>\n<p>Joshua T. Katz, Princeton University, Princeton, New Jersey (USA)<\/p>\n<p>David Konstan, New York University (USA)<\/p>\n<p>Elizabeth Kosmetatou, University of Illinois, Springfield (USA)<\/p>\n<p>Peter Krentz, Davidson College, Davidson, North Carolina (USA)<\/p>\n<p>Matthew Leigh, St Anne's College, Oxford (Regno Unito)<\/p>\n<p>Dominique Lenfant, Universit\u00e9 de Strasbourg (Francia)<\/p>\n<p>Patrick Le Roux, Universit\u00e9 Paris 13 Nord (Francia)<\/p>\n<p>Hugh Lindsay, University of Newcastle (Australia)<\/p>\n<p>Robert J. Littman, University of Hawaii (USA)<\/p>\n<p>Rita LizziTesta, Universit\u00e0 di Perugia<\/p>\n<p>Gianfranco Lotito, Universit\u00e0 di Pisa<\/p>\n<p>Nino Luraghi, Princeton University, Princeton, New Jersey (USA)<\/p>\n<p>Gigliola Maggiulli, Universit\u00e0 di Genova<\/p>\n<p>Brigitte Maire, Universit\u00e9 de Lausanne (Svizzera)<\/p>\n<p>Elena Malaspina, Universit\u00e0 Roma Tre<\/p>\n<p>Attilio Mastino, Universit\u00e0 di Sassari<\/p>\n<p>Donald J. Mastronarde, University of California, Berkeley (USA)<\/p>\n<p>Ida Gilda Mastrorosa, Universit\u00e0 di Firenze<\/p>\n<p>Kre\u0161imir Matijevi\u0107, Universit\u00e4t Trier (Germania)<\/p>\n<p>Carlo Mazzucchi, Universit\u00e0<\/p>\n<p>Cattolica del Sacro Cuore, Milano<\/p>\n<p>Mauro Moggi, Universit\u00e0 di Siena<\/p>\n<p>Jos\u00e9 Antonio Molina G\u00f3mez, Universidad de Murcia (Spagna)<\/p>\n<p>Agn\u00e8s Molinier-Arbo, Universit\u00e9 de Strasbourg (Francia)<\/p>\n<p>Gabriella Moretti, Universit\u00e0 di Trento<\/p>\n<p>Henrik Mouritsen, King's College, London (Regno Unito)<\/p>\n<p>Frances Muecke, University of Sydney (Australia)<\/p>\n<p>Camillo Neri, Universit\u00e0 di Bologna<\/p>\n<p>Carlos F. Nore\u00f1a, University of California, Berkeley (USA)<\/p>\n<p>Stephen Oakley, Emmanuel College, Cambridge (Regno Unito)<\/p>\n<p>Daniel Ogden, University of Exeter (Regno Unito)<\/p>\n<p>Marco Onorato, Universit\u00e0 di Messina<\/p>\n<p>Jan Opsomer, Katholieke Universiteit Leuven (Belgio)<\/p>\n<p>Guido Paduano, Universit\u00e0 di Pisa<\/p>\n<p>Pasquale Pasquino, New York University (USA)<\/p>\n<p>Maria Pia Pattoni, Universit\u00e0 Cattolica del Sacro Cuore, Brescia<\/p>\n<p>Christopher Pelling, Christ Church, Oxford (Regno Unito)<\/p>\n<p>Ezio Pellizer, Universit\u00e0 di Udine<\/p>\n<p>Marcel Pi\u00e9rart, Universit\u00e9 de Fribourg (Svizzera)<\/p>\n<p>Rita Pierini, Universit\u00e0 di Firenze<\/p>\n<p>Andr\u00e9s Poci\u00f1a P\u00e9rez, Universidad de Granada (Spagna)<\/p>\n<p>Leandro Polverini, Universit\u00e0 Roma Tre<\/p>\n<p>Jonathan J. Price, Tel Aviv University (Israele)<\/p>\n<p>Francesco Prontera, Universit\u00e0 di Perugia<\/p>\n<p>Miriam Pucci Ben Zeev, Ben-Gurion University of the Negev (Israele)<\/p>\n<p>Andrea Raggi, Universit\u00e0 di Pisa<\/p>\n<p>Johannes Michael Rainer, Universit\u00e4t Salzburg (Austria)<\/p>\n<p>Susanne William Rasmussen, University of Southern Denmark (Danimarca)<\/p>\n<p>Joseph D. Reed, Brown University, Providence, Rhode Island (USA)<\/p>\n<p>Francesca Rohr Vio, Universit\u00e0 Ca' Foscari Venezia<\/p>\n<p>Veit Rosenberger, Universit\u00e4t Erfurt (Germania)<\/p>\n<p>Nathan Rosenstein, Ohio State University, Columbus (USA)<\/p>\n<p>Clare Rowan, University of Warwick (Regno Unito)<\/p>\n<p>Maria Teresa Sblendorio Cugusi, Universit\u00e0 di Cagliari<\/p>\n<p>Sergio Sconocchia, Accademia Marchigiana di Scienze, Lettere e Arti, Ancona<\/p>\n<p>Aldo Setaioli, Universit\u00e0 di Perugia<\/p>\n<p>Boudewijn Sirks, All Souls College, Oxford (Regno Unito)<\/p>\n<p>Alan H. Sommerstein, University of Nottingham (Regno Unito)<\/p>\n<p>Claire Sotinel, Centre de Recherche d'Histoire Europ\u00e9enne Compar\u00e9e \/ Universit\u00e9 Paris Est (Francia)<\/p>\n<p>Catherine Steel, University of Glasgow, Scotland (Regno Unito)<\/p>\n<p>Clara Talamo, Universit\u00e0 di Salerno<\/p>\n<p>Harold Tarrant, University of Newcastle (Australia)<\/p>\n<p>Franco Todescan, Universit\u00e0 di Padova<\/p>\n<p>Laurence Totelin, Cardiff University (Regno Unito)<\/p>\n<p>Jean Trinquier, \u00c9cole Normale Sup\u00e9rieure, UMR 8546 CNRS-ENS (AOROC), Paris (Francia)<\/p>\n<p>Fran\u00e7oise Van Haeperen, Universit\u00e9 Catholique de Louvain (Belgio)<\/p>\n<p>Mario Vegetti, Universit\u00e0 di Pavia<\/p>\n<p>Rosaria Vignolo Munson, Swarthmore College, Swarthmore, Pennsylvania (USA)<\/p>\n<p>Biagio Virgilio, Universit\u00e0 di Pisa<\/p>\n<p>Andreas Wacke, Universit\u00e4t K\u00f6ln (Germania)<\/p>\n<p>Andrew Wallace-Hadrill, Cambridge University (Regno Unito)<\/p>\n<p>Giuseppe Zecchini, Universit\u00e0 Cattolica del Sacro Cuore, Milano<\/p>\n<div id=\"outerContainer\">\n<div id=\"mainContainer\"><\/div>\n<\/div>\n<\/div>\n<\/div>\n<\/div>\n<\/div>\n<\/div>\n<\/div>\n<\/div><\/div><\/div><\/div><\/div>","protected":false},"excerpt":{"rendered":"<p>Elenco dei revisori che hanno valutato gli articoli proposti ad \u00abAthenaeum\u00bb nel periodo 2012-2014 &nbsp; List of the reviewers of essays submitted to \u00abAthenaeum\u00bb in 2012-2014 &nbsp; Nel biennio compreso tra il maggio 2012 e l&#8217;aprile 2014 sono stati sottoposti alla rivista 108 articoli. Sono stati approvati per la stampa 72 articoli (pari al 66,7%&hellip;&nbsp;<a href=\"https:\/\/athenaeum.unipv.it\/index.php\/elenco-dei-referee-2012-2014\/\" class=\"\" rel=\"bookmark\">Leggi tutto &raquo;<span class=\"screen-reader-text\">Elenco dei referee (2012-2014)<\/span><\/a><\/p>\n","protected":false},"author":1,"featured_media":0,"parent":0,"menu_order":0,"comment_status":"closed","ping_status":"closed","template":"","meta":{"neve_meta_sidebar":"full-width","neve_meta_container":"","neve_meta_enable_content_width":"on","neve_meta_content_width":100,"neve_meta_title_alignment":"","neve_meta_author_avatar":"","neve_post_elements_order":"","neve_meta_disable_header":"","neve_meta_disable_footer":"","neve_meta_disable_title":"","_themeisle_gutenberg_block_has_review":false,"_ti_tpc_template_sync":false,"_ti_tpc_template_id":""},"acf":[],"_links":{"self":[{"href":"https:\/\/athenaeum.unipv.it\/index.php\/wp-json\/wp\/v2\/pages\/742"}],"collection":[{"href":"https:\/\/athenaeum.unipv.it\/index.php\/wp-json\/wp\/v2\/pages"}],"about":[{"href":"https:\/\/athenaeum.unipv.it\/index.php\/wp-json\/wp\/v2\/types\/page"}],"author":[{"embeddable":true,"href":"https:\/\/athenaeum.unipv.it\/index.php\/wp-json\/wp\/v2\/users\/1"}],"replies":[{"embeddable":true,"href":"https:\/\/athenaeum.unipv.it\/index.php\/wp-json\/wp\/v2\/comments?post=742"}],"version-history":[{"count":16,"href":"https:\/\/athenaeum.unipv.it\/index.php\/wp-json\/wp\/v2\/pages\/742\/revisions"}],"predecessor-version":[{"id":2417,"href":"https:\/\/athenaeum.unipv.it\/index.php\/wp-json\/wp\/v2\/pages\/742\/revisions\/2417"}],"wp:attachment":[{"href":"https:\/\/athenaeum.unipv.it\/index.php\/wp-json\/wp\/v2\/media?parent=742"}],"curies":[{"name":"wp","href":"https:\/\/api.w.org\/{rel}","templated":true}]}}