{"id":792,"date":"2020-12-20T00:51:18","date_gmt":"2020-12-20T00:51:18","guid":{"rendered":"https:\/\/athenaeum.unipv.it\/?page_id=792"},"modified":"2023-06-14T20:18:38","modified_gmt":"2023-06-14T20:18:38","slug":"elenco-dei-referee-2018-2020","status":"publish","type":"page","link":"https:\/\/athenaeum.unipv.it\/index.php\/elenco-dei-referee-2018-2020\/","title":{"rendered":"Elenco dei referee (2018-2020)"},"content":{"rendered":"<div id=\"pl-792\"  class=\"panel-layout\" ><div id=\"pg-792-0\"  class=\"panel-grid panel-no-style\" ><div id=\"pgc-792-0-0\"  class=\"panel-grid-cell\" ><div id=\"panel-792-0-0-0\" class=\"so-panel widget widget_sow-editor panel-first-child panel-last-child\" data-index=\"0\" ><div\n\t\t\t\n\t\t\tclass=\"so-widget-sow-editor so-widget-sow-editor-base\"\n\t\t\t\n\t\t>\n<div class=\"siteorigin-widget-tinymce textwidget\">\n\t<div id=\"outerContainer\">\n<div id=\"sidebarContainer\">\n<div id=\"toolbarSidebar\">\n<h3 class=\"thumbnail selected\" style=\"text-align: center;\" data-page-number=\"1\"><strong>Elenco dei revisori <\/strong><\/h3>\n<h3 class=\"thumbnail selected\" style=\"text-align: center;\" data-page-number=\"1\"><strong>che hanno valutato gli articoli proposti ad \u00abAthenaeum\u00bb <\/strong><\/h3>\n<h3 class=\"thumbnail selected\" style=\"text-align: center;\" data-page-number=\"1\"><strong>nel periodo 2018-2020<\/strong><\/h3>\n<p>&nbsp;<\/p>\n<\/div>\n<h3 style=\"text-align: center;\"><strong>List of the reviewers<\/strong><\/h3>\n<h3 style=\"text-align: center;\"><strong>of essays submitted to \u00abAthenaeum\u00bb<\/strong><\/h3>\n<h3 style=\"text-align: center;\"><strong>in 2018-2020<\/strong><\/h3>\n<p>&nbsp;<\/p>\n<div id=\"toolbarSidebar\">\n<div data-page-number=\"1\"><\/div>\n<div class=\"thumbnail selected\" data-page-number=\"1\">\n<p><i>Nel biennio compreso tra il maggio 2018 e l'aprile 2020 sono stati sottoposti alla rivista <\/i><b><i>90<\/i><\/b><i> articoli.<\/i><\/p>\n<p class=\"p1\"><i>Sono stati approvati per la stampa <\/i><b><i>45<\/i><\/b><i> articoli (pari al <\/i><b><i>50<\/i><\/b><i>% del totale).<\/i><\/p>\n<p class=\"p1\"><i>Sono stati respinti o ritirati <\/i><b><i>41<\/i><\/b><i> articoli (pari al <\/i><b><i>45.6%<\/i><\/b><i> del totale).<\/i><\/p>\n<p class=\"p1\"><i>Per <\/i><b><i>4<\/i><\/b><i> articoli \u00e8 ancora in corso la procedura di valutazione.<\/i><\/p>\n<\/div>\n<\/div>\n<\/div>\n<p>&nbsp;<\/p>\n<div id=\"sidebarContainer\">\n<div id=\"toolbarSidebar\">\n<div class=\"thumbnail selected\" data-page-number=\"1\">\n<p><em>In the two years from May 2018 to April 2020, <b>90<\/b> items were submitted to the journal.<\/em><\/p>\n<p><em><b>45<\/b> items (<b>50<\/b>% of the total) were approved.<\/em><\/p>\n<p><em><b>41<\/b> items were rejected or withdrawn (<b>45,6%<\/b> of the total).<\/em><\/p>\n<p><em>The peer-review process is still ongoing for <b>4<\/b> items.<\/em><\/p>\n<p>&nbsp;<\/p>\n<\/div>\n<\/div>\n<div data-page-number=\"1\"><\/div>\n<div id=\"toolbarSidebar\">\n<div class=\"thumbnail selected\" data-page-number=\"1\">\n<p class=\"p1\">Gianfranco Agosti, Sapienza Universit\u00e0 di Roma<\/p>\n<p class=\"p1\">Anthony \u00c1lvarez Melero, Universidad de Sevilla, Spagna<\/p>\n<p class=\"p1\">Angela Maria Andrisano, Universit\u00e0 di Ferrara<\/p>\n<p class=\"p1\">Francesca Angi\u00f2, Velletri<\/p>\n<p class=\"p1\">Javier Arce, Universit\u00e9 Lille, Francia<\/p>\n<p class=\"p1\">Ilias N. Arnaoutoglou, Academy of Athens - KEIED, Grecia<\/p>\n<p class=\"p1\">Sergio Audano, Centro di Studi sulla Fortuna dell'Antico \u00abEmanuele Narducci\u00bb, Sestri Levante<\/p>\n<p class=\"p1\">Alexandru Avram, Le Mans Universit\u00e9, Francia<\/p>\n<p class=\"p1\">Cinzia Bearzot, Universit\u00e0 Cattolica del Sacro Cuore, Milano<\/p>\n<p class=\"p1\">Anna Beltrametti, Universit\u00e0 di Pavia<\/p>\n<p class=\"p1\">Gwladys Bernard, Universit\u00e9 Paris 8 Vincennes - Saint-Denis, Francia<\/p>\n<p class=\"p1\">Emanuele Berti, Scuola Normale Superiore di Pisa<\/p>\n<p class=\"p1\">Franco Bertolini, Universit\u00e0 di Pavia<\/p>\n<p class=\"p1\">Anton F.H. Bierl, Universit\u00e4t Basel, Svizzera<\/p>\n<p class=\"p1\">John Bodel, Brown University, Providence, Rhode Island, USA<\/p>\n<p class=\"p1\">C\u00e9dric Br\u00e9laz, Universit\u00e9 de Fribourg, Svizzera<\/p>\n<p class=\"p1\">Marco Buonocore, Biblioteca Apostolica Vaticana, Citt\u00e0 del Vaticano<\/p>\n<p class=\"p1\">Christopher Burden-Strevens, University of Kent, Canterbury, Regno Unito<\/p>\n<p class=\"p1\">Maria Cannat\u00e0 Fera, Universit\u00e0 di Messina<\/p>\n<p class=\"p1\">Riccardo Cardilli, Universit\u00e0 di Roma Tor Vergata<\/p>\n<p class=\"p1\">Maria Antonietta Casagrande Mazzoli, Universit\u00e0 di Udine<\/p>\n<p class=\"p1\">Angelo Casanova, Universit\u00e0 di Firenze<\/p>\n<p class=\"p1\">Albio Cesare Cassio, Sapienza Universit\u00e0 di Roma<\/p>\n<p class=\"p1\">Carmine Catenacci, Universit\u00e0 Chieti-Pescara<\/p>\n<p class=\"p1\">Eleonora Cavallini, \u00abAlma Mater Studiorum\u00bb Universit\u00e0 di Bologna<\/p>\n<p class=\"p1\">Alberto Cavarzere, Universit\u00e0 di Verona<\/p>\n<p class=\"p1\">Olivier de Cazanove, Universit\u00e9 de Paris 1 Panth\u00e9on Sorbonne, Francia<\/p>\n<p class=\"p1\">Lucio Ceccarelli, Universit\u00e0 dell'Aquila<\/p>\n<p class=\"p1\">Francesca Cenerini, \u00abAlma Mater Studiorum\u00bb Universit\u00e0 di Bologna<\/p>\n<p class=\"p1\">Monica Centanni, Universit\u00e0 IUAV di Venezia<\/p>\n<p class=\"p1\">Michel Christol, Universit\u00e9 de Paris 1 Panth\u00e9on Sorbonne \/ ANHIMA, Francia<\/p>\n<p class=\"p1\">Fabrizio Conca, Universit\u00e0 degli Studi di Milano<\/p>\n<p class=\"p1\">Simon Corcoran, Newcastle University, Regno Unito<\/p>\n<p class=\"p1\">Aurora Corti, ILIESI (Istituto per il lessico internazionale e storia delle idee), CNR<\/p>\n<p class=\"p1\">Andrea Cucchiarelli, Sapienza Universit\u00e0 di Roma<\/p>\n<p class=\"p1\">Paola Davoli, Universit\u00e0 del Salento, Lecce<\/p>\n<p class=\"p1\">Mar\u00eda-Paz de Hoz, Universidad de Salamanca, Spagna<\/p>\n<p class=\"p1\">Lucetta Desanti, Universit\u00e0 di Ferrara<\/p>\n<p class=\"p1\">Paolo Desideri, Universit\u00e0 di Firenze<\/p>\n<p class=\"p1\">Rosalba Dimundo, Universit\u00e0 di Bari \u00abAldo Moro\u00bb<\/p>\n<p class=\"p1\">Marc Dominicy, Universit\u00e9 Libre de Bruxelles, Belgio<\/p>\n<p class=\"p1\">Rachele Dubbini, Universit\u00e0 di Ferrara<\/p>\n<p class=\"p1\">Hugh Elton, Trent University, Peterborough, Ontario, Canada<\/p>\n<p class=\"p1\">Giulio M. Facchetti, Universit\u00e0 dell'Insubria, Varese-Como<\/p>\n<p class=\"p1\">Paolo Fedeli, Universit\u00e0 di Bari \u00abAldo Moro\u00bb<\/p>\n<p class=\"p1\">Franco Ferrari, Universit\u00e0 di Pavia<\/p>\n<p class=\"p1\">Giulio Firpo, Accademia Petrarca di Lettere Arti e Scienze di Arezzo<\/p>\n<p class=\"p1\">Marco Fressura, Universit\u00e0 Roma Tre<\/p>\n<p class=\"p1\">Claudio Gallazzi, Universit\u00e0 degli Studi di Milano<\/p>\n<p class=\"p1\">Emilio Galvagno, Universit\u00e0 di Catania<\/p>\n<p class=\"p1\">Giovanni Garbugino, Universit\u00e0 di Genova<\/p>\n<p class=\"p1\">Marco Gardini, Universit\u00e0 di Parma<\/p>\n<p class=\"p1\">Silvia Gastaldi, Universit\u00e0 di Pavia<\/p>\n<p class=\"p1\">Roy Gibson, Manchester University, Regno Unito<\/p>\n<p class=\"p1\">Andrew Gillett, Buderim, Queensland, Australia<\/p>\n<p class=\"p1\">Silvia Giorcelli, Universit\u00e0 di Torino<\/p>\n<p class=\"p1\">Pascale Giovannelli-Jouanna, Universit\u00e9 Jean Moulin Lyon 3, Francia<\/p>\n<p class=\"p1\">Diana Gorostidi Pi, Universitat Rovira i Virgili, Tarragona \/ Institut Catal\u00e0 d'Arqueologia Cl\u00e0ssica, Tarragona, Spagna<\/p>\n<p class=\"p1\">Antonietta Gostoli, Universit\u00e0 di Perugia<\/p>\n<p class=\"p1\">Luca Graverini, Universit\u00e0 di Siena<\/p>\n<p class=\"p1\">Maria Ida P. Gulletta, Scuola Normale Superiore di Pisa<\/p>\n<p class=\"p1\">Philip Hardie, University of Cambridge, Regno Unito<\/p>\n<p class=\"p1\">Edward Harris, Durham University, Regno Unito<\/p>\n<p class=\"p1\">Stephen Harrison, University of Oxford, Regno Unito<\/p>\n<p class=\"p1\">Alfred. M. Hirt, University of Liverpool, Regno Unito<\/p>\n<p class=\"p1\">Fr\u00e9d\u00e9ric Hurlet, Universit\u00e9 Paris Nanterre, Francia<\/p>\n<p class=\"p1\">Giorgio Ieran\u00f2, Universit\u00e0 di Trento<\/p>\n<p class=\"p1\">Wolfgang Kaiser, Albert-Ludwigs-Universit\u00e4t Freiburg, Germania<\/p>\n<p class=\"p1\">Kostas Kapparis, University of Florida, Gainesville, USA<\/p>\n<p class=\"p1\">David Konstan, New York University, USA<\/p>\n<p class=\"p1\">David Kremer, Universit\u00e9 de Paris, Francia<\/p>\n<p class=\"p1\">Peter Krentz, Davidson College, Davidson, North Carolina, USA<\/p>\n<p class=\"p1\">Umberto Laffi, Accademia Nazionale dei Lincei<\/p>\n<p class=\"p1\">Franca Landucci, Universit\u00e0 Cattolica del Sacro Cuore, Milano<\/p>\n<p class=\"p1\">Nicolas Laubry, \u00c9cole Fran\u00e7aise de Rome<\/p>\n<p class=\"p1\">Luigi Lehnus, Universit\u00e0 degli Studi di Milano<\/p>\n<p class=\"p1\">Matthew Leigh, St Anne's College, Oxford, Regno Unito<\/p>\n<p class=\"p1\">Pauline LeVen, Yale University, New Haven, Connecticut, USA<\/p>\n<p class=\"p1\">David Levenson, Florida State University, Tallahassee, Florida, USA<\/p>\n<p class=\"p1\">Detlef Liebs, Albert-Ludwigs-Universit\u00e4t Freiburg, Germania<\/p>\n<p class=\"p1\">Liana Lomiento, Universit\u00e0 di Urbino Carlo Bo<\/p>\n<p class=\"p1\">Michael Lovano, St. Norbert College, De Pere, Wisconsin, USA<\/p>\n<p class=\"p1\">Ermanno Malaspina, Soci\u00e9t\u00e9 Internationale des Amis de Cic\u00e9ron<\/p>\n<p class=\"p1\">Daniele Federico Maras, Soprintendenza Archeologia Belle Arti e Paesaggio per l'Area Metropolitana di Roma, la Provincia di Viterbo e l'Etruria Meridionale, Roma<\/p>\n<p class=\"p1\">Daniel Marguerat, Universit\u00e9 de Lausanne, Svizzera<\/p>\n<p class=\"p1\">Thomas R. Martin, College of the Holy Cross, Worcester, Massachusetts, USA<\/p>\n<p class=\"p1\">Alex McAuley, Cardiff University, Regno Unito<\/p>\n<p class=\"p1\">Angelo O. Mercado, Grinnell College, Iowa, USA<\/p>\n<p class=\"p1\">Clelia Mora, Universit\u00e0 di Pavia<\/p>\n<p class=\"p1\">Alfredo Mario Morelli, Universit\u00e0 di Cassino e del Lazio Meridionale<\/p>\n<p class=\"p1\">Claudio Moreschini, Universit\u00e0 di Pisa<\/p>\n<p class=\"p1\">Federicomaria Muccioli, \u00abAlma Mater Studiorum\u00bb Universit\u00e0 di Bologna<\/p>\n<p class=\"p1\">Karen Sara Myers, University of Virginia, Charlottesville, USA<\/p>\n<p class=\"p1\">Anika Nicolosi, Universit\u00e0 di Parma<\/p>\n<p class=\"p1\">Gian Franco Nieddu, Universit\u00e0 di Cagliari<\/p>\n<p class=\"p1\">Robert Parker, University of Oxford, Regno Unito<\/p>\n<p class=\"p1\">Maria Pia Pattoni, Universit\u00e0 Cattolica del Sacro Cuore, Brescia<\/p>\n<p class=\"p1\">Aurelio P\u00e9rez Jim\u00e9nez, Universidad de M\u00e1laga, Spagna<\/p>\n<p class=\"p1\">Marco Petoletti, Universit\u00e0 Cattolica del Sacro Cuore, Milano<\/p>\n<p class=\"p1\">Giusto Picone, Universit\u00e0 di Palermo<\/p>\n<p class=\"p1\">Bruna Pieri, \u00abAlma Mater Studiorum\u00bb Universit\u00e0 di Bologna<\/p>\n<p class=\"p1\">Stefania Pietrini, Universit\u00e0 di Siena<\/p>\n<p class=\"p1\">Paola Pinotti, \u00abAlma Mater Studiorum\u00bb Universit\u00e0 di Bologna<\/p>\n<p class=\"p1\">Antonio Piras, Universit\u00e0 di Cagliari<\/p>\n<p class=\"p1\">Giovanni Polara, Universit\u00e0 di Napoli Federico II<\/p>\n<p class=\"p1\">Leandro Polverini, Istituto Nazionale di Studi Romani<\/p>\n<p class=\"p1\">Filippomaria Pontani, Universit\u00e0 Ca' Foscari Venezia<\/p>\n<p class=\"p1\">Federico Procchi, Universit\u00e0 di Pisa<\/p>\n<p class=\"p1\">John T. Ramsey, University of Illinois at Chicago, USA<\/p>\n<p class=\"p1\">Stefan Rebenich, Universit\u00e4t Bern, Svizzera<\/p>\n<p class=\"p1\">John Rich, University of Nottingham, Regno Unito<\/p>\n<p class=\"p1\">Jean-No\u00ebl Robert, Coll\u00e8ge de France, Francia<\/p>\n<p class=\"p1\">Giovanni Salanitro, Universit\u00e0 di Catania<\/p>\n<p class=\"p1\">Maria Teresa Schettino, Universit\u00e9 de Haute-Alsace \/ Universit\u00e9 de Strasbourg, UMR Archim\u00e8de \/ CNRS, Francia<\/p>\n<p class=\"p1\">Giuseppe Solaro, Universit\u00e0 di Foggia<\/p>\n<p class=\"p1\">Alan Sommerstein, University of Nottingham, Regno Unito<\/p>\n<p class=\"p1\">Irene Starace, Universidad de Zaragoza \/ Universidad de Salamanca, Spagna<\/p>\n<p class=\"p1\">Rex Stem, University of California, Davis, USA<\/p>\n<p class=\"p1\">Arnaud Susp\u00e8ne, Universit\u00e9 d'Orl\u00e9ans \/ CNRS, Francia<\/p>\n<p class=\"p1\">Chiara Ombretta Tommasi, Universit\u00e0 di Pisa<\/p>\n<p class=\"p1\">Chiara Torre, Universit\u00e0 degli Studi di Milano<\/p>\n<p class=\"p1\">Christopher J. Tuplin, University of Liverpool, Regno Unito<\/p>\n<p class=\"p1\">Lieve van Hoof, Ghent University, Belgio<\/p>\n<p class=\"p1\">Maria Veronese, Universit\u00e0 di Padova<\/p>\n<p class=\"p1\">Katharina Volk, Columbia University in the City of New York, USA<\/p>\n<p class=\"p1\">Andrew Wallace-Hadrill, University of Cambridge, Regno Unito<\/p>\n<p class=\"p1\">David Woods, University College Cork, Irlanda<\/p>\n<p class=\"p1\">Froma Zeitlin, Princeton University, New Jersey, USA<\/p>\n<p class=\"p1\">Loriano Zurli, Universit\u00e0 di Perugia<\/p>\n<\/div>\n<\/div>\n<\/div>\n<\/div>\n<\/div>\n<\/div><\/div><\/div><\/div><\/div>","protected":false},"excerpt":{"rendered":"<p>Elenco dei revisori che hanno valutato gli articoli proposti ad \u00abAthenaeum\u00bb nel periodo 2018-2020 &nbsp; List of the reviewers of essays submitted to \u00abAthenaeum\u00bb in 2018-2020 &nbsp; Nel biennio compreso tra il maggio 2018 e l&#8217;aprile 2020 sono stati sottoposti alla rivista 90 articoli. Sono stati approvati per la stampa 45 articoli (pari al 50%&hellip;&nbsp;<a href=\"https:\/\/athenaeum.unipv.it\/index.php\/elenco-dei-referee-2018-2020\/\" class=\"\" rel=\"bookmark\">Leggi tutto &raquo;<span class=\"screen-reader-text\">Elenco dei referee (2018-2020)<\/span><\/a><\/p>\n","protected":false},"author":1,"featured_media":0,"parent":0,"menu_order":0,"comment_status":"closed","ping_status":"closed","template":"","meta":{"neve_meta_sidebar":"full-width","neve_meta_container":"","neve_meta_enable_content_width":"on","neve_meta_content_width":100,"neve_meta_title_alignment":"","neve_meta_author_avatar":"","neve_post_elements_order":"","neve_meta_disable_header":"","neve_meta_disable_footer":"","neve_meta_disable_title":"","_themeisle_gutenberg_block_has_review":false,"_ti_tpc_template_sync":false,"_ti_tpc_template_id":""},"acf":[],"_links":{"self":[{"href":"https:\/\/athenaeum.unipv.it\/index.php\/wp-json\/wp\/v2\/pages\/792"}],"collection":[{"href":"https:\/\/athenaeum.unipv.it\/index.php\/wp-json\/wp\/v2\/pages"}],"about":[{"href":"https:\/\/athenaeum.unipv.it\/index.php\/wp-json\/wp\/v2\/types\/page"}],"author":[{"embeddable":true,"href":"https:\/\/athenaeum.unipv.it\/index.php\/wp-json\/wp\/v2\/users\/1"}],"replies":[{"embeddable":true,"href":"https:\/\/athenaeum.unipv.it\/index.php\/wp-json\/wp\/v2\/comments?post=792"}],"version-history":[{"count":4,"href":"https:\/\/athenaeum.unipv.it\/index.php\/wp-json\/wp\/v2\/pages\/792\/revisions"}],"predecessor-version":[{"id":2415,"href":"https:\/\/athenaeum.unipv.it\/index.php\/wp-json\/wp\/v2\/pages\/792\/revisions\/2415"}],"wp:attachment":[{"href":"https:\/\/athenaeum.unipv.it\/index.php\/wp-json\/wp\/v2\/media?parent=792"}],"curies":[{"name":"wp","href":"https:\/\/api.w.org\/{rel}","templated":true}]}}