{"id":836,"date":"2021-01-18T17:41:15","date_gmt":"2021-01-18T17:41:15","guid":{"rendered":"https:\/\/athenaeum.unipv.it\/?page_id=836"},"modified":"2023-04-08T15:42:40","modified_gmt":"2023-04-08T15:42:40","slug":"ath46-2020","status":"publish","type":"page","link":"https:\/\/athenaeum.unipv.it\/index.php\/ath46-2020\/","title":{"rendered":"ATH46-2020"},"content":{"rendered":"<div id=\"pl-836\"  class=\"panel-layout\" ><div id=\"pg-836-0\"  class=\"panel-grid panel-no-style\" ><div id=\"pgc-836-0-0\"  class=\"panel-grid-cell\" ><div id=\"panel-836-0-0-0\" class=\"so-panel widget widget_sow-editor panel-first-child panel-last-child\" data-index=\"0\" ><div id=\"none-break\" class=\"panel-widget-style panel-widget-style-for-836-0-0-0\" ><div\n\t\t\t\n\t\t\tclass=\"so-widget-sow-editor so-widget-sow-editor-base\"\n\t\t\t\n\t\t>\n<div class=\"siteorigin-widget-tinymce textwidget\">\n\t<p style=\"margin-bottom: 0px;\" align=\"center\"><span style=\"font-size: large;\"><b>Athenaeum<br \/>\n<\/b><\/span><\/p>\n<p style=\"margin-bottom: 0px;\" align=\"center\"><b>Indice dell\u2019annata 2020<\/b><\/p>\n<div align=\"center\">\n<table border=\"0\" width=\"75%\" cellpadding=\"0\">\n<tbody>\n<tr>\n<td width=\"15%\"><a href=\"#Anchor-Fascicol-13312\"><b>Fascicol 1<\/b><\/a><\/td>\n<td width=\"35%\">\n<div align=\"center\">\n<p>&nbsp;<\/p>\n<table border=\"0\" cellpadding=\"0\">\n<tbody>\n<tr>\n<td><a href=\"#Anchor-Articol-21800\"><b>Articoli<\/b><\/a><\/td>\n<\/tr>\n<tr>\n<td><a href=\"#Anchor-Not-35433\"><b>Note e discussioni<\/b><\/a><\/td>\n<\/tr>\n<tr>\n<td><a href=\"#Anchor-Recension-49687\"><b>Recensioni<\/b><\/a><\/td>\n<\/tr>\n<tr>\n<td><a href=\"#Anchor-Notizi-63154\"><b>Notizie di pubblicazione<\/b><\/a><\/td>\n<\/tr>\n<\/tbody>\n<\/table>\n<p>&nbsp;<\/p>\n<\/div>\n<\/td>\n<td width=\"15%\"><a href=\"#Anchor-Fascicol-10032\"><b>Fascicolo 2<\/b><\/a><\/td>\n<td width=\"35%\">\n<table border=\"0\" cellpadding=\"0\">\n<tbody>\n<tr>\n<td><a href=\"#Anchor-Articol-24888\"><b>Articoli<\/b><\/a><\/td>\n<\/tr>\n<tr>\n<td><a href=\"#Anchor-Not-38131\"><b>Note e discussioni<\/b><\/a><\/td>\n<\/tr>\n<tr>\n<td><a href=\"#Anchor-Recension-50456\"><b>Recensioni<\/b><\/a><\/td>\n<\/tr>\n<tr>\n<td><a href=\"#Anchor-Notizi-64396\"><b>Notizie di pubblicazione<\/b><\/a><\/td>\n<\/tr>\n<\/tbody>\n<\/table>\n<\/td>\n<\/tr>\n<\/tbody>\n<\/table>\n<p><a style=\"font-family: inherit; font-size: inherit;\" name=\"Anchor-Fascicol-13312\"><\/a><\/p>\n<\/div>\n<p style=\"text-align: center;\"><b><i><\/i><\/b><b><i>Fascicolo 1<\/i><\/b><\/p>\n<div align=\"center\">\n<p style=\"text-align: center;\"><b><i>(pubblicazione: maggio 2020)<\/i><\/b><\/p>\n<\/div>\n<p>&nbsp;<\/p>\n<div align=\"center\">\n<p><a name=\"Anchor-Articol-21800\"><\/a><\/p>\n<h3 style=\"margin-left: 18pt; text-indent: -18pt; text-align: left;\"><span style=\"font-size: 12.0pt;\">Articoli<\/span><\/h3>\n<\/div>\n<p><span class=\".Condello popmake-1941\">F. Condello, <em>Asius fr. 13 Davies (= Bernab\u00e9 = West = Tsagalis). <\/em><em>Note testuali e proposta di esegesi (con qualche osservazione su Duride) <\/em>[<em>Asius fr. 13 Davies (= Bernab\u00e9 = West = Tsagalis). <\/em><em>Textual Notes and Exegetical Hypothesis (with Some Observations on Duris)<\/em>]<\/span><\/p>\n<p><span class=\".Matijasic popmake-1944\">I. Matija\u0161i\u0107, \u0393\u03b5\u03c9\u03bd\u03cc\u03bc\u03bf\u03b9 <em>da Cassio Dione all\u2019Atene del V secolo a.C.<\/em> [\u0393\u03b5\u03c9\u03bd\u03cc\u03bc\u03bf\u03b9 <em>from Cassius Dio to Fifth-Century-BC Athens<\/em>]<\/span><\/p>\n<p><span class=\".Wardle popmake-2049\">D. Wardle, <em>Suetonius, Caesar and a Dream of World-Domination<\/em><\/span><\/p>\n<p><span class=\".Canobbio popmake-2054\">A. Canobbio, <em>Polarizzazione e <\/em>coincidentia oppositorum<em> nelle ville di Plinio il Giovane<\/em> [<em>Polarization and <\/em>coincidentia oppositorum<em> in Pliny\u2019s Villa Letters<\/em>]<\/span><\/p>\n<p><span class=\".Carboni popmake-2057\">T. Carboni, <em>La scelta dei funzionari equestri: relazioni personali o competenze specifiche? <\/em><em>Il caso degli <\/em>ab epistulis<em> del II secolo d.C.<\/em> [<em>The Selection Process of the Roman Equestrian Officials: Personal Relationships or Specific Skills? A Case Study of the Officials <\/em>ab epistulis<em> in the II Century AD<\/em>]<\/span><\/p>\n<p><span class=\".Wibier popmake-2063\">M. Wibier, <em>The So-Called <\/em>Appendices to the Lex Romana Visigothorum<em>. Compilation and Transmission of Three Late Roman Private<\/em><em> Legal Collections<\/em><\/span><\/p>\n<p><span class=\".Gorrini popmake-2066\">M.E. Gorrini - F. Garanzini - S. Paltineri - E. Panero - B. Peverelli - E. Smoquina, <em>Prima delle risaie. Nota preliminare per una ricostruzione del paesaggio storico nel Vercellese occidentale<\/em> [<em>Before the Rice Fields. <\/em><em>Preliminary Considerations for a Reconstruction of the Historic Landscape in the Western Vercelli Area (Piedmont, NW Italy)<\/em>]<a name=\"Anchor-Not-35433\"><\/a><\/span><\/p>\n<p>&nbsp;<\/p>\n<h3 style=\"margin-left: 18.0pt; text-indent: -18.0pt;\"><span style=\"font-size: 12.0pt;\">Note e Discussioni<\/span><\/h3>\n<p><span class=\".Wibier popmake-2071\">M. Wibier, <em>The <\/em>Breviary<em> Part of MS Berlin lat. fol. 270 Was Copied from MS Ivrea XXXV (17)<\/em><\/span><\/p>\n<p><span class=\".Marcone popmake-2074\">A. Marcone, <em>La storia di un\u2019amicizia. Le lettere di Antonio La Penna a Emilio Gabba <\/em>[<em>The Story of a Friendship. The Letters of Antonio La Penna to Emilio Gabba<\/em>]<\/span><\/p>\n<p><span class=\".Grazzini popmake-2076\">S. Grazzini, <em>Riflessioni e ricordi a proposito della <\/em>Conversazione <em>di Antonio La Penna con Arnaldo Marcone <\/em>[<em>Recollections and Reflections on the <\/em>Conversazione <em>of <\/em><em>Antonio La Penna with<\/em> <em>Arnaldo Marcone<\/em>]<a name=\"Anchor-Recension-49687\"><\/a><\/span><\/p>\n<p>&nbsp;<\/p>\n<h3 style=\"margin-left: 18.0pt; text-indent: -18.0pt;\"><span style=\"font-size: 12.0pt;\">Recensioni<\/span><\/h3>\n<p>N. Badoud, <em>Le temps de Rhodes. Une chronologie des inscriptions de la cit\u00e9 fond\u00e9e sur l\u2019\u00e9tude de ses institutions<\/em> (Ch.A. Thomsen - G. Finkielsztejn)<\/p>\n<p>P. Brown, <em>Treasure in Heaven. The Holy Poor in Early Christianity<\/em> (C. Machado)<\/p>\n<p>P. de Fidio - C. Talamo (a c. di), <em>Eforo di Cuma nella storia della storiografia greca<\/em> (F. Pownall)<\/p>\n<p>M.T. Gallego P\u00e9rez, <em>Vida y muerte en el <\/em>Corpus Hippocraticum (F. Giorgianni)<\/p>\n<p>B. Goffaux, <em>La vie publique des cit\u00e9s dans l\u2019Occident romain<\/em> (D. Kremer)<\/p>\n<p>J.\u200b Hammerstaedt - P.-M. Morel - R. G\u00fcremen (ed.),<em> Diogenes of Oinoanda. Epicureanism and Philosophical Debates. Diog\u00e8ne d\u2019Oenoanda. \u00c9picurisme et controverses<\/em>\u200b (N. Pace)<\/p>\n<p>A. Marcone - U. Roberto - I. Tantillo (a c. di), <em>Tolleranza religiosa in et\u00e0 tardoantica, IV-V secolo<\/em> (C. Santi)<\/p>\n<p>J.J. Martos Fern\u00e1ndez (ed.): Gayo Salustio Crispo, <em>Obras<\/em> (R. Funari)<\/p>\n<p>N. Masturzo, <em>Iasos. L'area a Sud dell'<\/em>agor\u00e0, I. <em>Il tempio distilo d'et\u00e0 ecatomnide e l'architettura ionica<\/em> (L. Fuduli)<\/p>\n<p>M. Onorato, <em>Il castone e la gemma. Sulla tecnica poetica di Sidonio Apollinare <\/em>(A. Bruzzone)<\/p>\n<p>D. Paniagua: Sexto Julio Frontino,<em> De aquaeductu urbis Romae. Las canalizaciones de agua de la ciudad de Roma<\/em> (P. Castillo Pascual)<\/p>\n<p>S. Rocchi - C. Mussini (eds.), <em>Imagines Antiquitatis. Representations, Concepts, Receptions of the Past in Roman Antiquity and the Early Italian Renaissance<\/em> (G.M. Masselli)<\/p>\n<p>A. Sass\u00f9, <em>Iktinos l'architetto del Partenone <\/em>(L. Fuduli)<\/p>\n<p>M. Schauer, <em>Der Gallische Krieg. <\/em><em>Geschichte und T\u00e4uschung in Caesars Meisterwerk<\/em> (M. Jehne)<\/p>\n<p>H. Seng - G. Sfameni Gasparro (Hrsg.), <em>Theologische Orakel in der Sp\u00e4tantike<\/em> (F. Ferrari)<\/p>\n<p>A. Stramaglia - S. Grazzini - G. Dimatteo (ed.), <em>Giovenale tra storia, poesia e ideologia<\/em> (F. Ficca)<a name=\"Anchor-Notizi-63154\"><\/a><\/p>\n<p>&nbsp;<\/p>\n<h3 style=\"margin-left: 18.0pt; text-indent: -18.0pt;\"><span style=\"font-size: 12.0pt;\">Notizie di Pubblicazioni<\/span><\/h3>\n<p>Biblia, <em>Vademecum per il lettore della Bibbia<\/em>, 2<sup>a<\/sup> ed. riv. e ampliata a c. di P. Capelli e G. Menestrina (C. Bevegni)<\/p>\n<p>S. Briguglio, <em>Fraternas acies<\/em><em>. Saggio di commento a Stazio, <\/em><em>Tebaide<\/em><em>, 1, 1-389<\/em> (A. Sacerdoti)<\/p>\n<p>L. Fabbri, <em>Il papavero da oppio nella cultura e nella religione romana<\/em> (F. Gasti)<\/p>\n<p>&nbsp;<\/p>\n<p>Pubblicazioni ricevute<a name=\"Anchor-Fascicol-10032\"><\/a><\/p>\n<p>&nbsp;<\/p>\n<p>&nbsp;<\/p>\n<p align=\"center\"><b><i><span style=\"font-size: 11.0pt;\">Fascicolo 2<\/span><\/i><\/b><\/p>\n<p align=\"center\"><b><i><span style=\"font-size: 11.0pt;\">(pubblicazione: ottobre 2020)<\/span><\/i><\/b><\/p>\n<p><a name=\"Anchor-Articol-24888\"><\/a><\/p>\n<p style=\"text-align: left;\" align=\"center\">D. Mantovani, <em>Jean-Louis Ferrary<\/em><\/p>\n<h3 style=\"margin-left: 18pt; text-indent: -18pt; text-align: left;\"><span style=\"font-size: 12.0pt;\">Articoli<\/span><\/h3>\n<p><span class=\".Rodriguez popmake-2079\">H. Rodr\u00edguez Somolinos,<em> Odysseus, the Blood and the Sword (<\/em>Od.<em> 11.81-83). Spatial Relationships and the Alleged Use of the Locative <\/em>\u1f10\u03c0\u1f77<em> without Contact<\/em><\/span><\/p>\n<p><span class=\".Cappelletti popmake-2081\">L. Cappelletti,<em> Sacerdozi eponimi di Sicilia: il caso siracusano <\/em>[<em>Eponymous Priesthoods of Sicily: the Syracusan Case<\/em>]<\/span><\/p>\n<p><span class=\".Squillace popmake-2083\">G. Squillace, <em>Considerazioni sull\u2019identit\u00e0 di Cefisodoro (<\/em>FGrHist <em>112 = <\/em>BNJ <em>112): retore ateniese o storico tebano? <\/em>[<em>Notes on Kephisodoros\u2019 Identity (<\/em>FGrHist<em> 112 = <\/em>BNJ<em> 112): Athenian Rhetorician or Theban Historian?<\/em>]<\/span><\/p>\n<p><span class=\".Ballesteros popmake-2086\">L. Ballesteros Pastor, <em>Quien da primero, da dos veces. Intrigas din\u00e1sticas en el ascenso al poder de Mitr\u00eddates Eup\u00e1tor <\/em>[<em>He Who Strikes First, Strikes Twice. Dynastic Intrigues in Mithridates Eupator\u2019s Accession to Power<\/em>]<\/span><\/p>\n<p><span class=\".Martinez popmake-2088\">D. Mart\u00ednez Chico - A. Gonz\u00e1lez Garc\u00eda, Tessera<em> con ep\u00edgrafe M\u2022ACI MAX y su posible identificaci\u00f3n <\/em>[Tessera <em>with Epigraph M\u2022ACI MAX and Its Possible Identification<\/em>]<\/span><\/p>\n<p><span class=\".Hubner popmake-2090\">W. H\u00fcbner, <em>Die \u00fcbergriffige Jungfrau. Die Sternbilder <\/em>Leo<em> und <\/em>Virgo<em> in Ovids <\/em>Ars amatoria [<em>The Encroaching Virgin. The Neighbouring Signs of <\/em>Leo<em> and <\/em>Virgo<em> in Ovid\u2019s <\/em>Ars amatoria]<\/span><\/p>\n<p><span class=\".Costa popmake-2092\">P. Costa, <em>Le scene di tumulto negli <\/em>Atti degli apostoli<em>. <\/em><em>Comparazioni euristiche con opere letterarie coeve <\/em>[<em>The Mob Scenes in the <\/em>Acts of the Apostles<em>. Heuristic Comparisons with Contemporary Literature<\/em>]<\/span><\/p>\n<p><span class=\".Sansone popmake-2095\">A. Sansone, <em>Epigrafi dimenticate e inedite dal circondario di Tricarico (MT) <\/em>[<em>New and Forgotten Epigraphs from the Territory of Tricarico (MT)<\/em>]<\/span><\/p>\n<p><span class=\".Sisul popmake-2098\">A.C. Sisul, <em>La superaci\u00f3n del sentido traum\u00e1tico de la <\/em>mors immatura<em> en el cent\u00f3n cristiano <\/em>De Verbi Incarnatione [<em>Overcoming the Trauma of <\/em>mors immatura <em>in the Christian Cento <\/em>De Verbi Incarnatione]<\/span><\/p>\n<p><span class=\".Motta popmake-2100\">A. Motta, <em>Viaggi educativi e migrazioni culturali. \u2018Geo-storia\u2019 delle scuole platoniche nella tarda antichit\u00e0 <\/em>[<em>Educational Travels and Cultural Migrations. <\/em><em>A 'Geo-History' of Platonic Schools in Late Antiquity<\/em>]<\/span><\/p>\n<p><span class=\".Arveni popmake-2103\">M. Arveni, Solisque scholis iussit esse contentum palatinis et protectorum cum Scutariis et Gentilibus<em>.<\/em> <em>Ricerche sui reparti d\u2019\u00e9lite dell\u2019esercito romano tardoantico <\/em>[Solisque scholis iussit esse contentum palatinis et protectorum cum Scutariis et Gentilibus<em>. <\/em><em>Research on the Elite Units of the Roman Army of Late Antiquity<\/em>]<\/span><a name=\"Anchor-Not-38131\"><\/a><\/p>\n<p>&nbsp;<\/p>\n<h3 style=\"margin-left: 1.0cm; text-indent: -1.0cm;\"><span style=\"font-size: 12.0pt;\">Note e Discussioni<\/span><\/h3>\n<p><span class=\".Settecase popmake-2129\">M. Settecase, Quaestiones Plutarcheae<em>. Nota testuale ad<\/em> adv. Col. <em>1115C<\/em> [Quaestiones Plutarcheae<em>. A Textual Note on<\/em> adv. Col. <em>1115C<\/em>]<\/span><\/p>\n<p><span class=\".Arcaria popmake-2126\">F. Arcaria, <em>Edoardo Volterra ed i <\/em>senatus consulta [<em>Edoardo Volterra and the <\/em>senatus consulta]<\/span><\/p>\n<p>N.A. Highcock - B. Yola\u00e7an - L. d'Alfonso, <em>Archaeological Excavations at Ni\u011fde-K\u0131n\u0131k H\u00f6y\u00fck. Campaigns 2018-2019<\/em><a name=\"Anchor-Recension-50456\"><\/a><\/p>\n<p>&nbsp;<\/p>\n<h3 style=\"margin-left: 1.0cm; text-indent: -1.0cm;\"><span style=\"font-size: 12.0pt;\">Recensioni<\/span><\/h3>\n<p>C. Addey, <em>Divination and Theurgy in Neoplatonism Oracles of the Gods<\/em> (M. Abbate)<\/p>\n<p>L. Aresi, <em>Nel giardino di Pomona. Le <\/em>Metamorfosi<em> di Ovidio e l\u2019invenzione di una mitologia in terra d\u2019Italia<\/em> (L. Galasso)<\/p>\n<p>J. Briscoe (ed.): Titi Livi<em> Ab urbe condita<\/em>, Tomus III. <em>Libri XXI-XXV<\/em> (F. Feraco)<\/p>\n<p>L. Carrara (ed.), <em>L'indovino Poliido<\/em><em>. Eschilo, <\/em><em>Le cretesi<\/em><em>. Sofocle, <\/em><em>Manteis<\/em><em>. Euripide, <\/em><em>Poliido<\/em><em> (M. Di Stefano)<\/em><\/p>\n<p>G.A. Cecconi - A. Raggi - E. Salomone Gaggero (ed.), <em>Epigrafia e societ\u00e0 dell\u2019Etruria romana<\/em> (E. Bianchi)<\/p>\n<p>F. Cenerini - I.G. Mastrorosa (a c. di), <em>Donne, istituzioni e societ\u00e0 fra tardo antico e alto medioevo<\/em> (F. Cannas)<\/p>\n<p>F. De Angelis,<em> Archaic and Classical Greek Sicily. A Social and Economic History<\/em> (F. Muscolino)<\/p>\n<p>V. Fromentin - E. Bertrand - M. Coltelloni-Trannoy - M. Molin - G. Urso (ouvrage \u00e9dit\u00e9 par), <em>Cassius Dion: nouvelles lectures<\/em> (A. Valvo)<\/p>\n<p>F. Gasti (a c. di): Blossio Emilio Draconzio, <em>Medea<\/em> (A.M. Wasyl)<\/p>\n<p>F. Giannotti, Sperare meliora. <em>Il terzo libro delle <\/em>Epistulae <em>di Sidonio Apollinare<\/em> (L. Furbetta)<\/p>\n<p>M.E. Gorrini, <em>Eroi salutari dell\u2019Attica. Per un\u2019archeologia dei cosiddetti culti eroici salutari della regione<\/em> (F. Muscolino)<\/p>\n<p>M. Haake - A.-C. Harders (Hg.), <em>Politische Kultur und Soziale Struktur der R\u00f6mischen Republik. <\/em><em>Bilanzen und Perspektiven<\/em> (A. Ganter)<\/p>\n<p>A. La Rocca - F. Oppedisano, <em>Il senato romano nell\u2019Italia ostrogota<\/em> (P. Garbarino)<\/p>\n<p>C. Le Feuvre, \u1f4d\u03bc\u03b7\u03c1\u03bf\u03c2 \u03b4\u03cd\u03c3\u03b3\u03bd\u03c9\u03c3\u03c4\u03bf\u03c2. <em>R\u00e9interpr\u00e9tations de termes hom\u00e9riques en grec archa\u00efque et classique<\/em> (A. Taddei)<\/p>\n<p>P. Mart\u00ednez Astorino, <em>La apoteosis en las <\/em>Metamorfosis<em> de Ovidio. Dise\u00f1o estructural, mitologizaci\u00f3n y 'lectura' en la representaci\u00f3n de apoteosis y sus contextos<\/em> (S. Casali)<\/p>\n<p>F.-H. Massa-Pairault - C. Pouzadoux (sous la dir. de), <em>G\u00e9ants et Gigantomachies entre Orient et Occident<\/em> (V. Gigante Lanzara)<\/p>\n<p>J. Opsomer - G. Roskam - F.B. Titchener (eds.), <em>A Versatile Gentleman. Consistency in Plutarch\u2019s Writing. Studies Offered to Luc Van der Stockt on the Occasion of His Retirement<\/em> (F. Ferrari)<\/p>\n<p>I.E. Ramelli, <em>Social Justice and the Legitimacy of Slavery. The Role of Philosophical Ascetism from Ancient Judaism to Late Antiquity<\/em> (U. Roth)<\/p>\n<p>K. Rosen, <em>Attila. Der Schrecken der Welt. Eine Biographie<\/em> (S. Rendina)<\/p>\n<p>J. Seng - L.G. Soares Santoprete - Ch. Tommasi (Hg.), <em>Formen und Nebenformen des Platonismus in der Sp\u00e4tantike<\/em> (F. Ferrari)<\/p>\n<p>M. Taufer (ed.), <em>Studi sulla commedia attica<\/em> (A.M. Belardinelli)<\/p>\n<p>C.V. Tufano, <em>Lingue tecniche e retorica dei generi letterari nelle <\/em>Eclogae<em> di G. Pontano<\/em> (H. Casanova-Robin)<a name=\"Anchor-Notizi-64396\"><\/a><\/p>\n<p>&nbsp;<\/p>\n<h3 style=\"margin-left: 1.0cm; text-indent: -1.0cm;\"><span style=\"font-size: 12.0pt;\">Notizie di Pubblicazioni<\/span><\/h3>\n<p>L. Battezzato (ed.): Euripides, <em>Hecuba<\/em> (I. Managlia)<\/p>\n<p>I. Von Bredow, <em>Kontaktzone Vorderer Orient und A\u0308gypten. Orte, Situationen und Bedingungen fu\u0308r prima\u0308re griechisch-orientalische Kontakte vom 10. bis zum 6. Jahrhundert v.Chr.<\/em> (M. De Pietri)<\/p>\n<p>M.T. Schettino - C. Urlacher-Becht (sous la dir. de), Ipse dixit.<em> L'autorit\u00e9 intellectuelle des Anciens: affirmation, appropriations, d\u00e9tournements<\/em> (A. Marcone)<\/p>\n<p>S. Schottenius Cullhed - M. Malm (eds.), <em>Reading Late Antiquity <\/em>(A. Marcone)<\/p>\n<p>&nbsp;<\/p>\n<p>Pubblicazioni ricevute<\/p>\n<p>Elenco dei collaboratori dell'annata 2020<\/p>\n<p>Elenco dei revisori che hanno valutato gli articoli proposti ad \u00abAthenaeum\u00bb nel periodo 2018-2020<\/p>\n<p>Indice generale<\/p>\n<p>&nbsp;<\/p>\n<p>Elenco delle pubblicazioni periodiche ricevute in cambio di \u00abAthenaeum\u00bb e donate alla Biblioteca di Studi Umanistici dell'Universit\u00e0 di Pavia<\/p>\n<\/div>\n<\/div><\/div><\/div><\/div><\/div><\/div>","protected":false},"excerpt":{"rendered":"<p>Athenaeum Indice dell\u2019annata 2020 Fascicol 1 &nbsp; Articoli Note e discussioni Recensioni Notizie di pubblicazione &nbsp; Fascicolo 2 Articoli Note e discussioni Recensioni Notizie di pubblicazione Fascicolo 1 (pubblicazione: maggio 2020) &nbsp; Articoli F. Condello, Asius fr. 13 Davies (= Bernab\u00e9 = West = Tsagalis). Note testuali e proposta di esegesi (con qualche osservazione su&hellip;&nbsp;<a href=\"https:\/\/athenaeum.unipv.it\/index.php\/ath46-2020\/\" class=\"\" rel=\"bookmark\">Leggi tutto &raquo;<span class=\"screen-reader-text\">ATH46-2020<\/span><\/a><\/p>\n","protected":false},"author":1,"featured_media":0,"parent":0,"menu_order":0,"comment_status":"closed","ping_status":"closed","template":"","meta":{"neve_meta_sidebar":"full-width","neve_meta_container":"","neve_meta_enable_content_width":"on","neve_meta_content_width":100,"neve_meta_title_alignment":"","neve_meta_author_avatar":"","neve_post_elements_order":"","neve_meta_disable_header":"","neve_meta_disable_footer":"","neve_meta_disable_title":"","_themeisle_gutenberg_block_has_review":false,"_ti_tpc_template_sync":false,"_ti_tpc_template_id":""},"acf":[],"_links":{"self":[{"href":"https:\/\/athenaeum.unipv.it\/index.php\/wp-json\/wp\/v2\/pages\/836"}],"collection":[{"href":"https:\/\/athenaeum.unipv.it\/index.php\/wp-json\/wp\/v2\/pages"}],"about":[{"href":"https:\/\/athenaeum.unipv.it\/index.php\/wp-json\/wp\/v2\/types\/page"}],"author":[{"embeddable":true,"href":"https:\/\/athenaeum.unipv.it\/index.php\/wp-json\/wp\/v2\/users\/1"}],"replies":[{"embeddable":true,"href":"https:\/\/athenaeum.unipv.it\/index.php\/wp-json\/wp\/v2\/comments?post=836"}],"version-history":[{"count":57,"href":"https:\/\/athenaeum.unipv.it\/index.php\/wp-json\/wp\/v2\/pages\/836\/revisions"}],"predecessor-version":[{"id":2131,"href":"https:\/\/athenaeum.unipv.it\/index.php\/wp-json\/wp\/v2\/pages\/836\/revisions\/2131"}],"wp:attachment":[{"href":"https:\/\/athenaeum.unipv.it\/index.php\/wp-json\/wp\/v2\/media?parent=836"}],"curies":[{"name":"wp","href":"https:\/\/api.w.org\/{rel}","templated":true}]}}